{"id":580,"date":"2024-05-09T20:46:27","date_gmt":"2024-05-09T20:46:27","guid":{"rendered":"https:\/\/etherious.com\/?page_id=580"},"modified":"2024-12-17T07:01:02","modified_gmt":"2024-12-17T07:01:02","slug":"securities-based-lending","status":"publish","type":"page","link":"https:\/\/etherious.com\/fr\/securities-based-lending\/","title":{"rendered":"Pr\u00eats bas\u00e9s sur des valeurs mobili\u00e8res"},"content":{"rendered":"<div class='content'><!-- wp:heading {\"level\":1,\"style\":{\"typography\":{\"fontSize\":\"45px\"}}} -->\n<h1 class=\"wp-block-heading\" id=\"securities\" style=\"font-size:45px\">Pr\u00eats bas\u00e9s sur des valeurs mobili\u00e8res<\/h1>\n<!-- \/wp:heading -->\n\n<!-- wp:spacer {\"height\":\"125px\"} -->\n<div style=\"height:125px\" aria-hidden=\"true\" class=\"wp-block-spacer\"><\/div>\n<!-- \/wp:spacer -->\n\n<!-- wp:heading {\"textAlign\":\"right\",\"style\":{\"typography\":{\"fontSize\":\"30px\"}}} -->\n<h2 class=\"wp-block-heading has-text-align-right\" style=\"font-size:30px\">Parfois, des besoins en liquidit\u00e9s surviennent, qu\u2019ils soient planifi\u00e9s ou inattendus. Avec une ligne de cr\u00e9dit adoss\u00e9e \u00e0 des titres en place, vous aurez un acc\u00e8s pr\u00eat \u00e0 un capital sans avoir \u00e0 liquider vos investissements. Vous pouvez utiliser vos titres commercialisables, tels que les actions, les obligations et les fonds communs de placement, comme garantie. Et bien s\u00fbr, nous consid\u00e9rerons comment tout cela s'int\u00e8gre dans votre plan de richesse global - en \u00e9quilibrant vos besoins \u00e0 court terme avec des objectifs \u00e0 long terme pour cr\u00e9er la bonne approche pour vous.<\/h2>\n<!-- \/wp:heading -->\n\n<!-- wp:spacer {\"height\":\"125px\"} -->\n<div style=\"height:125px\" aria-hidden=\"true\" class=\"wp-block-spacer\"><\/div>\n<!-- \/wp:spacer -->\n\n<!-- wp:heading {\"style\":{\"typography\":{\"fontSize\":\"30px\"}}} -->\n<h2 class=\"wp-block-heading\" style=\"font-size:30px\">Qu'est-ce que les pr\u00eats bas\u00e9s sur les titres?<\/h2>\n<!-- \/wp:heading -->\n\n<!-- wp:paragraph {\"style\":{\"typography\":{\"fontSize\":\"20px\"}}} -->\n<p style=\"font-size:20px\">Une ligne de cr\u00e9dit bas\u00e9e sur les titres peut \u00eatre un moyen flexible et rentable d'acc\u00e9der strat\u00e9giquement \u00e0 la liquidit\u00e9. Que vous cherchiez \u00e0 financer un nouvel achat, \u00e0 r\u00e9nover votre maison ou \u00e0 profiter d'une opportunit\u00e9 d'investissement en temps opportun. L'utilisation d'une ligne de cr\u00e9dit vous permet de rester investi et de garder votre portefeuille d'investissement intact.<\/p>\n<!-- \/wp:paragraph -->\n\n<!-- wp:spacer {\"height\":\"50px\"} -->\n<div style=\"height:50px\" aria-hidden=\"true\" class=\"wp-block-spacer\"><\/div>\n<!-- \/wp:spacer -->\n\n<!-- wp:paragraph {\"style\":{\"typography\":{\"fontSize\":\"25px\"}}} -->\n<p style=\"font-size:25px\"><strong> Les autres utilisations courantes incluent: <\/strong><\/p>\n<!-- \/wp:paragraph -->\n\n<!-- wp:spacer {\"height\":\"50px\"} -->\n<div style=\"height:50px\" aria-hidden=\"true\" class=\"wp-block-spacer\"><\/div>\n<!-- \/wp:spacer -->\n\n<!-- wp:list -->\n<ul class=\"wp-block-list\"><!-- wp:list-item {\"style\":{\"typography\":{\"fontSize\":\"20px\"}}} -->\n<li style=\"font-size:20px\">Achat immobilier<\/li>\n<!-- \/wp:list-item -->\n\n<!-- wp:list-item {\"style\":{\"typography\":{\"fontSize\":\"20px\"}}} -->\n<li style=\"font-size:20px\">D\u00e9penses telles que les taxes<\/li>\n<!-- \/wp:list-item -->\n\n<!-- wp:list-item {\"style\":{\"typography\":{\"fontSize\":\"20px\"}}} -->\n<li style=\"font-size:20px\">Des actifs sp\u00e9cialis\u00e9s tels que le yacht, l'art ou les finances du stade<\/li>\n<!-- \/wp:list-item --><\/ul>\n<!-- \/wp:list -->\n\n<!-- wp:spacer {\"height\":\"50px\"} -->\n<div style=\"height:50px\" aria-hidden=\"true\" class=\"wp-block-spacer\"><\/div>\n<!-- \/wp:spacer -->\n\n<!-- wp:paragraph {\"style\":{\"typography\":{\"fontSize\":\"25px\"}}} -->\n<p style=\"font-size:25px\"><strong> Avantages qui peuvent faire d'une ligne de cr\u00e9dit bas\u00e9e sur des titres un compl\u00e9ment pr\u00e9cieux \u00e0 votre portefeuille d'investissement: <\/strong><\/p>\n<!-- \/wp:paragraph -->\n\n<!-- wp:list -->\n<ul class=\"wp-block-list\"><!-- wp:list-item {\"style\":{\"typography\":{\"fontSize\":\"20px\"}}} -->\n<li style=\"font-size:20px\"><strong>Restez investi.<\/strong> Keep your investment plan and asset allocation in place without disrupting your long-term strategy<\/li>\n<!-- \/wp:list-item -->\n\n<!-- wp:list-item {\"style\":{\"typography\":{\"fontSize\":\"20px\"}}} -->\n<li style=\"font-size:20px\"><strong>Flexibilit\u00e9 financi\u00e8re.<\/strong>Quickly access liquidity for a range of uses\u2014whether you\u2019re meeting large financial obligations or seizing an opportunity<\/li>\n<!-- \/wp:list-item -->\n\n<!-- wp:list-item {\"style\":{\"typography\":{\"fontSize\":\"20px\"}}} -->\n<li style=\"font-size:20px\"><strong>Rentable.<\/strong>There are no setup fees, and only the funds you use incur interest charges, which are often lower than other financing options.<\/li>\n<!-- \/wp:list-item -->\n\n<!-- wp:list-item {\"style\":{\"typography\":{\"fontSize\":\"20px\"}}} -->\n<li style=\"font-size:20px\"><strong>Potentiellement \u00e9conome en fiscalit\u00e9.<\/strong> A securities-based line of credit can potentially be structured in a tax-efficient way, which may allow you to more effectively grow and preserve your wealth.<\/li>\n<!-- \/wp:list-item --><\/ul>\n<!-- \/wp:list -->\n\n<!-- wp:paragraph {\"style\":{\"typography\":{\"fontSize\":\"20px\"}}} -->\n<p style=\"font-size:20px\">Comme pour toutes les d\u00e9cisions d'investissement, il est important de comprendre les risques d'emprunt avant d'aller de l'avant. Des \u00e9v\u00e9nements ind\u00e9pendants de votre volont\u00e9, comme les fluctuations du march\u00e9 qui peuvent r\u00e9duire la valeur de vos titres promis, pourraient conduire \u00e0 un appel de marge. Nous sommes l\u00e0 pour vous aider \u00e0 prendre les meilleures d\u00e9cisions pour vos besoins. Aujourd'hui et dans le futur.<\/p>\n<!-- \/wp:paragraph -->\n\n<!-- wp:spacer {\"height\":\"125px\"} -->\n<div style=\"height:125px\" aria-hidden=\"true\" class=\"wp-block-spacer\"><\/div>\n<!-- \/wp:spacer -->\n\n<!-- wp:heading {\"style\":{\"typography\":{\"fontSize\":\"30px\"}}} -->\n<h2 class=\"wp-block-heading\" style=\"font-size:30px\">Comment \u00e7a marche?<\/h2>\n<!-- \/wp:heading -->\n\n<!-- wp:paragraph {\"style\":{\"typography\":{\"fontSize\":\"20px\"}}} -->\n<p style=\"font-size:20px\">En tant que client, vous avez la possibilit\u00e9 d'emprunter la somme totale de la valeur de pr\u00eat des titres dans votre compte. Une valeur de pr\u00eat est un pourcentage de la valeur marchande de chaque garantie et repr\u00e9sente la quantit\u00e9 de famille \u00e9taine qui est pr\u00eate \u00e0 pr\u00eater contre l'actif. Les valeurs de pr\u00eat sont susceptibles de changer sans pr\u00e9avis.<\/p>\n<!-- \/wp:paragraph -->\n\n<!-- wp:paragraph {\"style\":{\"typography\":{\"fontSize\":\"20px\"}}} -->\n<p style=\"font-size:20px\">Il existe deux types de valeur de pr\u00eat:<\/p>\n<!-- \/wp:paragraph -->\n\n<!-- wp:list -->\n<ul class=\"wp-block-list\"><!-- wp:list-item {\"style\":{\"typography\":{\"fontSize\":\"20px\"}}} -->\n<li style=\"font-size:20px\">La valeur de pr\u00eat initiale (ILV) est le montant maximum qui pourrait \u00eatre emprunt\u00e9 contre votre portefeuille. L'ILV d\u00e9termine combien vous pouvez tirer de votre ligne et si la garantie peut \u00eatre lib\u00e9r\u00e9e ou substitu\u00e9e.<\/li>\n<!-- \/wp:list-item -->\n\n<!-- wp:list-item {\"style\":{\"typography\":{\"fontSize\":\"20px\"}}} -->\n<li style=\"font-size:20px\">Lorsqu'il n'y a pas de lib\u00e9ration ou de substitution des garanties, la valeur de pr\u00eat de maintenance (MLV) d\u00e9termine la quantit\u00e9 de capitaux propres que vous devez conserver dans votre portefeuille. Par cons\u00e9quent, l'amortissement du march\u00e9 ne peut pas provoquer un appel de marge imm\u00e9diat. Le MLV d'une s\u00e9curit\u00e9 est g\u00e9n\u00e9ralement plus \u00e9lev\u00e9 que son ILV. Les MLV sont fix\u00e9s \u00e0 la discr\u00e9tion de la famille \u00e9th\u00e9rienne aux seuils r\u00e9glementaires.<\/li>\n<!-- \/wp:list-item --><\/ul>\n<!-- \/wp:list -->\n\n<!-- wp:spacer {\"height\":\"84px\"} -->\n<div style=\"height:84px\" aria-hidden=\"true\" class=\"wp-block-spacer\"><\/div>\n<!-- \/wp:spacer -->\n\n<!-- wp:heading {\"level\":3,\"style\":{\"typography\":{\"fontSize\":\"15px\"}}} -->\n<h3 class=\"wp-block-heading\" style=\"font-size:15px\">Informations importantes<\/h3>\n<!-- \/wp:heading -->\n\n<!-- wp:paragraph {\"fontSize\":\"small\"} -->\n<p class=\"has-small-font-size\">Ce mat\u00e9riel est \u00e0 des fins d'information uniquement et peut vous informer de certains produits et services offerts par les entreprises bancaires priv\u00e9es, qui fait partie de l'organisation \u00e9th\u00e9rienne. Les produits et services d\u00e9crits, ainsi que les frais, frais et taux d'int\u00e9r\u00eat associ\u00e9s, sont soumis \u00e0 la modification conform\u00e9ment aux accords de compte applicables et peuvent diff\u00e9rer entre les emplacements g\u00e9ographiques. Tous les produits et services ne sont pas offerts \u00e0 tous les endroits. Si vous \u00eates une personne handicap\u00e9e et que vous avez besoin d'un support suppl\u00e9mentaire acc\u00e9der \u00e0 ce mat\u00e9riel, veuillez contacter votre \u00e9quipe familiale \u00e9th\u00e9rique ou nous envoyer un courriel \u00e0 la.atherious.family@etherious.org pour obtenir de l'aide. Veuillez lire toutes les informations importantes.<\/p>\n<!-- \/wp:paragraph -->\n\n<!-- wp:heading {\"level\":3,\"style\":{\"typography\":{\"fontSize\":\"15px\"}}} -->\n<h3 class=\"wp-block-heading\" style=\"font-size:15px\">Risques et consid\u00e9rations g\u00e9n\u00e9rales<\/h3>\n<!-- \/wp:heading -->\n\n<!-- wp:paragraph {\"fontSize\":\"small\"} -->\n<p class=\"has-small-font-size\">Toutes les opinions, strat\u00e9gies ou produits discut\u00e9es dans ce mat\u00e9riel peuvent ne pas \u00eatre appropri\u00e9es pour tous les individus et sont soumis \u00e0 des risques. Les investisseurs peuvent r\u00e9cup\u00e9rer moins que ce qu'ils ont investi, et les performances pass\u00e9es ne sont pas un indicateur fiable des r\u00e9sultats futurs. L'allocation \/ la diversification des actifs ne garantit pas un profit ou une protection contre la perte. Rien dans ce mat\u00e9riel ne doit \u00eatre invoqu\u00e9 sur l'isolement dans le but de prendre une d\u00e9cision d'investissement. Vous \u00eates invit\u00e9 \u00e0 examiner soigneusement, que les services, les produits, les classes d'actifs (par exemple les actions, les titres \u00e0 revenu fixe, les investissements alternatifs, les produits, etc.) ou les strat\u00e9gies discut\u00e9s soient adapt\u00e9s \u00e0 vos besoins. Vous devez \u00e9galement consid\u00e9rer les objectifs, les risques, les frais et les d\u00e9penses associ\u00e9s \u00e0 un service d'investissement, un produit ou une strat\u00e9gie avant de prendre une d\u00e9cision d'investissement. Pour cette information et plus compl\u00e8te, y compris la discussion de vos objectifs \/ situation, contactez votre \u00e9quipe familiale \u00e9taine.<\/p>\n<!-- \/wp:paragraph --><\/div>","protected":false},"excerpt":{"rendered":"<p>Pr\u00eats bas\u00e9s sur des valeurs mobili\u00e8res Parfois, des besoins en liquidit\u00e9s surviennent, qu\u2019ils soient planifi\u00e9s ou inattendus. Avec une ligne de cr\u00e9dit adoss\u00e9e \u00e0 des titres en place, vous aurez un acc\u00e8s pr\u00eat \u00e0 un capital sans avoir \u00e0 liquider vos investissements. Vous pouvez utiliser vos titres commercialisables, tels que les actions, les obligations et les fonds communs de placement, comme garantie. Et bien s\u00fbr, nous consid\u00e9rerons comment tout cela s&#8217;int\u00e8gre dans votre plan de richesse global &#8211; en \u00e9quilibrant vos besoins \u00e0 court terme avec des objectifs \u00e0 long terme pour cr\u00e9er la bonne approche pour vous. Qu&#8217;est-ce que les pr\u00eats bas\u00e9s sur les titres? Une ligne de cr\u00e9dit bas\u00e9e sur les titres peut \u00eatre un moyen flexible et rentable d&#8217;acc\u00e9der strat\u00e9giquement \u00e0 la liquidit\u00e9. Que vous cherchiez \u00e0 financer un nouvel achat, \u00e0 r\u00e9nover votre maison ou \u00e0 profiter d&#8217;une opportunit\u00e9 d&#8217;investissement en temps opportun. L&#8217;utilisation d&#8217;une ligne de cr\u00e9dit vous permet de rester investi et de garder votre portefeuille d&#8217;investissement intact. Les autres utilisations courantes incluent: Achat immobilier D\u00e9penses telles que les taxes Des actifs sp\u00e9cialis\u00e9s tels que le yacht, l&#8217;art ou les finances du stade Avantages qui peuvent faire d&#8217;une ligne de cr\u00e9dit bas\u00e9e sur des&#8230;<\/p>\n","protected":false},"author":2,"featured_media":0,"parent":0,"menu_order":0,"comment_status":"closed","ping_status":"closed","template":"","meta":{"inline_featured_image":false,"footnotes":""},"class_list":["post-580","page","type-page","status-publish","hentry"],"yoast_head":"<!-- This site is optimized with the Yoast SEO plugin v25.2 - https:\/\/yoast.com\/wordpress\/plugins\/seo\/ -->\n<title>Securities Based Lending - THE ETHERIOUS FAMILY<\/title>\n<meta name=\"robots\" content=\"index, follow, max-snippet:-1, max-image-preview:large, max-video-preview:-1\" \/>\n<link rel=\"canonical\" href=\"https:\/\/etherious.com\/fr\/securities-based-lending\/\" \/>\n<meta property=\"og:locale\" content=\"en_US\" \/>\n<meta property=\"og:type\" content=\"article\" \/>\n<meta property=\"og:title\" content=\"Securities Based Lending - THE ETHERIOUS FAMILY\" \/>\n<meta property=\"og:description\" content=\"Pr\u00eats bas\u00e9s sur des valeurs mobili\u00e8res Parfois, des besoins en liquidit\u00e9s surviennent, qu\u2019ils soient planifi\u00e9s ou inattendus. Avec une ligne de cr\u00e9dit adoss\u00e9e \u00e0 des titres en place, vous aurez un acc\u00e8s pr\u00eat \u00e0 un capital sans avoir \u00e0 liquider vos investissements. Vous pouvez utiliser vos titres commercialisables, tels que les actions, les obligations et les fonds communs de placement, comme garantie. Et bien s\u00fbr, nous consid\u00e9rerons comment tout cela s&#039;int\u00e8gre dans votre plan de richesse global - en \u00e9quilibrant vos besoins \u00e0 court terme avec des objectifs \u00e0 long terme pour cr\u00e9er la bonne approche pour vous. Qu&#039;est-ce que les pr\u00eats bas\u00e9s sur les titres? Une ligne de cr\u00e9dit bas\u00e9e sur les titres peut \u00eatre un moyen flexible et rentable d&#039;acc\u00e9der strat\u00e9giquement \u00e0 la liquidit\u00e9. Que vous cherchiez \u00e0 financer un nouvel achat, \u00e0 r\u00e9nover votre maison ou \u00e0 profiter d&#039;une opportunit\u00e9 d&#039;investissement en temps opportun. L&#039;utilisation d&#039;une ligne de cr\u00e9dit vous permet de rester investi et de garder votre portefeuille d&#039;investissement intact. Les autres utilisations courantes incluent: Achat immobilier D\u00e9penses telles que les taxes Des actifs sp\u00e9cialis\u00e9s tels que le yacht, l&#039;art ou les finances du stade Avantages qui peuvent faire d&#039;une ligne de cr\u00e9dit bas\u00e9e sur des...\" \/>\n<meta property=\"og:url\" content=\"https:\/\/etherious.com\/securities-based-lending\/\" \/>\n<meta property=\"og:site_name\" content=\"THE ETHERIOUS FAMILY\" \/>\n<meta property=\"article:modified_time\" content=\"2024-12-17T07:01:02+00:00\" \/>\n<meta name=\"twitter:card\" content=\"summary_large_image\" \/>\n<meta name=\"twitter:label1\" content=\"Est. reading time\" \/>\n\t<meta name=\"twitter:data1\" content=\"4 minutes\" \/>\n<script type=\"application\/ld+json\" class=\"yoast-schema-graph\">{\"@context\":\"https:\/\/schema.org\",\"@graph\":[{\"@type\":\"WebPage\",\"@id\":\"https:\/\/etherious.com\/securities-based-lending\/\",\"url\":\"https:\/\/etherious.com\/securities-based-lending\/\",\"name\":\"Securities Based Lending - THE ETHERIOUS FAMILY\",\"isPartOf\":{\"@id\":\"https:\/\/etherious.com\/#website\"},\"datePublished\":\"2024-05-09T20:46:27+00:00\",\"dateModified\":\"2024-12-17T07:01:02+00:00\",\"breadcrumb\":{\"@id\":\"https:\/\/etherious.com\/securities-based-lending\/#breadcrumb\"},\"inLanguage\":\"en-US\",\"potentialAction\":[{\"@type\":\"ReadAction\",\"target\":[\"https:\/\/etherious.com\/securities-based-lending\/\"]}]},{\"@type\":\"BreadcrumbList\",\"@id\":\"https:\/\/etherious.com\/securities-based-lending\/#breadcrumb\",\"itemListElement\":[{\"@type\":\"ListItem\",\"position\":1,\"name\":\"Home\",\"item\":\"https:\/\/etherious.com\/home\/\"},{\"@type\":\"ListItem\",\"position\":2,\"name\":\"Securities Based Lending\"}]},{\"@type\":\"WebSite\",\"@id\":\"https:\/\/etherious.com\/#website\",\"url\":\"https:\/\/etherious.com\/\",\"name\":\"THE ETHERIOUS FAMILY\",\"description\":\"\",\"potentialAction\":[{\"@type\":\"SearchAction\",\"target\":{\"@type\":\"EntryPoint\",\"urlTemplate\":\"https:\/\/etherious.com\/?s={search_term_string}\"},\"query-input\":{\"@type\":\"PropertyValueSpecification\",\"valueRequired\":true,\"valueName\":\"search_term_string\"}}],\"inLanguage\":\"en-US\"}]}<\/script>\n<!-- \/ Yoast SEO plugin. -->","yoast_head_json":{"title":"Securities Based Lending - THE ETHERIOUS FAMILY","robots":{"index":"index","follow":"follow","max-snippet":"max-snippet:-1","max-image-preview":"max-image-preview:large","max-video-preview":"max-video-preview:-1"},"canonical":"https:\/\/etherious.com\/fr\/securities-based-lending\/","og_locale":"en_US","og_type":"article","og_title":"Securities Based Lending - THE ETHERIOUS FAMILY","og_description":"Pr\u00eats bas\u00e9s sur des valeurs mobili\u00e8res Parfois, des besoins en liquidit\u00e9s surviennent, qu\u2019ils soient planifi\u00e9s ou inattendus. Avec une ligne de cr\u00e9dit adoss\u00e9e \u00e0 des titres en place, vous aurez un acc\u00e8s pr\u00eat \u00e0 un capital sans avoir \u00e0 liquider vos investissements. Vous pouvez utiliser vos titres commercialisables, tels que les actions, les obligations et les fonds communs de placement, comme garantie. Et bien s\u00fbr, nous consid\u00e9rerons comment tout cela s'int\u00e8gre dans votre plan de richesse global - en \u00e9quilibrant vos besoins \u00e0 court terme avec des objectifs \u00e0 long terme pour cr\u00e9er la bonne approche pour vous. Qu'est-ce que les pr\u00eats bas\u00e9s sur les titres? Une ligne de cr\u00e9dit bas\u00e9e sur les titres peut \u00eatre un moyen flexible et rentable d'acc\u00e9der strat\u00e9giquement \u00e0 la liquidit\u00e9. Que vous cherchiez \u00e0 financer un nouvel achat, \u00e0 r\u00e9nover votre maison ou \u00e0 profiter d'une opportunit\u00e9 d'investissement en temps opportun. L'utilisation d'une ligne de cr\u00e9dit vous permet de rester investi et de garder votre portefeuille d'investissement intact. Les autres utilisations courantes incluent: Achat immobilier D\u00e9penses telles que les taxes Des actifs sp\u00e9cialis\u00e9s tels que le yacht, l'art ou les finances du stade Avantages qui peuvent faire d'une ligne de cr\u00e9dit bas\u00e9e sur des...","og_url":"https:\/\/etherious.com\/securities-based-lending\/","og_site_name":"THE ETHERIOUS FAMILY","article_modified_time":"2024-12-17T07:01:02+00:00","twitter_card":"summary_large_image","twitter_misc":{"Est. reading time":"4 minutes"},"schema":{"@context":"https:\/\/schema.org","@graph":[{"@type":"WebPage","@id":"https:\/\/etherious.com\/securities-based-lending\/","url":"https:\/\/etherious.com\/securities-based-lending\/","name":"Securities Based Lending - THE ETHERIOUS FAMILY","isPartOf":{"@id":"https:\/\/etherious.com\/#website"},"datePublished":"2024-05-09T20:46:27+00:00","dateModified":"2024-12-17T07:01:02+00:00","breadcrumb":{"@id":"https:\/\/etherious.com\/securities-based-lending\/#breadcrumb"},"inLanguage":"en-US","potentialAction":[{"@type":"ReadAction","target":["https:\/\/etherious.com\/securities-based-lending\/"]}]},{"@type":"BreadcrumbList","@id":"https:\/\/etherious.com\/securities-based-lending\/#breadcrumb","itemListElement":[{"@type":"ListItem","position":1,"name":"Home","item":"https:\/\/etherious.com\/home\/"},{"@type":"ListItem","position":2,"name":"Securities Based Lending"}]},{"@type":"WebSite","@id":"https:\/\/etherious.com\/#website","url":"https:\/\/etherious.com\/","name":"THE ETHERIOUS FAMILY","description":"","potentialAction":[{"@type":"SearchAction","target":{"@type":"EntryPoint","urlTemplate":"https:\/\/etherious.com\/?s={search_term_string}"},"query-input":{"@type":"PropertyValueSpecification","valueRequired":true,"valueName":"search_term_string"}}],"inLanguage":"en-US"}]}},"_links":{"self":[{"href":"https:\/\/etherious.com\/fr\/wp-json\/wp\/v2\/pages\/580","targetHints":{"allow":["GET"]}}],"collection":[{"href":"https:\/\/etherious.com\/fr\/wp-json\/wp\/v2\/pages"}],"about":[{"href":"https:\/\/etherious.com\/fr\/wp-json\/wp\/v2\/types\/page"}],"author":[{"embeddable":true,"href":"https:\/\/etherious.com\/fr\/wp-json\/wp\/v2\/users\/2"}],"replies":[{"embeddable":true,"href":"https:\/\/etherious.com\/fr\/wp-json\/wp\/v2\/comments?post=580"}],"version-history":[{"count":5,"href":"https:\/\/etherious.com\/fr\/wp-json\/wp\/v2\/pages\/580\/revisions"}],"predecessor-version":[{"id":1445,"href":"https:\/\/etherious.com\/fr\/wp-json\/wp\/v2\/pages\/580\/revisions\/1445"}],"wp:attachment":[{"href":"https:\/\/etherious.com\/fr\/wp-json\/wp\/v2\/media?parent=580"}],"curies":[{"name":"wp","href":"https:\/\/api.w.org\/{rel}","templated":true}]}}