{"id":505,"date":"2024-05-09T07:53:05","date_gmt":"2024-05-09T07:53:05","guid":{"rendered":"https:\/\/etherious.com\/?page_id=505"},"modified":"2024-05-09T07:53:07","modified_gmt":"2024-05-09T07:53:07","slug":"philanthropy","status":"publish","type":"page","link":"https:\/\/etherious.com\/fr\/philanthropy\/","title":{"rendered":"Philanthropie"},"content":{"rendered":"<div class='content'><!-- wp:heading {\"level\":1} -->\n<h1 class=\"wp-block-heading\" id=\"philanthropy\">Philanthropie<\/h1>\n<!-- \/wp:heading -->\n\n<!-- wp:paragraph -->\n<p>Le redonner est souvent une partie essentielle d'un plan de vie - ainsi qu'un plan financier. C\u2019est pourquoi nous proposons un large \u00e9ventail de services et de conseils philanthropiques. Nous pouvons vous aider \u00e0 articuler l'impact que vous souhaitez avoir et le montant que vous souhaitez donner, et identifier la structure qui vous convient. Peu importe o\u00f9 vous \u00eates dans votre voyage, notre objectif est toujours le m\u00eame - pour vous aider \u00e0 cr\u00e9er l'impact que vous souhaitez avoir d'une mani\u00e8re qui fonctionne bien avec votre plan financier global.<\/p>\n<!-- \/wp:paragraph -->\n\n<!-- wp:paragraph -->\n<p>La philanthropie peut \u00eatre l'une des efforts les plus gratifiants et les plus significatifs de la vie. Lorsqu'il est bien fait, cela cr\u00e9e un changement \u00e9norme et positif dans la vie des autres. Que vous commenciez simplement votre parcours philanthropique ou que vous soyez un donateur tr\u00e8s sophistiqu\u00e9, nous sommes l\u00e0 pour vous aider \u00e0 atteindre l'impact que vous envisagez.<\/p>\n<!-- \/wp:paragraph -->\n\n<!-- wp:paragraph -->\n<p>Pour vous aider \u00e0 pratiquer la philanthropie strat\u00e9gique, nous fournissons des \u00e9l\u00e9ments de leadership d'opinion, des recherches et des conseils autour de nombreux aspects de la dons. Si vous avez des objectifs philanthropiques plus complexes, vous aurez acc\u00e8s \u00e0 une \u00e9quipe familiale \u00e9taine qui peut vous guider \u00e0 travers des probl\u00e8mes tels que l'engagement de la prochaine g\u00e9n\u00e9ration et la d\u00e9cision entre les v\u00e9hicules de dons de bienfaisance.<\/p>\n<!-- \/wp:paragraph -->\n\n<!-- wp:heading -->\n<h2 class=\"wp-block-heading\">En commen\u00e7ant par vos objectifs philanthropiques<\/h2>\n<!-- \/wp:heading -->\n\n<!-- wp:paragraph -->\n<p>Peu importe \u00e0 quel point votre strat\u00e9gie de dons peut \u00eatre simple ou complexe, l'articulation de vos objectifs vous aidera \u00e0 tirer le meilleur parti de votre philanthropie. Une fois que vous aurez une vision en place, nous vous aiderons \u00e0 r\u00e9fl\u00e9chir aux approches les plus efficaces pour avoir un impact, visant \u00e0 apporter l'efficacit\u00e9 et l'efficacit\u00e9 \u00e0 vos dons de bienfaisance.<\/p>\n<!-- \/wp:paragraph -->\n\n<!-- wp:heading -->\n<h2 class=\"wp-block-heading\">Engager votre famille<\/h2>\n<!-- \/wp:heading -->\n\n<!-- wp:paragraph -->\n<p>La philanthropie peut \u00eatre un bon moyen d'\u00e9tablir des valeurs familiales solides pour vos enfants. Et si un h\u00e9ritage philanthropique est l'un de vos objectifs, vous souhaiterez peut-\u00eatre impliquer votre famille. Pour ceux qui ont des probl\u00e8mes plus complexes, une \u00e9quipe familiale \u00e9taine peut aider \u00e0 faciliter les conversations et les approches pour rassembler la famille. Nous pouvons vous aider \u00e0 \u00e9tablir des objectifs et des pratiques philanthropiques qui cr\u00e9ent l'excitation et l'enthousiasme - vous pouvez donc avoir un impact maintenant et cr\u00e9er un h\u00e9ritage qui pourrait durer les g\u00e9n\u00e9rations.<\/p>\n<!-- \/wp:paragraph -->\n\n<!-- wp:paragraph -->\n<p>Nous pouvons \u00e9galement vous connecter aux bonnes personnes - comme des pairs et des organisations d'esprit qui peuvent \u00eatre une ressource pour les meilleures pratiques, la collaboration et les opportunit\u00e9s d'impact.<\/p>\n<!-- \/wp:paragraph --><\/div>","protected":false},"excerpt":{"rendered":"<p>Philanthropie Le redonner est souvent une partie essentielle d&#8217;un plan de vie &#8211; ainsi qu&#8217;un plan financier. C\u2019est pourquoi nous proposons un large \u00e9ventail de services et de conseils philanthropiques. Nous pouvons vous aider \u00e0 articuler l&#8217;impact que vous souhaitez avoir et le montant que vous souhaitez donner, et identifier la structure qui vous convient. Peu importe o\u00f9 vous \u00eates dans votre voyage, notre objectif est toujours le m\u00eame &#8211; pour vous aider \u00e0 cr\u00e9er l&#8217;impact que vous souhaitez avoir d&#8217;une mani\u00e8re qui fonctionne bien avec votre plan financier global. La philanthropie peut \u00eatre l&#8217;une des efforts les plus gratifiants et les plus significatifs de la vie. Lorsqu&#8217;il est bien fait, cela cr\u00e9e un changement \u00e9norme et positif dans la vie des autres. Que vous commenciez simplement votre parcours philanthropique ou que vous soyez un donateur tr\u00e8s sophistiqu\u00e9, nous sommes l\u00e0 pour vous aider \u00e0 atteindre l&#8217;impact que vous envisagez. Pour vous aider \u00e0 pratiquer la philanthropie strat\u00e9gique, nous fournissons des \u00e9l\u00e9ments de leadership d&#8217;opinion, des recherches et des conseils autour de nombreux aspects de la dons. Si vous avez des objectifs philanthropiques plus complexes, vous aurez acc\u00e8s \u00e0 une \u00e9quipe familiale \u00e9taine qui peut vous guider \u00e0 travers des&#8230;<\/p>\n","protected":false},"author":1,"featured_media":0,"parent":0,"menu_order":0,"comment_status":"closed","ping_status":"closed","template":"","meta":{"inline_featured_image":false,"footnotes":""},"class_list":["post-505","page","type-page","status-publish","hentry"],"yoast_head":"<!-- This site is optimized with the Yoast SEO plugin v25.2 - https:\/\/yoast.com\/wordpress\/plugins\/seo\/ -->\n<title>Philanthropy - THE ETHERIOUS FAMILY<\/title>\n<meta name=\"robots\" content=\"index, follow, max-snippet:-1, max-image-preview:large, max-video-preview:-1\" \/>\n<link rel=\"canonical\" href=\"https:\/\/etherious.com\/fr\/philanthropy\/\" \/>\n<meta property=\"og:locale\" content=\"en_US\" \/>\n<meta property=\"og:type\" content=\"article\" \/>\n<meta property=\"og:title\" content=\"Philanthropy - THE ETHERIOUS FAMILY\" \/>\n<meta property=\"og:description\" content=\"Philanthropie Le redonner est souvent une partie essentielle d&#039;un plan de vie - ainsi qu&#039;un plan financier. C\u2019est pourquoi nous proposons un large \u00e9ventail de services et de conseils philanthropiques. Nous pouvons vous aider \u00e0 articuler l&#039;impact que vous souhaitez avoir et le montant que vous souhaitez donner, et identifier la structure qui vous convient. Peu importe o\u00f9 vous \u00eates dans votre voyage, notre objectif est toujours le m\u00eame - pour vous aider \u00e0 cr\u00e9er l&#039;impact que vous souhaitez avoir d&#039;une mani\u00e8re qui fonctionne bien avec votre plan financier global. La philanthropie peut \u00eatre l&#039;une des efforts les plus gratifiants et les plus significatifs de la vie. Lorsqu&#039;il est bien fait, cela cr\u00e9e un changement \u00e9norme et positif dans la vie des autres. Que vous commenciez simplement votre parcours philanthropique ou que vous soyez un donateur tr\u00e8s sophistiqu\u00e9, nous sommes l\u00e0 pour vous aider \u00e0 atteindre l&#039;impact que vous envisagez. Pour vous aider \u00e0 pratiquer la philanthropie strat\u00e9gique, nous fournissons des \u00e9l\u00e9ments de leadership d&#039;opinion, des recherches et des conseils autour de nombreux aspects de la dons. Si vous avez des objectifs philanthropiques plus complexes, vous aurez acc\u00e8s \u00e0 une \u00e9quipe familiale \u00e9taine qui peut vous guider \u00e0 travers des...\" \/>\n<meta property=\"og:url\" content=\"https:\/\/etherious.com\/philanthropy\/\" \/>\n<meta property=\"og:site_name\" content=\"THE ETHERIOUS FAMILY\" \/>\n<meta property=\"article:modified_time\" content=\"2024-05-09T07:53:07+00:00\" \/>\n<meta name=\"twitter:card\" content=\"summary_large_image\" \/>\n<meta name=\"twitter:label1\" content=\"Est. reading time\" \/>\n\t<meta name=\"twitter:data1\" content=\"2 minutes\" \/>\n<script type=\"application\/ld+json\" class=\"yoast-schema-graph\">{\"@context\":\"https:\/\/schema.org\",\"@graph\":[{\"@type\":\"WebPage\",\"@id\":\"https:\/\/etherious.com\/philanthropy\/\",\"url\":\"https:\/\/etherious.com\/philanthropy\/\",\"name\":\"Philanthropy - THE ETHERIOUS FAMILY\",\"isPartOf\":{\"@id\":\"https:\/\/etherious.com\/#website\"},\"datePublished\":\"2024-05-09T07:53:05+00:00\",\"dateModified\":\"2024-05-09T07:53:07+00:00\",\"breadcrumb\":{\"@id\":\"https:\/\/etherious.com\/philanthropy\/#breadcrumb\"},\"inLanguage\":\"en-US\",\"potentialAction\":[{\"@type\":\"ReadAction\",\"target\":[\"https:\/\/etherious.com\/philanthropy\/\"]}]},{\"@type\":\"BreadcrumbList\",\"@id\":\"https:\/\/etherious.com\/philanthropy\/#breadcrumb\",\"itemListElement\":[{\"@type\":\"ListItem\",\"position\":1,\"name\":\"Home\",\"item\":\"https:\/\/etherious.com\/home\/\"},{\"@type\":\"ListItem\",\"position\":2,\"name\":\"Philanthropy\"}]},{\"@type\":\"WebSite\",\"@id\":\"https:\/\/etherious.com\/#website\",\"url\":\"https:\/\/etherious.com\/\",\"name\":\"THE ETHERIOUS FAMILY\",\"description\":\"\",\"potentialAction\":[{\"@type\":\"SearchAction\",\"target\":{\"@type\":\"EntryPoint\",\"urlTemplate\":\"https:\/\/etherious.com\/?s={search_term_string}\"},\"query-input\":{\"@type\":\"PropertyValueSpecification\",\"valueRequired\":true,\"valueName\":\"search_term_string\"}}],\"inLanguage\":\"en-US\"}]}<\/script>\n<!-- \/ Yoast SEO plugin. -->","yoast_head_json":{"title":"Philanthropy - THE ETHERIOUS FAMILY","robots":{"index":"index","follow":"follow","max-snippet":"max-snippet:-1","max-image-preview":"max-image-preview:large","max-video-preview":"max-video-preview:-1"},"canonical":"https:\/\/etherious.com\/fr\/philanthropy\/","og_locale":"en_US","og_type":"article","og_title":"Philanthropy - THE ETHERIOUS FAMILY","og_description":"Philanthropie Le redonner est souvent une partie essentielle d'un plan de vie - ainsi qu'un plan financier. C\u2019est pourquoi nous proposons un large \u00e9ventail de services et de conseils philanthropiques. Nous pouvons vous aider \u00e0 articuler l'impact que vous souhaitez avoir et le montant que vous souhaitez donner, et identifier la structure qui vous convient. Peu importe o\u00f9 vous \u00eates dans votre voyage, notre objectif est toujours le m\u00eame - pour vous aider \u00e0 cr\u00e9er l'impact que vous souhaitez avoir d'une mani\u00e8re qui fonctionne bien avec votre plan financier global. La philanthropie peut \u00eatre l'une des efforts les plus gratifiants et les plus significatifs de la vie. Lorsqu'il est bien fait, cela cr\u00e9e un changement \u00e9norme et positif dans la vie des autres. Que vous commenciez simplement votre parcours philanthropique ou que vous soyez un donateur tr\u00e8s sophistiqu\u00e9, nous sommes l\u00e0 pour vous aider \u00e0 atteindre l'impact que vous envisagez. Pour vous aider \u00e0 pratiquer la philanthropie strat\u00e9gique, nous fournissons des \u00e9l\u00e9ments de leadership d'opinion, des recherches et des conseils autour de nombreux aspects de la dons. Si vous avez des objectifs philanthropiques plus complexes, vous aurez acc\u00e8s \u00e0 une \u00e9quipe familiale \u00e9taine qui peut vous guider \u00e0 travers des...","og_url":"https:\/\/etherious.com\/philanthropy\/","og_site_name":"THE ETHERIOUS FAMILY","article_modified_time":"2024-05-09T07:53:07+00:00","twitter_card":"summary_large_image","twitter_misc":{"Est. reading time":"2 minutes"},"schema":{"@context":"https:\/\/schema.org","@graph":[{"@type":"WebPage","@id":"https:\/\/etherious.com\/philanthropy\/","url":"https:\/\/etherious.com\/philanthropy\/","name":"Philanthropy - THE ETHERIOUS FAMILY","isPartOf":{"@id":"https:\/\/etherious.com\/#website"},"datePublished":"2024-05-09T07:53:05+00:00","dateModified":"2024-05-09T07:53:07+00:00","breadcrumb":{"@id":"https:\/\/etherious.com\/philanthropy\/#breadcrumb"},"inLanguage":"en-US","potentialAction":[{"@type":"ReadAction","target":["https:\/\/etherious.com\/philanthropy\/"]}]},{"@type":"BreadcrumbList","@id":"https:\/\/etherious.com\/philanthropy\/#breadcrumb","itemListElement":[{"@type":"ListItem","position":1,"name":"Home","item":"https:\/\/etherious.com\/home\/"},{"@type":"ListItem","position":2,"name":"Philanthropy"}]},{"@type":"WebSite","@id":"https:\/\/etherious.com\/#website","url":"https:\/\/etherious.com\/","name":"THE ETHERIOUS FAMILY","description":"","potentialAction":[{"@type":"SearchAction","target":{"@type":"EntryPoint","urlTemplate":"https:\/\/etherious.com\/?s={search_term_string}"},"query-input":{"@type":"PropertyValueSpecification","valueRequired":true,"valueName":"search_term_string"}}],"inLanguage":"en-US"}]}},"_links":{"self":[{"href":"https:\/\/etherious.com\/fr\/wp-json\/wp\/v2\/pages\/505","targetHints":{"allow":["GET"]}}],"collection":[{"href":"https:\/\/etherious.com\/fr\/wp-json\/wp\/v2\/pages"}],"about":[{"href":"https:\/\/etherious.com\/fr\/wp-json\/wp\/v2\/types\/page"}],"author":[{"embeddable":true,"href":"https:\/\/etherious.com\/fr\/wp-json\/wp\/v2\/users\/1"}],"replies":[{"embeddable":true,"href":"https:\/\/etherious.com\/fr\/wp-json\/wp\/v2\/comments?post=505"}],"version-history":[{"count":1,"href":"https:\/\/etherious.com\/fr\/wp-json\/wp\/v2\/pages\/505\/revisions"}],"predecessor-version":[{"id":506,"href":"https:\/\/etherious.com\/fr\/wp-json\/wp\/v2\/pages\/505\/revisions\/506"}],"wp:attachment":[{"href":"https:\/\/etherious.com\/fr\/wp-json\/wp\/v2\/media?parent=505"}],"curies":[{"name":"wp","href":"https:\/\/api.w.org\/{rel}","templated":true}]}}