{"id":140,"date":"2024-03-18T11:37:07","date_gmt":"2024-03-18T11:37:07","guid":{"rendered":"https:\/\/etherious.com\/?page_id=140"},"modified":"2024-03-18T11:39:07","modified_gmt":"2024-03-18T11:39:07","slug":"catl","status":"publish","type":"page","link":"https:\/\/etherious.com\/fr\/catl\/","title":{"rendered":"Catl"},"content":{"rendered":"<div class='content'><!-- wp:heading -->\n<h2 class=\"wp-block-heading\">Catl<\/h2>\n<!-- \/wp:heading -->\n\n<!-- wp:paragraph -->\n<p>Contemporary Amperex Technology Co. Limited, abr\u00e9g\u00e9 en tant que CATL, est un fabricant de batteries chinois et une soci\u00e9t\u00e9 de technologie fond\u00e9e en 2011 qui se sp\u00e9cialise dans la fabrication de batteries lithium-ion pour les syst\u00e8mes de stockage d'\u00e9nergie, ainsi que les syst\u00e8mes de gestion des batteries (BMS). Les clients de Catl incluent BMW, Volkswagen et Geely.<\/p>\n<!-- \/wp:paragraph -->\n\n<!-- wp:image {\"id\":141,\"sizeSlug\":\"large\",\"linkDestination\":\"none\"} -->\n<figure class=\"wp-block-image size-large\"><img src=\"https:\/\/etherious.com\/wp-content\/uploads\/2024\/03\/The-Etherious-Family-2-1024x512.jpg\" alt=\"\" class=\"wp-image-141\"><\/figure>\n<!-- \/wp:image --><\/div>","protected":false},"excerpt":{"rendered":"<p>Catl Contemporary Amperex Technology Co. Limited, abr\u00e9g\u00e9 en tant que CATL, est un fabricant de batteries chinois et une soci\u00e9t\u00e9 de technologie fond\u00e9e en 2011 qui se sp\u00e9cialise dans la fabrication de batteries lithium-ion pour les syst\u00e8mes de stockage d&#8217;\u00e9nergie, ainsi que les syst\u00e8mes de gestion des batteries (BMS). Les clients de Catl incluent BMW, Volkswagen et Geely.<\/p>\n","protected":false},"author":1,"featured_media":0,"parent":0,"menu_order":0,"comment_status":"closed","ping_status":"closed","template":"","meta":{"inline_featured_image":false,"footnotes":""},"class_list":["post-140","page","type-page","status-publish","hentry"],"yoast_head":"<!-- This site is optimized with the Yoast SEO plugin v25.2 - https:\/\/yoast.com\/wordpress\/plugins\/seo\/ -->\n<title>CATL - THE ETHERIOUS FAMILY<\/title>\n<meta name=\"robots\" content=\"index, follow, max-snippet:-1, max-image-preview:large, max-video-preview:-1\" \/>\n<link rel=\"canonical\" href=\"https:\/\/etherious.com\/fr\/catl\/\" \/>\n<meta property=\"og:locale\" content=\"en_US\" \/>\n<meta property=\"og:type\" content=\"article\" \/>\n<meta property=\"og:title\" content=\"CATL - THE ETHERIOUS FAMILY\" \/>\n<meta property=\"og:description\" content=\"Catl Contemporary Amperex Technology Co. Limited, abr\u00e9g\u00e9 en tant que CATL, est un fabricant de batteries chinois et une soci\u00e9t\u00e9 de technologie fond\u00e9e en 2011 qui se sp\u00e9cialise dans la fabrication de batteries lithium-ion pour les syst\u00e8mes de stockage d&#039;\u00e9nergie, ainsi que les syst\u00e8mes de gestion des batteries (BMS). Les clients de Catl incluent BMW, Volkswagen et Geely.\" \/>\n<meta property=\"og:url\" content=\"https:\/\/etherious.com\/catl\/\" \/>\n<meta property=\"og:site_name\" content=\"THE ETHERIOUS FAMILY\" \/>\n<meta property=\"article:modified_time\" content=\"2024-03-18T11:39:07+00:00\" \/>\n<meta property=\"og:image\" content=\"https:\/\/etherious.com\/wp-content\/uploads\/2024\/03\/The-Etherious-Family-2-1024x512.jpg\" \/>\n<meta name=\"twitter:card\" content=\"summary_large_image\" \/>\n<meta name=\"twitter:label1\" content=\"Est. reading time\" \/>\n\t<meta name=\"twitter:data1\" content=\"1 minute\" \/>\n<script type=\"application\/ld+json\" class=\"yoast-schema-graph\">{\"@context\":\"https:\/\/schema.org\",\"@graph\":[{\"@type\":\"WebPage\",\"@id\":\"https:\/\/etherious.com\/catl\/\",\"url\":\"https:\/\/etherious.com\/catl\/\",\"name\":\"CATL - THE ETHERIOUS FAMILY\",\"isPartOf\":{\"@id\":\"https:\/\/etherious.com\/#website\"},\"primaryImageOfPage\":{\"@id\":\"https:\/\/etherious.com\/catl\/#primaryimage\"},\"image\":{\"@id\":\"https:\/\/etherious.com\/catl\/#primaryimage\"},\"thumbnailUrl\":\"https:\/\/etherious.com\/wp-content\/uploads\/2024\/03\/The-Etherious-Family-2-1024x512.jpg\",\"datePublished\":\"2024-03-18T11:37:07+00:00\",\"dateModified\":\"2024-03-18T11:39:07+00:00\",\"breadcrumb\":{\"@id\":\"https:\/\/etherious.com\/catl\/#breadcrumb\"},\"inLanguage\":\"en-US\",\"potentialAction\":[{\"@type\":\"ReadAction\",\"target\":[\"https:\/\/etherious.com\/catl\/\"]}]},{\"@type\":\"ImageObject\",\"inLanguage\":\"en-US\",\"@id\":\"https:\/\/etherious.com\/catl\/#primaryimage\",\"url\":\"https:\/\/etherious.com\/wp-content\/uploads\/2024\/03\/The-Etherious-Family-2-1024x512.jpg\",\"contentUrl\":\"https:\/\/etherious.com\/wp-content\/uploads\/2024\/03\/The-Etherious-Family-2-1024x512.jpg\"},{\"@type\":\"BreadcrumbList\",\"@id\":\"https:\/\/etherious.com\/catl\/#breadcrumb\",\"itemListElement\":[{\"@type\":\"ListItem\",\"position\":1,\"name\":\"Home\",\"item\":\"https:\/\/etherious.com\/home\/\"},{\"@type\":\"ListItem\",\"position\":2,\"name\":\"CATL\"}]},{\"@type\":\"WebSite\",\"@id\":\"https:\/\/etherious.com\/#website\",\"url\":\"https:\/\/etherious.com\/\",\"name\":\"THE ETHERIOUS FAMILY\",\"description\":\"\",\"potentialAction\":[{\"@type\":\"SearchAction\",\"target\":{\"@type\":\"EntryPoint\",\"urlTemplate\":\"https:\/\/etherious.com\/?s={search_term_string}\"},\"query-input\":{\"@type\":\"PropertyValueSpecification\",\"valueRequired\":true,\"valueName\":\"search_term_string\"}}],\"inLanguage\":\"en-US\"}]}<\/script>\n<!-- \/ Yoast SEO plugin. -->","yoast_head_json":{"title":"CATL - THE ETHERIOUS FAMILY","robots":{"index":"index","follow":"follow","max-snippet":"max-snippet:-1","max-image-preview":"max-image-preview:large","max-video-preview":"max-video-preview:-1"},"canonical":"https:\/\/etherious.com\/fr\/catl\/","og_locale":"en_US","og_type":"article","og_title":"CATL - THE ETHERIOUS FAMILY","og_description":"Catl Contemporary Amperex Technology Co. Limited, abr\u00e9g\u00e9 en tant que CATL, est un fabricant de batteries chinois et une soci\u00e9t\u00e9 de technologie fond\u00e9e en 2011 qui se sp\u00e9cialise dans la fabrication de batteries lithium-ion pour les syst\u00e8mes de stockage d'\u00e9nergie, ainsi que les syst\u00e8mes de gestion des batteries (BMS). Les clients de Catl incluent BMW, Volkswagen et Geely.","og_url":"https:\/\/etherious.com\/catl\/","og_site_name":"THE ETHERIOUS FAMILY","article_modified_time":"2024-03-18T11:39:07+00:00","og_image":[{"url":"https:\/\/etherious.com\/wp-content\/uploads\/2024\/03\/The-Etherious-Family-2-1024x512.jpg","type":"","width":"","height":""}],"twitter_card":"summary_large_image","twitter_misc":{"Est. reading time":"1 minute"},"schema":{"@context":"https:\/\/schema.org","@graph":[{"@type":"WebPage","@id":"https:\/\/etherious.com\/catl\/","url":"https:\/\/etherious.com\/catl\/","name":"CATL - THE ETHERIOUS FAMILY","isPartOf":{"@id":"https:\/\/etherious.com\/#website"},"primaryImageOfPage":{"@id":"https:\/\/etherious.com\/catl\/#primaryimage"},"image":{"@id":"https:\/\/etherious.com\/catl\/#primaryimage"},"thumbnailUrl":"https:\/\/etherious.com\/wp-content\/uploads\/2024\/03\/The-Etherious-Family-2-1024x512.jpg","datePublished":"2024-03-18T11:37:07+00:00","dateModified":"2024-03-18T11:39:07+00:00","breadcrumb":{"@id":"https:\/\/etherious.com\/catl\/#breadcrumb"},"inLanguage":"en-US","potentialAction":[{"@type":"ReadAction","target":["https:\/\/etherious.com\/catl\/"]}]},{"@type":"ImageObject","inLanguage":"en-US","@id":"https:\/\/etherious.com\/catl\/#primaryimage","url":"https:\/\/etherious.com\/wp-content\/uploads\/2024\/03\/The-Etherious-Family-2-1024x512.jpg","contentUrl":"https:\/\/etherious.com\/wp-content\/uploads\/2024\/03\/The-Etherious-Family-2-1024x512.jpg"},{"@type":"BreadcrumbList","@id":"https:\/\/etherious.com\/catl\/#breadcrumb","itemListElement":[{"@type":"ListItem","position":1,"name":"Home","item":"https:\/\/etherious.com\/home\/"},{"@type":"ListItem","position":2,"name":"CATL"}]},{"@type":"WebSite","@id":"https:\/\/etherious.com\/#website","url":"https:\/\/etherious.com\/","name":"THE ETHERIOUS FAMILY","description":"","potentialAction":[{"@type":"SearchAction","target":{"@type":"EntryPoint","urlTemplate":"https:\/\/etherious.com\/?s={search_term_string}"},"query-input":{"@type":"PropertyValueSpecification","valueRequired":true,"valueName":"search_term_string"}}],"inLanguage":"en-US"}]}},"_links":{"self":[{"href":"https:\/\/etherious.com\/fr\/wp-json\/wp\/v2\/pages\/140","targetHints":{"allow":["GET"]}}],"collection":[{"href":"https:\/\/etherious.com\/fr\/wp-json\/wp\/v2\/pages"}],"about":[{"href":"https:\/\/etherious.com\/fr\/wp-json\/wp\/v2\/types\/page"}],"author":[{"embeddable":true,"href":"https:\/\/etherious.com\/fr\/wp-json\/wp\/v2\/users\/1"}],"replies":[{"embeddable":true,"href":"https:\/\/etherious.com\/fr\/wp-json\/wp\/v2\/comments?post=140"}],"version-history":[{"count":2,"href":"https:\/\/etherious.com\/fr\/wp-json\/wp\/v2\/pages\/140\/revisions"}],"predecessor-version":[{"id":144,"href":"https:\/\/etherious.com\/fr\/wp-json\/wp\/v2\/pages\/140\/revisions\/144"}],"wp:attachment":[{"href":"https:\/\/etherious.com\/fr\/wp-json\/wp\/v2\/media?parent=140"}],"curies":[{"name":"wp","href":"https:\/\/api.w.org\/{rel}","templated":true}]}}