{"id":137,"date":"2024-03-18T11:34:42","date_gmt":"2024-03-18T11:34:42","guid":{"rendered":"https:\/\/etherious.com\/?page_id=137"},"modified":"2024-03-19T04:52:45","modified_gmt":"2024-03-19T04:52:45","slug":"shanghai-municipal-investment","status":"publish","type":"page","link":"https:\/\/etherious.com\/fr\/shanghai-municipal-investment\/","title":{"rendered":"Investissement municipal de Shanghai"},"content":{"rendered":"<div class='content'><!-- wp:heading {\"level\":1} -->\n<h1 class=\"wp-block-heading\">Investissement municipal de Shanghai<\/h1>\n<!-- \/wp:heading -->\n\n<!-- wp:paragraph -->\n<p>Fond\u00e9e en 1992, Shanghai Municipal Investment (SMI) est la plus grande entreprise publique de Shanghai.<\/p>\n<!-- \/wp:paragraph -->\n\n<!-- wp:paragraph -->\n<p>Le c\u0153ur des activit\u00e9s de SMI est compos\u00e9 d\u2019infrastructures publiques et de d\u00e9veloppement immobilier. La soci\u00e9t\u00e9 a r\u00e9alis\u00e9 plus de 2 000 projets durables \u00e0 ce jour et a r\u00e9cemment finalis\u00e9 son projet Cornerstone, la tour Shanghai. Cette tour universellement acclam\u00e9e est la plus grande superstructure au monde mesur\u00e9e par la zone de plancher brute et est actuellement le deuxi\u00e8me b\u00e2timent le plus haut du monde.<\/p>\n<!-- \/wp:paragraph -->\n\n<!-- wp:paragraph -->\n<p>Avec 25 ans d'exp\u00e9rience dans la construction et le d\u00e9veloppement, SMI est pass\u00e9 \u00e0 plus de 20 000 employ\u00e9s. La soci\u00e9t\u00e9 a obtenu une multitude de distinctions internationales et de soutien de parties prenantes publiques et priv\u00e9es pour sa poursuite incessante de la perfection et des normes \u00e9lev\u00e9es.<\/p>\n<!-- \/wp:paragraph -->\n\n<!-- wp:image {\"id\":138,\"sizeSlug\":\"full\",\"linkDestination\":\"none\"} -->\n<figure class=\"wp-block-image size-full\"><img src=\"https:\/\/etherious.com\/wp-content\/uploads\/2024\/03\/smi.jpg\" alt=\"\" class=\"wp-image-138\"><\/figure>\n<!-- \/wp:image --><\/div>","protected":false},"excerpt":{"rendered":"<p>Investissement municipal de Shanghai Fond\u00e9e en 1992, Shanghai Municipal Investment (SMI) est la plus grande entreprise publique de Shanghai. Le c\u0153ur des activit\u00e9s de SMI est compos\u00e9 d\u2019infrastructures publiques et de d\u00e9veloppement immobilier. La soci\u00e9t\u00e9 a r\u00e9alis\u00e9 plus de 2 000 projets durables \u00e0 ce jour et a r\u00e9cemment finalis\u00e9 son projet Cornerstone, la tour Shanghai. Cette tour universellement acclam\u00e9e est la plus grande superstructure au monde mesur\u00e9e par la zone de plancher brute et est actuellement le deuxi\u00e8me b\u00e2timent le plus haut du monde. Avec 25 ans d&#8217;exp\u00e9rience dans la construction et le d\u00e9veloppement, SMI est pass\u00e9 \u00e0 plus de 20 000 employ\u00e9s. La soci\u00e9t\u00e9 a obtenu une multitude de distinctions internationales et de soutien de parties prenantes publiques et priv\u00e9es pour sa poursuite incessante de la perfection et des normes \u00e9lev\u00e9es.<\/p>\n","protected":false},"author":1,"featured_media":0,"parent":0,"menu_order":0,"comment_status":"closed","ping_status":"closed","template":"","meta":{"inline_featured_image":false,"footnotes":""},"class_list":["post-137","page","type-page","status-publish","hentry"],"yoast_head":"<!-- This site is optimized with the Yoast SEO plugin v25.2 - https:\/\/yoast.com\/wordpress\/plugins\/seo\/ -->\n<title>Shanghai Municipal Investment - THE ETHERIOUS FAMILY<\/title>\n<meta name=\"robots\" content=\"index, follow, max-snippet:-1, max-image-preview:large, max-video-preview:-1\" \/>\n<link rel=\"canonical\" href=\"https:\/\/etherious.com\/fr\/shanghai-municipal-investment\/\" \/>\n<meta property=\"og:locale\" content=\"en_US\" \/>\n<meta property=\"og:type\" content=\"article\" \/>\n<meta property=\"og:title\" content=\"Shanghai Municipal Investment - THE ETHERIOUS FAMILY\" \/>\n<meta property=\"og:description\" content=\"Investissement municipal de Shanghai Fond\u00e9e en 1992, Shanghai Municipal Investment (SMI) est la plus grande entreprise publique de Shanghai. Le c\u0153ur des activit\u00e9s de SMI est compos\u00e9 d\u2019infrastructures publiques et de d\u00e9veloppement immobilier. La soci\u00e9t\u00e9 a r\u00e9alis\u00e9 plus de 2 000 projets durables \u00e0 ce jour et a r\u00e9cemment finalis\u00e9 son projet Cornerstone, la tour Shanghai. Cette tour universellement acclam\u00e9e est la plus grande superstructure au monde mesur\u00e9e par la zone de plancher brute et est actuellement le deuxi\u00e8me b\u00e2timent le plus haut du monde. Avec 25 ans d&#039;exp\u00e9rience dans la construction et le d\u00e9veloppement, SMI est pass\u00e9 \u00e0 plus de 20 000 employ\u00e9s. La soci\u00e9t\u00e9 a obtenu une multitude de distinctions internationales et de soutien de parties prenantes publiques et priv\u00e9es pour sa poursuite incessante de la perfection et des normes \u00e9lev\u00e9es.\" \/>\n<meta property=\"og:url\" content=\"https:\/\/etherious.com\/shanghai-municipal-investment\/\" \/>\n<meta property=\"og:site_name\" content=\"THE ETHERIOUS FAMILY\" \/>\n<meta property=\"article:modified_time\" content=\"2024-03-19T04:52:45+00:00\" \/>\n<meta property=\"og:image\" content=\"https:\/\/etherious.com\/wp-content\/uploads\/2024\/03\/smi.jpg\" \/>\n<meta name=\"twitter:card\" content=\"summary_large_image\" \/>\n<meta name=\"twitter:label1\" content=\"Est. reading time\" \/>\n\t<meta name=\"twitter:data1\" content=\"1 minute\" \/>\n<script type=\"application\/ld+json\" class=\"yoast-schema-graph\">{\"@context\":\"https:\/\/schema.org\",\"@graph\":[{\"@type\":\"WebPage\",\"@id\":\"https:\/\/etherious.com\/shanghai-municipal-investment\/\",\"url\":\"https:\/\/etherious.com\/shanghai-municipal-investment\/\",\"name\":\"Shanghai Municipal Investment - THE ETHERIOUS FAMILY\",\"isPartOf\":{\"@id\":\"https:\/\/etherious.com\/#website\"},\"primaryImageOfPage\":{\"@id\":\"https:\/\/etherious.com\/shanghai-municipal-investment\/#primaryimage\"},\"image\":{\"@id\":\"https:\/\/etherious.com\/shanghai-municipal-investment\/#primaryimage\"},\"thumbnailUrl\":\"https:\/\/etherious.com\/wp-content\/uploads\/2024\/03\/smi.jpg\",\"datePublished\":\"2024-03-18T11:34:42+00:00\",\"dateModified\":\"2024-03-19T04:52:45+00:00\",\"breadcrumb\":{\"@id\":\"https:\/\/etherious.com\/shanghai-municipal-investment\/#breadcrumb\"},\"inLanguage\":\"en-US\",\"potentialAction\":[{\"@type\":\"ReadAction\",\"target\":[\"https:\/\/etherious.com\/shanghai-municipal-investment\/\"]}]},{\"@type\":\"ImageObject\",\"inLanguage\":\"en-US\",\"@id\":\"https:\/\/etherious.com\/shanghai-municipal-investment\/#primaryimage\",\"url\":\"https:\/\/etherious.com\/wp-content\/uploads\/2024\/03\/smi.jpg\",\"contentUrl\":\"https:\/\/etherious.com\/wp-content\/uploads\/2024\/03\/smi.jpg\"},{\"@type\":\"BreadcrumbList\",\"@id\":\"https:\/\/etherious.com\/shanghai-municipal-investment\/#breadcrumb\",\"itemListElement\":[{\"@type\":\"ListItem\",\"position\":1,\"name\":\"Home\",\"item\":\"https:\/\/etherious.com\/home\/\"},{\"@type\":\"ListItem\",\"position\":2,\"name\":\"Shanghai Municipal Investment\"}]},{\"@type\":\"WebSite\",\"@id\":\"https:\/\/etherious.com\/#website\",\"url\":\"https:\/\/etherious.com\/\",\"name\":\"THE ETHERIOUS FAMILY\",\"description\":\"\",\"potentialAction\":[{\"@type\":\"SearchAction\",\"target\":{\"@type\":\"EntryPoint\",\"urlTemplate\":\"https:\/\/etherious.com\/?s={search_term_string}\"},\"query-input\":{\"@type\":\"PropertyValueSpecification\",\"valueRequired\":true,\"valueName\":\"search_term_string\"}}],\"inLanguage\":\"en-US\"}]}<\/script>\n<!-- \/ Yoast SEO plugin. -->","yoast_head_json":{"title":"Shanghai Municipal Investment - THE ETHERIOUS FAMILY","robots":{"index":"index","follow":"follow","max-snippet":"max-snippet:-1","max-image-preview":"max-image-preview:large","max-video-preview":"max-video-preview:-1"},"canonical":"https:\/\/etherious.com\/fr\/shanghai-municipal-investment\/","og_locale":"en_US","og_type":"article","og_title":"Shanghai Municipal Investment - THE ETHERIOUS FAMILY","og_description":"Investissement municipal de Shanghai Fond\u00e9e en 1992, Shanghai Municipal Investment (SMI) est la plus grande entreprise publique de Shanghai. Le c\u0153ur des activit\u00e9s de SMI est compos\u00e9 d\u2019infrastructures publiques et de d\u00e9veloppement immobilier. La soci\u00e9t\u00e9 a r\u00e9alis\u00e9 plus de 2 000 projets durables \u00e0 ce jour et a r\u00e9cemment finalis\u00e9 son projet Cornerstone, la tour Shanghai. Cette tour universellement acclam\u00e9e est la plus grande superstructure au monde mesur\u00e9e par la zone de plancher brute et est actuellement le deuxi\u00e8me b\u00e2timent le plus haut du monde. Avec 25 ans d'exp\u00e9rience dans la construction et le d\u00e9veloppement, SMI est pass\u00e9 \u00e0 plus de 20 000 employ\u00e9s. La soci\u00e9t\u00e9 a obtenu une multitude de distinctions internationales et de soutien de parties prenantes publiques et priv\u00e9es pour sa poursuite incessante de la perfection et des normes \u00e9lev\u00e9es.","og_url":"https:\/\/etherious.com\/shanghai-municipal-investment\/","og_site_name":"THE ETHERIOUS FAMILY","article_modified_time":"2024-03-19T04:52:45+00:00","og_image":[{"url":"https:\/\/etherious.com\/wp-content\/uploads\/2024\/03\/smi.jpg","type":"","width":"","height":""}],"twitter_card":"summary_large_image","twitter_misc":{"Est. reading time":"1 minute"},"schema":{"@context":"https:\/\/schema.org","@graph":[{"@type":"WebPage","@id":"https:\/\/etherious.com\/shanghai-municipal-investment\/","url":"https:\/\/etherious.com\/shanghai-municipal-investment\/","name":"Shanghai Municipal Investment - THE ETHERIOUS FAMILY","isPartOf":{"@id":"https:\/\/etherious.com\/#website"},"primaryImageOfPage":{"@id":"https:\/\/etherious.com\/shanghai-municipal-investment\/#primaryimage"},"image":{"@id":"https:\/\/etherious.com\/shanghai-municipal-investment\/#primaryimage"},"thumbnailUrl":"https:\/\/etherious.com\/wp-content\/uploads\/2024\/03\/smi.jpg","datePublished":"2024-03-18T11:34:42+00:00","dateModified":"2024-03-19T04:52:45+00:00","breadcrumb":{"@id":"https:\/\/etherious.com\/shanghai-municipal-investment\/#breadcrumb"},"inLanguage":"en-US","potentialAction":[{"@type":"ReadAction","target":["https:\/\/etherious.com\/shanghai-municipal-investment\/"]}]},{"@type":"ImageObject","inLanguage":"en-US","@id":"https:\/\/etherious.com\/shanghai-municipal-investment\/#primaryimage","url":"https:\/\/etherious.com\/wp-content\/uploads\/2024\/03\/smi.jpg","contentUrl":"https:\/\/etherious.com\/wp-content\/uploads\/2024\/03\/smi.jpg"},{"@type":"BreadcrumbList","@id":"https:\/\/etherious.com\/shanghai-municipal-investment\/#breadcrumb","itemListElement":[{"@type":"ListItem","position":1,"name":"Home","item":"https:\/\/etherious.com\/home\/"},{"@type":"ListItem","position":2,"name":"Shanghai Municipal Investment"}]},{"@type":"WebSite","@id":"https:\/\/etherious.com\/#website","url":"https:\/\/etherious.com\/","name":"THE ETHERIOUS FAMILY","description":"","potentialAction":[{"@type":"SearchAction","target":{"@type":"EntryPoint","urlTemplate":"https:\/\/etherious.com\/?s={search_term_string}"},"query-input":{"@type":"PropertyValueSpecification","valueRequired":true,"valueName":"search_term_string"}}],"inLanguage":"en-US"}]}},"_links":{"self":[{"href":"https:\/\/etherious.com\/fr\/wp-json\/wp\/v2\/pages\/137","targetHints":{"allow":["GET"]}}],"collection":[{"href":"https:\/\/etherious.com\/fr\/wp-json\/wp\/v2\/pages"}],"about":[{"href":"https:\/\/etherious.com\/fr\/wp-json\/wp\/v2\/types\/page"}],"author":[{"embeddable":true,"href":"https:\/\/etherious.com\/fr\/wp-json\/wp\/v2\/users\/1"}],"replies":[{"embeddable":true,"href":"https:\/\/etherious.com\/fr\/wp-json\/wp\/v2\/comments?post=137"}],"version-history":[{"count":4,"href":"https:\/\/etherious.com\/fr\/wp-json\/wp\/v2\/pages\/137\/revisions"}],"predecessor-version":[{"id":186,"href":"https:\/\/etherious.com\/fr\/wp-json\/wp\/v2\/pages\/137\/revisions\/186"}],"wp:attachment":[{"href":"https:\/\/etherious.com\/fr\/wp-json\/wp\/v2\/media?parent=137"}],"curies":[{"name":"wp","href":"https:\/\/api.w.org\/{rel}","templated":true}]}}