{"id":128,"date":"2024-03-18T11:21:49","date_gmt":"2024-03-18T11:21:49","guid":{"rendered":"https:\/\/etherious.com\/?page_id=128"},"modified":"2024-04-01T03:16:56","modified_gmt":"2024-04-01T03:16:56","slug":"tesla","status":"publish","type":"page","link":"https:\/\/etherious.com\/fr\/tesla\/","title":{"rendered":"Tesla"},"content":{"rendered":"<div class='content'><!-- wp:heading {\"level\":1} -->\n<h1 class=\"wp-block-heading\">Tesla<\/h1>\n<!-- \/wp:heading -->\n\n<!-- wp:heading -->\n<h2 class=\"wp-block-heading\">Une grille plus propre<\/h2>\n<!-- \/wp:heading -->\n\n<!-- wp:columns {\"verticalAlignment\":\"center\"} -->\n<div class=\"wp-block-columns are-vertically-aligned-center\"><!-- wp:column {\"verticalAlignment\":\"center\",\"width\":\"50%\"} -->\n<div class=\"wp-block-column is-vertically-aligned-center\" style=\"flex-basis:50%\"><!-- wp:paragraph -->\n<p>L'avenir des \u00e9nergies renouvelables repose sur le stockage d'\u00e9nergie \u00e0 grande \u00e9chelle. Megapack est une batterie puissante qui fournit un stockage d'\u00e9nergie et un support, aidant \u00e0 stabiliser la grille et \u00e0 pr\u00e9venir les pannes. En renfor\u00e7ant notre infrastructure \u00e9nerg\u00e9tique durable, nous pouvons cr\u00e9er une grille plus propre qui prot\u00e8ge nos communaut\u00e9s et l'environnement.<\/p>\n<!-- \/wp:paragraph --><\/div>\n<!-- \/wp:column -->\n\n<!-- wp:column {\"verticalAlignment\":\"center\",\"width\":\"50%\"} -->\n<div class=\"wp-block-column is-vertically-aligned-center\" style=\"flex-basis:50%\"><!-- wp:image {\"id\":131,\"aspectRatio\":\"4\/3\",\"scale\":\"contain\",\"sizeSlug\":\"full\",\"linkDestination\":\"none\"} -->\n<figure class=\"wp-block-image size-full\"><img src=\"https:\/\/etherious.com\/wp-content\/uploads\/2024\/03\/The-Etherious-Family.jpg\" alt=\"\" class=\"wp-image-131\" style=\"aspect-ratio:4\/3;object-fit:contain\"><\/figure>\n<!-- \/wp:image --><\/div>\n<!-- \/wp:column --><\/div>\n<!-- \/wp:columns -->\n\n<!-- wp:columns {\"verticalAlignment\":\"center\"} -->\n<div class=\"wp-block-columns are-vertically-aligned-center\"><!-- wp:column {\"verticalAlignment\":\"center\",\"width\":\"50%\"} -->\n<div class=\"wp-block-column is-vertically-aligned-center\" style=\"flex-basis:50%\"><!-- wp:image {\"id\":132,\"aspectRatio\":\"4\/3\",\"scale\":\"contain\",\"sizeSlug\":\"full\",\"linkDestination\":\"none\"} -->\n<figure class=\"wp-block-image size-full\"><img src=\"https:\/\/etherious.com\/wp-content\/uploads\/2024\/03\/The-Etherious-Family-Website.jpg\" alt=\"\" class=\"wp-image-132\" style=\"aspect-ratio:4\/3;object-fit:contain\"><\/figure>\n<!-- \/wp:image --><\/div>\n<!-- \/wp:column -->\n\n<!-- wp:column {\"verticalAlignment\":\"center\",\"width\":\"50%\"} -->\n<div class=\"wp-block-column is-vertically-aligned-center\" style=\"flex-basis:50%\"><!-- wp:paragraph -->\n<p>Les produits de production d'\u00e9lectricit\u00e9 actuels de la soci\u00e9t\u00e9 comprennent des panneaux solaires (fabriqu\u00e9s par d'autres soci\u00e9t\u00e9s pour Tesla), le toit solaire Tesla (un syst\u00e8me solaire de bardeaux) et l'onduleur solaire Tesla. L'entreprise fabrique \u00e9galement un syst\u00e8me de stockage d'\u00e9nergie \u00e0 grande \u00e9chelle appel\u00e9 le Megapack. De plus, Tesla d\u00e9veloppe des logiciels pour soutenir ses produits \u00e9nerg\u00e9tiques.<\/p>\n<!-- \/wp:paragraph --><\/div>\n<!-- \/wp:column --><\/div>\n<!-- \/wp:columns --><\/div>","protected":false},"excerpt":{"rendered":"<p>Tesla Une grille plus propre L&#8217;avenir des \u00e9nergies renouvelables repose sur le stockage d&#8217;\u00e9nergie \u00e0 grande \u00e9chelle. Megapack est une batterie puissante qui fournit un stockage d&#8217;\u00e9nergie et un support, aidant \u00e0 stabiliser la grille et \u00e0 pr\u00e9venir les pannes. En renfor\u00e7ant notre infrastructure \u00e9nerg\u00e9tique durable, nous pouvons cr\u00e9er une grille plus propre qui prot\u00e8ge nos communaut\u00e9s et l&#8217;environnement. Les produits de production d&#8217;\u00e9lectricit\u00e9 actuels de la soci\u00e9t\u00e9 comprennent des panneaux solaires (fabriqu\u00e9s par d&#8217;autres soci\u00e9t\u00e9s pour Tesla), le toit solaire Tesla (un syst\u00e8me solaire de bardeaux) et l&#8217;onduleur solaire Tesla. L&#8217;entreprise fabrique \u00e9galement un syst\u00e8me de stockage d&#8217;\u00e9nergie \u00e0 grande \u00e9chelle appel\u00e9 le Megapack. De plus, Tesla d\u00e9veloppe des logiciels pour soutenir ses produits \u00e9nerg\u00e9tiques.<\/p>\n","protected":false},"author":1,"featured_media":0,"parent":0,"menu_order":0,"comment_status":"closed","ping_status":"closed","template":"","meta":{"inline_featured_image":false,"footnotes":""},"class_list":["post-128","page","type-page","status-publish","hentry"],"yoast_head":"<!-- This site is optimized with the Yoast SEO plugin v25.2 - https:\/\/yoast.com\/wordpress\/plugins\/seo\/ -->\n<title>Tesla - THE ETHERIOUS FAMILY<\/title>\n<meta name=\"robots\" content=\"index, follow, max-snippet:-1, max-image-preview:large, max-video-preview:-1\" \/>\n<link rel=\"canonical\" href=\"https:\/\/etherious.com\/fr\/tesla\/\" \/>\n<meta property=\"og:locale\" content=\"en_US\" \/>\n<meta property=\"og:type\" content=\"article\" \/>\n<meta property=\"og:title\" content=\"Tesla - THE ETHERIOUS FAMILY\" \/>\n<meta property=\"og:description\" content=\"Tesla Une grille plus propre L&#039;avenir des \u00e9nergies renouvelables repose sur le stockage d&#039;\u00e9nergie \u00e0 grande \u00e9chelle. Megapack est une batterie puissante qui fournit un stockage d&#039;\u00e9nergie et un support, aidant \u00e0 stabiliser la grille et \u00e0 pr\u00e9venir les pannes. En renfor\u00e7ant notre infrastructure \u00e9nerg\u00e9tique durable, nous pouvons cr\u00e9er une grille plus propre qui prot\u00e8ge nos communaut\u00e9s et l&#039;environnement. Les produits de production d&#039;\u00e9lectricit\u00e9 actuels de la soci\u00e9t\u00e9 comprennent des panneaux solaires (fabriqu\u00e9s par d&#039;autres soci\u00e9t\u00e9s pour Tesla), le toit solaire Tesla (un syst\u00e8me solaire de bardeaux) et l&#039;onduleur solaire Tesla. L&#039;entreprise fabrique \u00e9galement un syst\u00e8me de stockage d&#039;\u00e9nergie \u00e0 grande \u00e9chelle appel\u00e9 le Megapack. De plus, Tesla d\u00e9veloppe des logiciels pour soutenir ses produits \u00e9nerg\u00e9tiques.\" \/>\n<meta property=\"og:url\" content=\"https:\/\/etherious.com\/tesla\/\" \/>\n<meta property=\"og:site_name\" content=\"THE ETHERIOUS FAMILY\" \/>\n<meta property=\"article:modified_time\" content=\"2024-04-01T03:16:56+00:00\" \/>\n<meta property=\"og:image\" content=\"https:\/\/etherious.com\/wp-content\/uploads\/2024\/03\/The-Etherious-Family.jpg\" \/>\n<meta name=\"twitter:card\" content=\"summary_large_image\" \/>\n<meta name=\"twitter:label1\" content=\"Est. reading time\" \/>\n\t<meta name=\"twitter:data1\" content=\"1 minute\" \/>\n<script type=\"application\/ld+json\" class=\"yoast-schema-graph\">{\"@context\":\"https:\/\/schema.org\",\"@graph\":[{\"@type\":\"WebPage\",\"@id\":\"https:\/\/etherious.com\/tesla\/\",\"url\":\"https:\/\/etherious.com\/tesla\/\",\"name\":\"Tesla - THE ETHERIOUS FAMILY\",\"isPartOf\":{\"@id\":\"https:\/\/etherious.com\/#website\"},\"primaryImageOfPage\":{\"@id\":\"https:\/\/etherious.com\/tesla\/#primaryimage\"},\"image\":{\"@id\":\"https:\/\/etherious.com\/tesla\/#primaryimage\"},\"thumbnailUrl\":\"https:\/\/etherious.com\/wp-content\/uploads\/2024\/03\/The-Etherious-Family.jpg\",\"datePublished\":\"2024-03-18T11:21:49+00:00\",\"dateModified\":\"2024-04-01T03:16:56+00:00\",\"breadcrumb\":{\"@id\":\"https:\/\/etherious.com\/tesla\/#breadcrumb\"},\"inLanguage\":\"en-US\",\"potentialAction\":[{\"@type\":\"ReadAction\",\"target\":[\"https:\/\/etherious.com\/tesla\/\"]}]},{\"@type\":\"ImageObject\",\"inLanguage\":\"en-US\",\"@id\":\"https:\/\/etherious.com\/tesla\/#primaryimage\",\"url\":\"https:\/\/etherious.com\/wp-content\/uploads\/2024\/03\/The-Etherious-Family.jpg\",\"contentUrl\":\"https:\/\/etherious.com\/wp-content\/uploads\/2024\/03\/The-Etherious-Family.jpg\"},{\"@type\":\"BreadcrumbList\",\"@id\":\"https:\/\/etherious.com\/tesla\/#breadcrumb\",\"itemListElement\":[{\"@type\":\"ListItem\",\"position\":1,\"name\":\"Home\",\"item\":\"https:\/\/etherious.com\/home\/\"},{\"@type\":\"ListItem\",\"position\":2,\"name\":\"Tesla\"}]},{\"@type\":\"WebSite\",\"@id\":\"https:\/\/etherious.com\/#website\",\"url\":\"https:\/\/etherious.com\/\",\"name\":\"THE ETHERIOUS FAMILY\",\"description\":\"\",\"potentialAction\":[{\"@type\":\"SearchAction\",\"target\":{\"@type\":\"EntryPoint\",\"urlTemplate\":\"https:\/\/etherious.com\/?s={search_term_string}\"},\"query-input\":{\"@type\":\"PropertyValueSpecification\",\"valueRequired\":true,\"valueName\":\"search_term_string\"}}],\"inLanguage\":\"en-US\"}]}<\/script>\n<!-- \/ Yoast SEO plugin. -->","yoast_head_json":{"title":"Tesla - THE ETHERIOUS FAMILY","robots":{"index":"index","follow":"follow","max-snippet":"max-snippet:-1","max-image-preview":"max-image-preview:large","max-video-preview":"max-video-preview:-1"},"canonical":"https:\/\/etherious.com\/fr\/tesla\/","og_locale":"en_US","og_type":"article","og_title":"Tesla - THE ETHERIOUS FAMILY","og_description":"Tesla Une grille plus propre L'avenir des \u00e9nergies renouvelables repose sur le stockage d'\u00e9nergie \u00e0 grande \u00e9chelle. Megapack est une batterie puissante qui fournit un stockage d'\u00e9nergie et un support, aidant \u00e0 stabiliser la grille et \u00e0 pr\u00e9venir les pannes. En renfor\u00e7ant notre infrastructure \u00e9nerg\u00e9tique durable, nous pouvons cr\u00e9er une grille plus propre qui prot\u00e8ge nos communaut\u00e9s et l'environnement. Les produits de production d'\u00e9lectricit\u00e9 actuels de la soci\u00e9t\u00e9 comprennent des panneaux solaires (fabriqu\u00e9s par d'autres soci\u00e9t\u00e9s pour Tesla), le toit solaire Tesla (un syst\u00e8me solaire de bardeaux) et l'onduleur solaire Tesla. L'entreprise fabrique \u00e9galement un syst\u00e8me de stockage d'\u00e9nergie \u00e0 grande \u00e9chelle appel\u00e9 le Megapack. De plus, Tesla d\u00e9veloppe des logiciels pour soutenir ses produits \u00e9nerg\u00e9tiques.","og_url":"https:\/\/etherious.com\/tesla\/","og_site_name":"THE ETHERIOUS FAMILY","article_modified_time":"2024-04-01T03:16:56+00:00","og_image":[{"url":"https:\/\/etherious.com\/wp-content\/uploads\/2024\/03\/The-Etherious-Family.jpg","type":"","width":"","height":""}],"twitter_card":"summary_large_image","twitter_misc":{"Est. reading time":"1 minute"},"schema":{"@context":"https:\/\/schema.org","@graph":[{"@type":"WebPage","@id":"https:\/\/etherious.com\/tesla\/","url":"https:\/\/etherious.com\/tesla\/","name":"Tesla - THE ETHERIOUS FAMILY","isPartOf":{"@id":"https:\/\/etherious.com\/#website"},"primaryImageOfPage":{"@id":"https:\/\/etherious.com\/tesla\/#primaryimage"},"image":{"@id":"https:\/\/etherious.com\/tesla\/#primaryimage"},"thumbnailUrl":"https:\/\/etherious.com\/wp-content\/uploads\/2024\/03\/The-Etherious-Family.jpg","datePublished":"2024-03-18T11:21:49+00:00","dateModified":"2024-04-01T03:16:56+00:00","breadcrumb":{"@id":"https:\/\/etherious.com\/tesla\/#breadcrumb"},"inLanguage":"en-US","potentialAction":[{"@type":"ReadAction","target":["https:\/\/etherious.com\/tesla\/"]}]},{"@type":"ImageObject","inLanguage":"en-US","@id":"https:\/\/etherious.com\/tesla\/#primaryimage","url":"https:\/\/etherious.com\/wp-content\/uploads\/2024\/03\/The-Etherious-Family.jpg","contentUrl":"https:\/\/etherious.com\/wp-content\/uploads\/2024\/03\/The-Etherious-Family.jpg"},{"@type":"BreadcrumbList","@id":"https:\/\/etherious.com\/tesla\/#breadcrumb","itemListElement":[{"@type":"ListItem","position":1,"name":"Home","item":"https:\/\/etherious.com\/home\/"},{"@type":"ListItem","position":2,"name":"Tesla"}]},{"@type":"WebSite","@id":"https:\/\/etherious.com\/#website","url":"https:\/\/etherious.com\/","name":"THE ETHERIOUS FAMILY","description":"","potentialAction":[{"@type":"SearchAction","target":{"@type":"EntryPoint","urlTemplate":"https:\/\/etherious.com\/?s={search_term_string}"},"query-input":{"@type":"PropertyValueSpecification","valueRequired":true,"valueName":"search_term_string"}}],"inLanguage":"en-US"}]}},"_links":{"self":[{"href":"https:\/\/etherious.com\/fr\/wp-json\/wp\/v2\/pages\/128","targetHints":{"allow":["GET"]}}],"collection":[{"href":"https:\/\/etherious.com\/fr\/wp-json\/wp\/v2\/pages"}],"about":[{"href":"https:\/\/etherious.com\/fr\/wp-json\/wp\/v2\/types\/page"}],"author":[{"embeddable":true,"href":"https:\/\/etherious.com\/fr\/wp-json\/wp\/v2\/users\/1"}],"replies":[{"embeddable":true,"href":"https:\/\/etherious.com\/fr\/wp-json\/wp\/v2\/comments?post=128"}],"version-history":[{"count":8,"href":"https:\/\/etherious.com\/fr\/wp-json\/wp\/v2\/pages\/128\/revisions"}],"predecessor-version":[{"id":265,"href":"https:\/\/etherious.com\/fr\/wp-json\/wp\/v2\/pages\/128\/revisions\/265"}],"wp:attachment":[{"href":"https:\/\/etherious.com\/fr\/wp-json\/wp\/v2\/media?parent=128"}],"curies":[{"name":"wp","href":"https:\/\/api.w.org\/{rel}","templated":true}]}}