{"id":82,"date":"2024-03-15T13:13:37","date_gmt":"2024-03-15T13:13:37","guid":{"rendered":"https:\/\/etherious.com\/?page_id=82"},"modified":"2024-05-12T05:58:24","modified_gmt":"2024-05-12T05:58:24","slug":"faqs","status":"publish","type":"page","link":"https:\/\/etherious.com\/es\/faqs\/","title":{"rendered":"Preguntas frecuentes"},"content":{"rendered":"<div class='content'><!-- wp:heading {\"textAlign\":\"center\",\"level\":1,\"style\":{\"typography\":{\"fontSize\":\"45px\"}}} -->\n<h1 class=\"wp-block-heading has-text-align-center\" style=\"font-size:45px\">Preguntas frecuentes<\/h1>\n<!-- \/wp:heading -->\n\n<!-- wp:spacer {\"height\":\"125px\"} -->\n<div style=\"height:125px\" aria-hidden=\"true\" class=\"wp-block-spacer\"><\/div>\n<!-- \/wp:spacer -->\n\n<!-- wp:heading {\"textAlign\":\"center\",\"style\":{\"typography\":{\"fontSize\":\"30px\"}}} -->\n<h2 class=\"wp-block-heading has-text-align-center\" style=\"font-size:30px\">Colaboraci\u00f3n<\/h2>\n<!-- \/wp:heading -->\n\n<!-- wp:spacer {\"height\":\"50px\"} -->\n<div style=\"height:50px\" aria-hidden=\"true\" class=\"wp-block-spacer\"><\/div>\n<!-- \/wp:spacer -->\n\n<!-- wp:heading {\"level\":3,\"style\":{\"typography\":{\"fontSize\":\"30px\"}}} -->\n<h3 class=\"wp-block-heading\" style=\"font-size:30px\">Me gustar\u00eda colaborar con la familia etherous.<\/h3>\n<!-- \/wp:heading -->\n\n<!-- wp:paragraph {\"style\":{\"typography\":{\"fontSize\":\"20px\"}}} -->\n<p style=\"font-size:20px\">Desafortunadamente, debido al volumen de solicitud que recibimos de esta naturaleza, no podemos aceptar solicitudes de colaboraci\u00f3n.<\/p>\n<!-- \/wp:paragraph -->\n\n<!-- wp:heading {\"level\":3,\"style\":{\"typography\":{\"fontSize\":\"30px\"}}} -->\n<h3 class=\"wp-block-heading\" style=\"font-size:30px\">Tengo algunos dise\u00f1os o ideas que me gustar\u00eda mostrar a la familia et\u00e9rica, \u00bfcon qui\u00e9n puedo hablar?<\/h3>\n<!-- \/wp:heading -->\n\n<!-- wp:paragraph {\"style\":{\"typography\":{\"fontSize\":\"20px\"}}} -->\n<p style=\"font-size:20px\">Recibimos muchas solicitudes de presentaci\u00f3n de ideas de dise\u00f1o y no se nos permite aceptar ideas de ninguna persona fuera del negocio.<\/p>\n<!-- \/wp:paragraph -->\n\n<!-- wp:spacer {\"height\":\"125px\"} -->\n<div style=\"height:125px\" aria-hidden=\"true\" class=\"wp-block-spacer\"><\/div>\n<!-- \/wp:spacer -->\n\n<!-- wp:heading {\"textAlign\":\"center\",\"style\":{\"typography\":{\"fontSize\":\"30px\"}}} -->\n<h2 class=\"wp-block-heading has-text-align-center\" style=\"font-size:30px\">Patrocinios<\/h2>\n<!-- \/wp:heading -->\n\n<!-- wp:spacer {\"height\":\"50px\"} -->\n<div style=\"height:50px\" aria-hidden=\"true\" class=\"wp-block-spacer\"><\/div>\n<!-- \/wp:spacer -->\n\n<!-- wp:heading {\"level\":3,\"style\":{\"typography\":{\"fontSize\":\"30px\"}}} -->\n<h3 class=\"wp-block-heading\" style=\"font-size:30px\">\u00bfC\u00f3mo puedo solicitar el patrocinio de la familia et\u00e9rica?<\/h3>\n<!-- \/wp:heading -->\n\n<!-- wp:paragraph {\"style\":{\"typography\":{\"fontSize\":\"20px\"}}} -->\n<p style=\"font-size:20px\">Recibimos muchas solicitudes de patrocinio, financiaci\u00f3n y donaciones, y aunque somos un gran defensor de las organizaciones ben\u00e9ficas locales, lamentablemente no podemos apoyar todas las causas dignas que nos llaman la atenci\u00f3n. La familia Etherous selecciona una organizaci\u00f3n ben\u00e9fica de la casa cada a\u00f1o para ser nuestro principal enfoque caritativo, para 2023 La organizaci\u00f3n ben\u00e9fica que hemos elegido es Arun de inicio de inicio.<\/p>\n<!-- \/wp:paragraph -->\n\n<!-- wp:paragraph {\"style\":{\"typography\":{\"fontSize\":\"20px\"}}} -->\n<p style=\"font-size:20px\">El inicio Arun promueve el bienestar de las familias en las \u00e1reas de Arun, Worthing y Adur District Council, para aliviar el estr\u00e9s y el conflicto en el hogar y prevenir la crisis y el colapso familiar.<\/p>\n<!-- \/wp:paragraph -->\n\n<!-- wp:spacer {\"height\":\"125px\"} -->\n<div style=\"height:125px\" aria-hidden=\"true\" class=\"wp-block-spacer\"><\/div>\n<!-- \/wp:spacer -->\n\n<!-- wp:heading {\"textAlign\":\"center\",\"style\":{\"typography\":{\"fontSize\":\"30px\"}}} -->\n<h2 class=\"wp-block-heading has-text-align-center\" style=\"font-size:30px\">El procedimiento de quejas de los clientes familiares de Ethero<\/h2>\n<!-- \/wp:heading -->\n\n<!-- wp:spacer {\"height\":\"50px\"} -->\n<div style=\"height:50px\" aria-hidden=\"true\" class=\"wp-block-spacer\"><\/div>\n<!-- \/wp:spacer -->\n\n<!-- wp:heading {\"level\":3,\"style\":{\"typography\":{\"fontSize\":\"30px\"}}} -->\n<h3 class=\"wp-block-heading\" style=\"font-size:30px\">\u00bfC\u00f3mo puedo registrar una queja sobre mis productos familiares Etherous Family \/ el servicio que me brindan?<\/h3>\n<!-- \/wp:heading -->\n\n<!-- wp:paragraph {\"style\":{\"typography\":{\"fontSize\":\"20px\"}}} -->\n<p style=\"font-size:20px\">La familia ethero se compromete a producir y entregar productos y servicios del m\u00e1s alto nivel, pero entendemos que a veces las cosas pueden salir mal. Si tiene una preocupaci\u00f3n o no est\u00e1 satisfecho de alguna manera, visite <a href=\"https:\/\/etherious.com\/client-matints-procedure\/\"> <mark style=\"background-color: rgba (0, 0, 0, 0) \" class=\" HA-Enline-Color Has-White-Color \"> <strong> Esta p\u00e1gina <\/strong> <\/mark> <\/a> Para obtener m\u00e1s detalles.<\/p>\n<!-- \/wp:paragraph -->\n\n<!-- wp:spacer {\"height\":\"200px\"} -->\n<div style=\"height:200px\" aria-hidden=\"true\" class=\"wp-block-spacer\"><\/div>\n<!-- \/wp:spacer --><\/div>","protected":false},"excerpt":{"rendered":"<p>Preguntas frecuentes Colaboraci\u00f3n Me gustar\u00eda colaborar con la familia etherous. Desafortunadamente, debido al volumen de solicitud que recibimos de esta naturaleza, no podemos aceptar solicitudes de colaboraci\u00f3n. Tengo algunos dise\u00f1os o ideas que me gustar\u00eda mostrar a la familia et\u00e9rica, \u00bfcon qui\u00e9n puedo hablar? Recibimos muchas solicitudes de presentaci\u00f3n de ideas de dise\u00f1o y no se nos permite aceptar ideas de ninguna persona fuera del negocio. Patrocinios \u00bfC\u00f3mo puedo solicitar el patrocinio de la familia et\u00e9rica? Recibimos muchas solicitudes de patrocinio, financiaci\u00f3n y donaciones, y aunque somos un gran defensor de las organizaciones ben\u00e9ficas locales, lamentablemente no podemos apoyar todas las causas dignas que nos llaman la atenci\u00f3n. La familia Etherous selecciona una organizaci\u00f3n ben\u00e9fica de la casa cada a\u00f1o para ser nuestro principal enfoque caritativo, para 2023 La organizaci\u00f3n ben\u00e9fica que hemos elegido es Arun de inicio de inicio. El inicio Arun promueve el bienestar de las familias en las \u00e1reas de Arun, Worthing y Adur District Council, para aliviar el estr\u00e9s y el conflicto en el hogar y prevenir la crisis y el colapso familiar. El procedimiento de quejas de los clientes familiares de Ethero \u00bfC\u00f3mo puedo registrar una queja sobre mis productos familiares Etherous Family \/ el&#8230;<\/p>\n","protected":false},"author":1,"featured_media":0,"parent":0,"menu_order":0,"comment_status":"closed","ping_status":"closed","template":"","meta":{"inline_featured_image":false,"footnotes":""},"class_list":["post-82","page","type-page","status-publish","hentry"],"yoast_head":"<!-- This site is optimized with the Yoast SEO plugin v25.2 - https:\/\/yoast.com\/wordpress\/plugins\/seo\/ -->\n<title>FAQS - THE ETHERIOUS FAMILY<\/title>\n<meta name=\"robots\" content=\"index, follow, max-snippet:-1, max-image-preview:large, max-video-preview:-1\" \/>\n<link rel=\"canonical\" href=\"https:\/\/etherious.com\/es\/faqs\/\" \/>\n<meta property=\"og:locale\" content=\"en_US\" \/>\n<meta property=\"og:type\" content=\"article\" \/>\n<meta property=\"og:title\" content=\"FAQS - THE ETHERIOUS FAMILY\" \/>\n<meta property=\"og:description\" content=\"Preguntas frecuentes Colaboraci\u00f3n Me gustar\u00eda colaborar con la familia etherous. Desafortunadamente, debido al volumen de solicitud que recibimos de esta naturaleza, no podemos aceptar solicitudes de colaboraci\u00f3n. Tengo algunos dise\u00f1os o ideas que me gustar\u00eda mostrar a la familia et\u00e9rica, \u00bfcon qui\u00e9n puedo hablar? Recibimos muchas solicitudes de presentaci\u00f3n de ideas de dise\u00f1o y no se nos permite aceptar ideas de ninguna persona fuera del negocio. Patrocinios \u00bfC\u00f3mo puedo solicitar el patrocinio de la familia et\u00e9rica? Recibimos muchas solicitudes de patrocinio, financiaci\u00f3n y donaciones, y aunque somos un gran defensor de las organizaciones ben\u00e9ficas locales, lamentablemente no podemos apoyar todas las causas dignas que nos llaman la atenci\u00f3n. La familia Etherous selecciona una organizaci\u00f3n ben\u00e9fica de la casa cada a\u00f1o para ser nuestro principal enfoque caritativo, para 2023 La organizaci\u00f3n ben\u00e9fica que hemos elegido es Arun de inicio de inicio. El inicio Arun promueve el bienestar de las familias en las \u00e1reas de Arun, Worthing y Adur District Council, para aliviar el estr\u00e9s y el conflicto en el hogar y prevenir la crisis y el colapso familiar. El procedimiento de quejas de los clientes familiares de Ethero \u00bfC\u00f3mo puedo registrar una queja sobre mis productos familiares Etherous Family \/ el...\" \/>\n<meta property=\"og:url\" content=\"https:\/\/etherious.com\/faqs\/\" \/>\n<meta property=\"og:site_name\" content=\"THE ETHERIOUS FAMILY\" \/>\n<meta property=\"article:modified_time\" content=\"2024-05-12T05:58:24+00:00\" \/>\n<meta name=\"twitter:card\" content=\"summary_large_image\" \/>\n<meta name=\"twitter:label1\" content=\"Est. reading time\" \/>\n\t<meta name=\"twitter:data1\" content=\"2 minutes\" \/>\n<script type=\"application\/ld+json\" class=\"yoast-schema-graph\">{\"@context\":\"https:\/\/schema.org\",\"@graph\":[{\"@type\":\"WebPage\",\"@id\":\"https:\/\/etherious.com\/faqs\/\",\"url\":\"https:\/\/etherious.com\/faqs\/\",\"name\":\"FAQS - THE ETHERIOUS FAMILY\",\"isPartOf\":{\"@id\":\"https:\/\/etherious.com\/#website\"},\"datePublished\":\"2024-03-15T13:13:37+00:00\",\"dateModified\":\"2024-05-12T05:58:24+00:00\",\"breadcrumb\":{\"@id\":\"https:\/\/etherious.com\/faqs\/#breadcrumb\"},\"inLanguage\":\"en-US\",\"potentialAction\":[{\"@type\":\"ReadAction\",\"target\":[\"https:\/\/etherious.com\/faqs\/\"]}]},{\"@type\":\"BreadcrumbList\",\"@id\":\"https:\/\/etherious.com\/faqs\/#breadcrumb\",\"itemListElement\":[{\"@type\":\"ListItem\",\"position\":1,\"name\":\"Home\",\"item\":\"https:\/\/etherious.com\/home\/\"},{\"@type\":\"ListItem\",\"position\":2,\"name\":\"FAQS\"}]},{\"@type\":\"WebSite\",\"@id\":\"https:\/\/etherious.com\/#website\",\"url\":\"https:\/\/etherious.com\/\",\"name\":\"THE ETHERIOUS FAMILY\",\"description\":\"\",\"potentialAction\":[{\"@type\":\"SearchAction\",\"target\":{\"@type\":\"EntryPoint\",\"urlTemplate\":\"https:\/\/etherious.com\/?s={search_term_string}\"},\"query-input\":{\"@type\":\"PropertyValueSpecification\",\"valueRequired\":true,\"valueName\":\"search_term_string\"}}],\"inLanguage\":\"en-US\"}]}<\/script>\n<!-- \/ Yoast SEO plugin. -->","yoast_head_json":{"title":"FAQS - THE ETHERIOUS FAMILY","robots":{"index":"index","follow":"follow","max-snippet":"max-snippet:-1","max-image-preview":"max-image-preview:large","max-video-preview":"max-video-preview:-1"},"canonical":"https:\/\/etherious.com\/es\/faqs\/","og_locale":"en_US","og_type":"article","og_title":"FAQS - THE ETHERIOUS FAMILY","og_description":"Preguntas frecuentes Colaboraci\u00f3n Me gustar\u00eda colaborar con la familia etherous. Desafortunadamente, debido al volumen de solicitud que recibimos de esta naturaleza, no podemos aceptar solicitudes de colaboraci\u00f3n. Tengo algunos dise\u00f1os o ideas que me gustar\u00eda mostrar a la familia et\u00e9rica, \u00bfcon qui\u00e9n puedo hablar? Recibimos muchas solicitudes de presentaci\u00f3n de ideas de dise\u00f1o y no se nos permite aceptar ideas de ninguna persona fuera del negocio. Patrocinios \u00bfC\u00f3mo puedo solicitar el patrocinio de la familia et\u00e9rica? Recibimos muchas solicitudes de patrocinio, financiaci\u00f3n y donaciones, y aunque somos un gran defensor de las organizaciones ben\u00e9ficas locales, lamentablemente no podemos apoyar todas las causas dignas que nos llaman la atenci\u00f3n. La familia Etherous selecciona una organizaci\u00f3n ben\u00e9fica de la casa cada a\u00f1o para ser nuestro principal enfoque caritativo, para 2023 La organizaci\u00f3n ben\u00e9fica que hemos elegido es Arun de inicio de inicio. El inicio Arun promueve el bienestar de las familias en las \u00e1reas de Arun, Worthing y Adur District Council, para aliviar el estr\u00e9s y el conflicto en el hogar y prevenir la crisis y el colapso familiar. El procedimiento de quejas de los clientes familiares de Ethero \u00bfC\u00f3mo puedo registrar una queja sobre mis productos familiares Etherous Family \/ el...","og_url":"https:\/\/etherious.com\/faqs\/","og_site_name":"THE ETHERIOUS FAMILY","article_modified_time":"2024-05-12T05:58:24+00:00","twitter_card":"summary_large_image","twitter_misc":{"Est. reading time":"2 minutes"},"schema":{"@context":"https:\/\/schema.org","@graph":[{"@type":"WebPage","@id":"https:\/\/etherious.com\/faqs\/","url":"https:\/\/etherious.com\/faqs\/","name":"FAQS - THE ETHERIOUS FAMILY","isPartOf":{"@id":"https:\/\/etherious.com\/#website"},"datePublished":"2024-03-15T13:13:37+00:00","dateModified":"2024-05-12T05:58:24+00:00","breadcrumb":{"@id":"https:\/\/etherious.com\/faqs\/#breadcrumb"},"inLanguage":"en-US","potentialAction":[{"@type":"ReadAction","target":["https:\/\/etherious.com\/faqs\/"]}]},{"@type":"BreadcrumbList","@id":"https:\/\/etherious.com\/faqs\/#breadcrumb","itemListElement":[{"@type":"ListItem","position":1,"name":"Home","item":"https:\/\/etherious.com\/home\/"},{"@type":"ListItem","position":2,"name":"FAQS"}]},{"@type":"WebSite","@id":"https:\/\/etherious.com\/#website","url":"https:\/\/etherious.com\/","name":"THE ETHERIOUS FAMILY","description":"","potentialAction":[{"@type":"SearchAction","target":{"@type":"EntryPoint","urlTemplate":"https:\/\/etherious.com\/?s={search_term_string}"},"query-input":{"@type":"PropertyValueSpecification","valueRequired":true,"valueName":"search_term_string"}}],"inLanguage":"en-US"}]}},"_links":{"self":[{"href":"https:\/\/etherious.com\/es\/wp-json\/wp\/v2\/pages\/82","targetHints":{"allow":["GET"]}}],"collection":[{"href":"https:\/\/etherious.com\/es\/wp-json\/wp\/v2\/pages"}],"about":[{"href":"https:\/\/etherious.com\/es\/wp-json\/wp\/v2\/types\/page"}],"author":[{"embeddable":true,"href":"https:\/\/etherious.com\/es\/wp-json\/wp\/v2\/users\/1"}],"replies":[{"embeddable":true,"href":"https:\/\/etherious.com\/es\/wp-json\/wp\/v2\/comments?post=82"}],"version-history":[{"count":11,"href":"https:\/\/etherious.com\/es\/wp-json\/wp\/v2\/pages\/82\/revisions"}],"predecessor-version":[{"id":691,"href":"https:\/\/etherious.com\/es\/wp-json\/wp\/v2\/pages\/82\/revisions\/691"}],"wp:attachment":[{"href":"https:\/\/etherious.com\/es\/wp-json\/wp\/v2\/media?parent=82"}],"curies":[{"name":"wp","href":"https:\/\/api.w.org\/{rel}","templated":true}]}}