{"id":649,"date":"2024-05-09T23:18:57","date_gmt":"2024-05-09T23:18:57","guid":{"rendered":"https:\/\/etherious.com\/?page_id=649"},"modified":"2024-12-17T06:57:43","modified_gmt":"2024-12-17T06:57:43","slug":"executive-compensation-advisory","status":"publish","type":"page","link":"https:\/\/etherious.com\/es\/executive-compensation-advisory\/","title":{"rendered":"Aviso de compensaci\u00f3n ejecutiva"},"content":{"rendered":"<div class='content'><!-- wp:heading {\"level\":1,\"style\":{\"typography\":{\"fontSize\":\"45px\"}}} -->\n<h1 class=\"wp-block-heading\" id=\"executive\" style=\"font-size:45px\">Aviso de compensaci\u00f3n ejecutiva<\/h1>\n<!-- \/wp:heading -->\n\n<!-- wp:spacer {\"height\":\"125px\"} -->\n<div style=\"height:125px\" aria-hidden=\"true\" class=\"wp-block-spacer\"><\/div>\n<!-- \/wp:spacer -->\n\n<!-- wp:heading {\"textAlign\":\"right\",\"style\":{\"typography\":{\"fontSize\":\"30px\"}}} -->\n<h2 class=\"wp-block-heading has-text-align-right\" style=\"font-size:30px\">La compensaci\u00f3n de capital puede conducir a una tremenda acumulaci\u00f3n de riqueza. Pero las demandas de liderar una empresa dejan poco tiempo para atender las finanzas personales y pensar estrat\u00e9gicamente sobre la mejor manera de optimizar las subvenciones y premios para usted y su familia. En el banco privado, tenemos un equipo dedicado de especialistas listos para adaptar un plan dise\u00f1ado en torno a su estructura de compensaci\u00f3n \u00fanica. Despu\u00e9s de todo, el mundo est\u00e1 cambiando r\u00e1pidamente y las necesidades de planificaci\u00f3n ejecutiva corporativa pueden verse dr\u00e1sticamente afectadas por los riesgos de decomiso, las pr\u00e1cticas emergentes de compensaci\u00f3n y el cambio de paisajes fiscales y regulatorios.<\/h2>\n<!-- \/wp:heading -->\n\n<!-- wp:spacer {\"height\":\"125px\"} -->\n<div style=\"height:125px\" aria-hidden=\"true\" class=\"wp-block-spacer\"><\/div>\n<!-- \/wp:spacer -->\n\n<!-- wp:paragraph {\"style\":{\"typography\":{\"fontSize\":\"20px\"}}} -->\n<p style=\"font-size:20px\">\u00bfEstoy siendo compensado apropiadamente? \u00bfC\u00f3mo satisfo mis necesidades de liquidez cuando la mayor parte de mi riqueza est\u00e1 en las acciones de mi empresa? \u00bfC\u00f3mo puedo minimizar o al menos prepararme para el impuesto sobre mis premios de capital? Con las limitaciones de la empresa y las regulaciones de la SEC, \u00bfqu\u00e9 debo hacer para administrar mi posici\u00f3n concentrada? Como ejecutivo corporativo, es probable que haya buscado las respuestas a estas preguntas, que son cruciales para lograr sus objetivos de riqueza a largo plazo. Nuestros especialistas pueden ayudar.<\/p>\n<!-- \/wp:paragraph -->\n\n<!-- wp:spacer {\"height\":\"50px\"} -->\n<div style=\"height:50px\" aria-hidden=\"true\" class=\"wp-block-spacer\"><\/div>\n<!-- \/wp:spacer -->\n\n<!-- wp:paragraph {\"style\":{\"typography\":{\"fontSize\":\"20px\"}}} -->\n<p style=\"font-size:20px\">Es nuestra intenci\u00f3n asesorar a lo largo de su viaje ejecutivo con un equipo dise\u00f1ado para complementar a sus otros asesores profesionales para garantizar la plena alineaci\u00f3n con sus objetivos.<\/p>\n<!-- \/wp:paragraph -->\n\n<!-- wp:spacer {\"height\":\"125px\"} -->\n<div style=\"height:125px\" aria-hidden=\"true\" class=\"wp-block-spacer\"><\/div>\n<!-- \/wp:spacer -->\n\n<!-- wp:heading {\"style\":{\"typography\":{\"fontSize\":\"30px\"}}} -->\n<h2 class=\"wp-block-heading\" style=\"font-size:30px\">Estrategias de valor agregado<\/h2>\n<!-- \/wp:heading -->\n\n<!-- wp:list -->\n<ul class=\"wp-block-list\"><!-- wp:list-item {\"style\":{\"typography\":{\"fontSize\":\"20px\"}}} -->\n<li style=\"font-size:20px\">Asigne empresas privadas que cotizan en bolsa y pre-OPI sobre el dise\u00f1o de planes de compensaci\u00f3n ejecutiva y planes de incentivos a largo plazo<\/li>\n<!-- \/wp:list-item -->\n\n<!-- wp:list-item {\"style\":{\"typography\":{\"fontSize\":\"20px\"}}} -->\n<li style=\"font-size:20px\">Analizar acuerdos de empleo, acuerdos de subvenci\u00f3n, planes de compensaci\u00f3n diferida y pensiones para revelar oportunidades de optimizaci\u00f3n de patrimonio como parte de una revisi\u00f3n total de compensaci\u00f3n<\/li>\n<!-- \/wp:list-item -->\n\n<!-- wp:list-item {\"style\":{\"typography\":{\"fontSize\":\"20px\"}}} -->\n<li style=\"font-size:20px\">Evaluar la cartera y equilibrarla con el requisito de tenencia de su empresa para idear una estrategia para administrar las posiciones de acciones concentradas e implementar planes 10B5-1<\/li>\n<!-- \/wp:list-item -->\n\n<!-- wp:list-item {\"style\":{\"typography\":{\"fontSize\":\"20px\"}}} -->\n<li style=\"font-size:20px\">Evaluar las necesidades de liquidez y proporcionar pr\u00e9stamos personales personalizados, l\u00edneas de cr\u00e9dito, soluciones de capital estructurado y pr\u00e9stamos especializados para yates, aviones y obras de arte<\/li>\n<!-- \/wp:list-item --><\/ul>\n<!-- \/wp:list -->\n\n<!-- wp:spacer {\"height\":\"103px\"} -->\n<div style=\"height:103px\" aria-hidden=\"true\" class=\"wp-block-spacer\"><\/div>\n<!-- \/wp:spacer -->\n\n<!-- wp:heading {\"level\":3,\"style\":{\"typography\":{\"fontSize\":\"15px\"}}} -->\n<h3 class=\"wp-block-heading\" style=\"font-size:15px\">Informaci\u00f3n importante<\/h3>\n<!-- \/wp:heading -->\n\n<!-- wp:paragraph {\"fontSize\":\"small\"} -->\n<p class=\"has-small-font-size\">Este material es solo para fines de informaci\u00f3n, y puede informarle sobre ciertos productos y servicios ofrecidos por empresas de banca privada, parte de la organizaci\u00f3n et\u00e9rica. Los productos y servicios descritos, as\u00ed como las tarifas, los cargos y las tasas de inter\u00e9s asociados, est\u00e1n sujetos a cambios de acuerdo con los acuerdos de cuenta aplicables y pueden diferir entre las ubicaciones geogr\u00e1ficas. No todos los productos y servicios se ofrecen en todas las ubicaciones. Si usted es una persona con discapacidad y necesita apoyo adicional para acceder a este material, comun\u00edquese con su equipo familiar Etherous Family o env\u00edenos un correo electr\u00f3nico a la.etherious.family@etherious.org para obtener ayuda. Lea toda la informaci\u00f3n importante.<\/p>\n<!-- \/wp:paragraph -->\n\n<!-- wp:heading {\"level\":3,\"style\":{\"typography\":{\"fontSize\":\"15px\"}}} -->\n<h3 class=\"wp-block-heading\" style=\"font-size:15px\">Riesgos y consideraciones generales<\/h3>\n<!-- \/wp:heading -->\n\n<!-- wp:paragraph {\"fontSize\":\"small\"} -->\n<p class=\"has-small-font-size\">Cualquier opini\u00f3n, estrategia o producto discutido en este material puede no ser apropiado para todas las personas y est\u00e1 sujeto a riesgos. Los inversores pueden recuperar menos de lo que invirtieron, y el rendimiento pasado no es un indicador confiable de resultados futuros. La asignaci\u00f3n\/diversificaci\u00f3n de activos no garantiza una ganancia ni protege contra la p\u00e9rdida. No se debe confiar nada en este material de forma aislada con el fin de tomar una decisi\u00f3n de inversi\u00f3n. Se le insta a considerar cuidadosamente si los servicios, productos, clases de activos (por ejemplo, acciones, ingresos fijos, inversiones alternativas, productos b\u00e1sicos, etc.) o estrategias discutidas son adecuadas para sus necesidades. Tambi\u00e9n debe considerar los objetivos, riesgos, cargos y gastos asociados con un servicio de inversi\u00f3n, producto o estrategia antes de tomar una decisi\u00f3n de inversi\u00f3n. Para esta informaci\u00f3n m\u00e1s completa, incluida la discusi\u00f3n de sus objetivos\/situaci\u00f3n, comun\u00edquese con su equipo familiar Etherous Family.<\/p>\n<!-- \/wp:paragraph --><\/div>","protected":false},"excerpt":{"rendered":"<p>Aviso de compensaci\u00f3n ejecutiva La compensaci\u00f3n de capital puede conducir a una tremenda acumulaci\u00f3n de riqueza. Pero las demandas de liderar una empresa dejan poco tiempo para atender las finanzas personales y pensar estrat\u00e9gicamente sobre la mejor manera de optimizar las subvenciones y premios para usted y su familia. En el banco privado, tenemos un equipo dedicado de especialistas listos para adaptar un plan dise\u00f1ado en torno a su estructura de compensaci\u00f3n \u00fanica. Despu\u00e9s de todo, el mundo est\u00e1 cambiando r\u00e1pidamente y las necesidades de planificaci\u00f3n ejecutiva corporativa pueden verse dr\u00e1sticamente afectadas por los riesgos de decomiso, las pr\u00e1cticas emergentes de compensaci\u00f3n y el cambio de paisajes fiscales y regulatorios. \u00bfEstoy siendo compensado apropiadamente? \u00bfC\u00f3mo satisfo mis necesidades de liquidez cuando la mayor parte de mi riqueza est\u00e1 en las acciones de mi empresa? \u00bfC\u00f3mo puedo minimizar o al menos prepararme para el impuesto sobre mis premios de capital? Con las limitaciones de la empresa y las regulaciones de la SEC, \u00bfqu\u00e9 debo hacer para administrar mi posici\u00f3n concentrada? Como ejecutivo corporativo, es probable que haya buscado las respuestas a estas preguntas, que son cruciales para lograr sus objetivos de riqueza a largo plazo. Nuestros especialistas pueden ayudar. Es nuestra&#8230;<\/p>\n","protected":false},"author":2,"featured_media":0,"parent":0,"menu_order":0,"comment_status":"closed","ping_status":"closed","template":"","meta":{"inline_featured_image":false,"footnotes":""},"class_list":["post-649","page","type-page","status-publish","hentry"],"yoast_head":"<!-- This site is optimized with the Yoast SEO plugin v25.2 - https:\/\/yoast.com\/wordpress\/plugins\/seo\/ -->\n<title>Executive Compensation Advisory - THE ETHERIOUS FAMILY<\/title>\n<meta name=\"robots\" content=\"index, follow, max-snippet:-1, max-image-preview:large, max-video-preview:-1\" \/>\n<link rel=\"canonical\" href=\"https:\/\/etherious.com\/es\/executive-compensation-advisory\/\" \/>\n<meta property=\"og:locale\" content=\"en_US\" \/>\n<meta property=\"og:type\" content=\"article\" \/>\n<meta property=\"og:title\" content=\"Executive Compensation Advisory - THE ETHERIOUS FAMILY\" \/>\n<meta property=\"og:description\" content=\"Aviso de compensaci\u00f3n ejecutiva La compensaci\u00f3n de capital puede conducir a una tremenda acumulaci\u00f3n de riqueza. Pero las demandas de liderar una empresa dejan poco tiempo para atender las finanzas personales y pensar estrat\u00e9gicamente sobre la mejor manera de optimizar las subvenciones y premios para usted y su familia. En el banco privado, tenemos un equipo dedicado de especialistas listos para adaptar un plan dise\u00f1ado en torno a su estructura de compensaci\u00f3n \u00fanica. Despu\u00e9s de todo, el mundo est\u00e1 cambiando r\u00e1pidamente y las necesidades de planificaci\u00f3n ejecutiva corporativa pueden verse dr\u00e1sticamente afectadas por los riesgos de decomiso, las pr\u00e1cticas emergentes de compensaci\u00f3n y el cambio de paisajes fiscales y regulatorios. \u00bfEstoy siendo compensado apropiadamente? \u00bfC\u00f3mo satisfo mis necesidades de liquidez cuando la mayor parte de mi riqueza est\u00e1 en las acciones de mi empresa? \u00bfC\u00f3mo puedo minimizar o al menos prepararme para el impuesto sobre mis premios de capital? Con las limitaciones de la empresa y las regulaciones de la SEC, \u00bfqu\u00e9 debo hacer para administrar mi posici\u00f3n concentrada? Como ejecutivo corporativo, es probable que haya buscado las respuestas a estas preguntas, que son cruciales para lograr sus objetivos de riqueza a largo plazo. Nuestros especialistas pueden ayudar. Es nuestra...\" \/>\n<meta property=\"og:url\" content=\"https:\/\/etherious.com\/executive-compensation-advisory\/\" \/>\n<meta property=\"og:site_name\" content=\"THE ETHERIOUS FAMILY\" \/>\n<meta property=\"article:modified_time\" content=\"2024-12-17T06:57:43+00:00\" \/>\n<meta name=\"twitter:card\" content=\"summary_large_image\" \/>\n<meta name=\"twitter:label1\" content=\"Est. reading time\" \/>\n\t<meta name=\"twitter:data1\" content=\"3 minutes\" \/>\n<script type=\"application\/ld+json\" class=\"yoast-schema-graph\">{\"@context\":\"https:\/\/schema.org\",\"@graph\":[{\"@type\":\"WebPage\",\"@id\":\"https:\/\/etherious.com\/executive-compensation-advisory\/\",\"url\":\"https:\/\/etherious.com\/executive-compensation-advisory\/\",\"name\":\"Executive Compensation Advisory - THE ETHERIOUS FAMILY\",\"isPartOf\":{\"@id\":\"https:\/\/etherious.com\/#website\"},\"datePublished\":\"2024-05-09T23:18:57+00:00\",\"dateModified\":\"2024-12-17T06:57:43+00:00\",\"breadcrumb\":{\"@id\":\"https:\/\/etherious.com\/executive-compensation-advisory\/#breadcrumb\"},\"inLanguage\":\"en-US\",\"potentialAction\":[{\"@type\":\"ReadAction\",\"target\":[\"https:\/\/etherious.com\/executive-compensation-advisory\/\"]}]},{\"@type\":\"BreadcrumbList\",\"@id\":\"https:\/\/etherious.com\/executive-compensation-advisory\/#breadcrumb\",\"itemListElement\":[{\"@type\":\"ListItem\",\"position\":1,\"name\":\"Home\",\"item\":\"https:\/\/etherious.com\/home\/\"},{\"@type\":\"ListItem\",\"position\":2,\"name\":\"Executive Compensation Advisory\"}]},{\"@type\":\"WebSite\",\"@id\":\"https:\/\/etherious.com\/#website\",\"url\":\"https:\/\/etherious.com\/\",\"name\":\"THE ETHERIOUS FAMILY\",\"description\":\"\",\"potentialAction\":[{\"@type\":\"SearchAction\",\"target\":{\"@type\":\"EntryPoint\",\"urlTemplate\":\"https:\/\/etherious.com\/?s={search_term_string}\"},\"query-input\":{\"@type\":\"PropertyValueSpecification\",\"valueRequired\":true,\"valueName\":\"search_term_string\"}}],\"inLanguage\":\"en-US\"}]}<\/script>\n<!-- \/ Yoast SEO plugin. -->","yoast_head_json":{"title":"Executive Compensation Advisory - THE ETHERIOUS FAMILY","robots":{"index":"index","follow":"follow","max-snippet":"max-snippet:-1","max-image-preview":"max-image-preview:large","max-video-preview":"max-video-preview:-1"},"canonical":"https:\/\/etherious.com\/es\/executive-compensation-advisory\/","og_locale":"en_US","og_type":"article","og_title":"Executive Compensation Advisory - THE ETHERIOUS FAMILY","og_description":"Aviso de compensaci\u00f3n ejecutiva La compensaci\u00f3n de capital puede conducir a una tremenda acumulaci\u00f3n de riqueza. Pero las demandas de liderar una empresa dejan poco tiempo para atender las finanzas personales y pensar estrat\u00e9gicamente sobre la mejor manera de optimizar las subvenciones y premios para usted y su familia. En el banco privado, tenemos un equipo dedicado de especialistas listos para adaptar un plan dise\u00f1ado en torno a su estructura de compensaci\u00f3n \u00fanica. Despu\u00e9s de todo, el mundo est\u00e1 cambiando r\u00e1pidamente y las necesidades de planificaci\u00f3n ejecutiva corporativa pueden verse dr\u00e1sticamente afectadas por los riesgos de decomiso, las pr\u00e1cticas emergentes de compensaci\u00f3n y el cambio de paisajes fiscales y regulatorios. \u00bfEstoy siendo compensado apropiadamente? \u00bfC\u00f3mo satisfo mis necesidades de liquidez cuando la mayor parte de mi riqueza est\u00e1 en las acciones de mi empresa? \u00bfC\u00f3mo puedo minimizar o al menos prepararme para el impuesto sobre mis premios de capital? Con las limitaciones de la empresa y las regulaciones de la SEC, \u00bfqu\u00e9 debo hacer para administrar mi posici\u00f3n concentrada? Como ejecutivo corporativo, es probable que haya buscado las respuestas a estas preguntas, que son cruciales para lograr sus objetivos de riqueza a largo plazo. Nuestros especialistas pueden ayudar. Es nuestra...","og_url":"https:\/\/etherious.com\/executive-compensation-advisory\/","og_site_name":"THE ETHERIOUS FAMILY","article_modified_time":"2024-12-17T06:57:43+00:00","twitter_card":"summary_large_image","twitter_misc":{"Est. reading time":"3 minutes"},"schema":{"@context":"https:\/\/schema.org","@graph":[{"@type":"WebPage","@id":"https:\/\/etherious.com\/executive-compensation-advisory\/","url":"https:\/\/etherious.com\/executive-compensation-advisory\/","name":"Executive Compensation Advisory - THE ETHERIOUS FAMILY","isPartOf":{"@id":"https:\/\/etherious.com\/#website"},"datePublished":"2024-05-09T23:18:57+00:00","dateModified":"2024-12-17T06:57:43+00:00","breadcrumb":{"@id":"https:\/\/etherious.com\/executive-compensation-advisory\/#breadcrumb"},"inLanguage":"en-US","potentialAction":[{"@type":"ReadAction","target":["https:\/\/etherious.com\/executive-compensation-advisory\/"]}]},{"@type":"BreadcrumbList","@id":"https:\/\/etherious.com\/executive-compensation-advisory\/#breadcrumb","itemListElement":[{"@type":"ListItem","position":1,"name":"Home","item":"https:\/\/etherious.com\/home\/"},{"@type":"ListItem","position":2,"name":"Executive Compensation Advisory"}]},{"@type":"WebSite","@id":"https:\/\/etherious.com\/#website","url":"https:\/\/etherious.com\/","name":"THE ETHERIOUS FAMILY","description":"","potentialAction":[{"@type":"SearchAction","target":{"@type":"EntryPoint","urlTemplate":"https:\/\/etherious.com\/?s={search_term_string}"},"query-input":{"@type":"PropertyValueSpecification","valueRequired":true,"valueName":"search_term_string"}}],"inLanguage":"en-US"}]}},"_links":{"self":[{"href":"https:\/\/etherious.com\/es\/wp-json\/wp\/v2\/pages\/649","targetHints":{"allow":["GET"]}}],"collection":[{"href":"https:\/\/etherious.com\/es\/wp-json\/wp\/v2\/pages"}],"about":[{"href":"https:\/\/etherious.com\/es\/wp-json\/wp\/v2\/types\/page"}],"author":[{"embeddable":true,"href":"https:\/\/etherious.com\/es\/wp-json\/wp\/v2\/users\/2"}],"replies":[{"embeddable":true,"href":"https:\/\/etherious.com\/es\/wp-json\/wp\/v2\/comments?post=649"}],"version-history":[{"count":5,"href":"https:\/\/etherious.com\/es\/wp-json\/wp\/v2\/pages\/649\/revisions"}],"predecessor-version":[{"id":1439,"href":"https:\/\/etherious.com\/es\/wp-json\/wp\/v2\/pages\/649\/revisions\/1439"}],"wp:attachment":[{"href":"https:\/\/etherious.com\/es\/wp-json\/wp\/v2\/media?parent=649"}],"curies":[{"name":"wp","href":"https:\/\/api.w.org\/{rel}","templated":true}]}}