{"id":601,"date":"2024-05-09T21:47:16","date_gmt":"2024-05-09T21:47:16","guid":{"rendered":"https:\/\/etherious.com\/?page_id=601"},"modified":"2024-12-17T07:03:56","modified_gmt":"2024-12-17T07:03:56","slug":"managed-portfolio-strategies","status":"publish","type":"page","link":"https:\/\/etherious.com\/es\/managed-portfolio-strategies\/","title":{"rendered":"Estrategias de cartera administradas"},"content":{"rendered":"<div class='content'><!-- wp:columns -->\n<div class=\"wp-block-columns\"><!-- wp:column -->\n<div class=\"wp-block-column\"><!-- wp:heading {\"style\":{\"typography\":{\"fontSize\":\"45px\"}}} -->\n<h2 class=\"wp-block-heading\" style=\"font-size:45px\">Estrategias de cartera administradas en la familia Etherous<\/h2>\n<!-- \/wp:heading -->\n\n<!-- wp:spacer {\"height\":\"125px\"} -->\n<div style=\"height:125px\" aria-hidden=\"true\" class=\"wp-block-spacer\"><\/div>\n<!-- \/wp:spacer -->\n\n<!-- wp:heading {\"textAlign\":\"right\",\"style\":{\"typography\":{\"fontSize\":\"30px\"}}} -->\n<h2 class=\"wp-block-heading has-text-align-right\" style=\"font-size:30px\">Dise\u00f1amos carteras y estrategias que se adaptan precisamente para ayudar a cumplir con sus objetivos. Al aprovechar nuestro tama\u00f1o, escala e influencia, tendr\u00e1 acceso exclusivo a oportunidades de inversi\u00f3n y una hoja de ruta cuidadosamente considerada para su futuro financiero. Confiar su visi\u00f3n de su riqueza para nosotros es nuestra mayor responsabilidad.<\/h2>\n<!-- \/wp:heading -->\n\n<!-- wp:spacer {\"height\":\"125px\"} -->\n<div style=\"height:125px\" aria-hidden=\"true\" class=\"wp-block-spacer\"><\/div>\n<!-- \/wp:spacer -->\n\n<!-- wp:heading {\"textAlign\":\"center\",\"style\":{\"typography\":{\"fontSize\":\"30px\"}}} -->\n<h2 class=\"wp-block-heading has-text-align-center\" style=\"font-size:30px\">En la inversi\u00f3n, una talla no se ajusta a todos<\/h2>\n<!-- \/wp:heading -->\n\n<!-- wp:paragraph {\"align\":\"center\",\"style\":{\"typography\":{\"fontSize\":\"20px\"}}} -->\n<p class=\"has-text-align-center\" style=\"font-size:20px\">Ya sea que necesite una eficiencia fiscal, una fuerte estrategia de n\u00facleo o t\u00e1ctica para ayudar a optimizar sus rendimientos de inversi\u00f3n, lo tenemos cubierto.<\/p>\n<!-- \/wp:paragraph -->\n\n<!-- wp:spacer {\"height\":\"50px\"} -->\n<div style=\"height:50px\" aria-hidden=\"true\" class=\"wp-block-spacer\"><\/div>\n<!-- \/wp:spacer -->\n\n<!-- wp:columns -->\n<div class=\"wp-block-columns\"><!-- wp:column -->\n<div class=\"wp-block-column\"><!-- wp:image {\"id\":415,\"width\":\"140px\",\"height\":\"140px\",\"scale\":\"cover\",\"sizeSlug\":\"full\",\"linkDestination\":\"none\"} -->\n<figure class=\"wp-block-image size-full is-resized\"><img src=\"https:\/\/etherious.com\/wp-content\/uploads\/2024\/04\/70.png\" alt=\"\" class=\"wp-image-415\" style=\"object-fit:cover;width:140px;height:140px\"><\/figure>\n<!-- \/wp:image -->\n\n<!-- wp:heading {\"style\":{\"typography\":{\"fontSize\":\"30px\"}}} -->\n<h2 class=\"wp-block-heading\" style=\"font-size:30px\">Margen de impuestos<\/h2>\n<!-- \/wp:heading -->\n\n<!-- wp:paragraph {\"style\":{\"typography\":{\"fontSize\":\"20px\"}}} -->\n<p style=\"font-size:20px\">Nuestras estrategias de inteligencia fiscal lo ayudan a aumentar sus rendimientos despu\u00e9s de impuestos. La gesti\u00f3n de impuestos proactivos es esencial cuando los mercados son vol\u00e1tiles o las expectativas de rendimiento son bajas.<\/p>\n<!-- \/wp:paragraph --><\/div>\n<!-- \/wp:column -->\n\n<!-- wp:column -->\n<div class=\"wp-block-column\"><!-- wp:image {\"id\":417,\"width\":\"140px\",\"height\":\"140px\",\"scale\":\"cover\",\"sizeSlug\":\"full\",\"linkDestination\":\"none\"} -->\n<figure class=\"wp-block-image size-full is-resized\"><img src=\"https:\/\/etherious.com\/wp-content\/uploads\/2024\/04\/71.png\" alt=\"\" class=\"wp-image-417\" style=\"object-fit:cover;width:140px;height:140px\"><\/figure>\n<!-- \/wp:image -->\n\n<!-- wp:heading {\"style\":{\"typography\":{\"fontSize\":\"30px\"}}} -->\n<h2 class=\"wp-block-heading\" style=\"font-size:30px\">Oficina de inversi\u00f3n principal<\/h2>\n<!-- \/wp:heading -->\n\n<!-- wp:paragraph {\"style\":{\"typography\":{\"fontSize\":\"20px\"}}} -->\n<p style=\"font-size:20px\">Nuestra principal oficina de inversi\u00f3n (CIO) ofrece un conjunto de estrategias hol\u00edsticas que pueden ser los componentes b\u00e1sicos o la totalidad de su cartera principal.<\/p>\n<!-- \/wp:paragraph --><\/div>\n<!-- \/wp:column --><\/div>\n<!-- \/wp:columns -->\n\n<!-- wp:columns -->\n<div class=\"wp-block-columns\"><!-- wp:column -->\n<div class=\"wp-block-column\"><!-- wp:image {\"id\":416,\"width\":\"140px\",\"height\":\"140px\",\"scale\":\"cover\",\"sizeSlug\":\"full\",\"linkDestination\":\"none\"} -->\n<figure class=\"wp-block-image size-full is-resized\"><img src=\"https:\/\/etherious.com\/wp-content\/uploads\/2024\/04\/72.png\" alt=\"\" class=\"wp-image-416\" style=\"object-fit:cover;width:140px;height:140px\"><\/figure>\n<!-- \/wp:image -->\n\n<!-- wp:heading {\"style\":{\"typography\":{\"fontSize\":\"30px\"}}} -->\n<h2 class=\"wp-block-heading\" style=\"font-size:30px\">Tem\u00e1tico<\/h2>\n<!-- \/wp:heading -->\n\n<!-- wp:paragraph {\"style\":{\"typography\":{\"fontSize\":\"20px\"}}} -->\n<p style=\"font-size:20px\">Nuestro enfoque tem\u00e1tico ofrece estrategias oportunas para capitalizar los temas oportunos del mercado. Los temas se pueden implementar a trav\u00e9s de carteras de una sola l\u00ednea, fondos mutuos o alternativas.<\/p>\n<!-- \/wp:paragraph --><\/div>\n<!-- \/wp:column -->\n\n<!-- wp:column -->\n<div class=\"wp-block-column\"><\/div>\n<!-- \/wp:column --><\/div>\n<!-- \/wp:columns --><\/div>\n<!-- \/wp:column --><\/div>\n<!-- \/wp:columns -->\n\n<!-- wp:spacer {\"height\":\"125px\"} -->\n<div style=\"height:125px\" aria-hidden=\"true\" class=\"wp-block-spacer\"><\/div>\n<!-- \/wp:spacer -->\n\n<!-- wp:heading {\"textAlign\":\"center\",\"style\":{\"typography\":{\"fontSize\":\"30px\"}}} -->\n<h2 class=\"wp-block-heading has-text-align-center\" style=\"font-size:30px\">Nuestro consejo de inversi\u00f3n, adaptado a usted.<\/h2>\n<!-- \/wp:heading -->\n\n<!-- wp:spacer {\"height\":\"50px\"} -->\n<div style=\"height:50px\" aria-hidden=\"true\" class=\"wp-block-spacer\"><\/div>\n<!-- \/wp:spacer -->\n\n<!-- wp:heading {\"style\":{\"typography\":{\"fontSize\":\"30px\"}}} -->\n<h2 class=\"wp-block-heading\" style=\"font-size:30px\">Inter\u00e9s alineado<\/h2>\n<!-- \/wp:heading -->\n\n<!-- wp:paragraph {\"style\":{\"typography\":{\"fontSize\":\"20px\"}}} -->\n<p style=\"font-size:20px\">Los gerentes de cartera en nuestras estrategias administradas se compensan en relaci\u00f3n con el desempe\u00f1o de sus inversiones. Por ejemplo, nuestro equipo de CIO debe invertir una parte de su compensaci\u00f3n en las estrategias que manejan para que sus intereses est\u00e9n alineados con los suyos.<\/p>\n<!-- \/wp:paragraph -->\n\n<!-- wp:columns {\"verticalAlignment\":\"center\"} -->\n<div class=\"wp-block-columns are-vertically-aligned-center\"><!-- wp:column {\"verticalAlignment\":\"center\",\"width\":\"100%\"} -->\n<div class=\"wp-block-column is-vertically-aligned-center\" style=\"flex-basis:100%\"><!-- wp:separator -->\n<hr class=\"wp-block-separator has-alpha-channel-opacity\">\n<!-- \/wp:separator --><\/div>\n<!-- \/wp:column --><\/div>\n<!-- \/wp:columns -->\n\n<!-- wp:heading {\"style\":{\"typography\":{\"fontSize\":\"30px\"}}} -->\n<h2 class=\"wp-block-heading\" style=\"font-size:30px\">Acceso a la oportunidad<\/h2>\n<!-- \/wp:heading -->\n\n<!-- wp:paragraph {\"style\":{\"typography\":{\"fontSize\":\"20px\"}}} -->\n<p style=\"font-size:20px\">Ofrecemos acceso a asociaciones propietarias, recursos institucionales y estrategias que est\u00e1n limitadas o exclusivas de nuestros clientes a menudo en los niveles de tarifas que aprovechan nuestro tama\u00f1o y escala.<\/p>\n<!-- \/wp:paragraph -->\n\n<!-- wp:columns {\"verticalAlignment\":\"center\"} -->\n<div class=\"wp-block-columns are-vertically-aligned-center\"><!-- wp:column {\"verticalAlignment\":\"center\",\"width\":\"100%\"} -->\n<div class=\"wp-block-column is-vertically-aligned-center\" style=\"flex-basis:100%\"><!-- wp:separator -->\n<hr class=\"wp-block-separator has-alpha-channel-opacity\">\n<!-- \/wp:separator --><\/div>\n<!-- \/wp:column --><\/div>\n<!-- \/wp:columns -->\n\n<!-- wp:heading {\"style\":{\"typography\":{\"fontSize\":\"30px\"}}} -->\n<h2 class=\"wp-block-heading\" style=\"font-size:30px\">Implementaci\u00f3n personalizada<\/h2>\n<!-- \/wp:heading -->\n\n<!-- wp:paragraph {\"style\":{\"typography\":{\"fontSize\":\"20px\"}}} -->\n<p style=\"font-size:20px\">Brindamos asesoramiento hol\u00edstico, personalizado para sus necesidades, alineando con su apetito de riesgo, horizonte temporal y preferencias.<\/p>\n<!-- \/wp:paragraph -->\n\n<!-- wp:columns {\"verticalAlignment\":\"center\"} -->\n<div class=\"wp-block-columns are-vertically-aligned-center\"><!-- wp:column {\"verticalAlignment\":\"center\",\"width\":\"100%\"} -->\n<div class=\"wp-block-column is-vertically-aligned-center\" style=\"flex-basis:100%\"><!-- wp:separator -->\n<hr class=\"wp-block-separator has-alpha-channel-opacity\">\n<!-- \/wp:separator --><\/div>\n<!-- \/wp:column --><\/div>\n<!-- \/wp:columns -->\n\n<!-- wp:heading {\"style\":{\"typography\":{\"fontSize\":\"30px\"}}} -->\n<h2 class=\"wp-block-heading\" style=\"font-size:30px\">Innovaci\u00f3n<\/h2>\n<!-- \/wp:heading -->\n\n<!-- wp:paragraph {\"style\":{\"typography\":{\"fontSize\":\"20px\"}}} -->\n<p style=\"font-size:20px\">Estamos constantemente tallando para la tecnolog\u00eda emergente y de lo contrario construyen las herramientas que pueden aumentar la precisi\u00f3n, mejorar la flexibilidad y reducir los costos para usted.<\/p>\n<!-- \/wp:paragraph -->\n\n<!-- wp:spacer {\"height\":\"125px\"} -->\n<div style=\"height:125px\" aria-hidden=\"true\" class=\"wp-block-spacer\"><\/div>\n<!-- \/wp:spacer -->\n\n<!-- wp:heading {\"textAlign\":\"center\",\"style\":{\"typography\":{\"fontSize\":\"40px\"}}} -->\n<h2 class=\"wp-block-heading has-text-align-center\" style=\"font-size:40px\"><strong>Empoderamos a los clientes para lograr sus aspiraciones a largo plazo a trav\u00e9s de un considerable asesoramiento de cartera y orientaci\u00f3n estrat\u00e9gica.<\/strong><\/h2>\n<!-- \/wp:heading -->\n\n<!-- wp:spacer {\"height\":\"97px\"} -->\n<div style=\"height:97px\" aria-hidden=\"true\" class=\"wp-block-spacer\"><\/div>\n<!-- \/wp:spacer -->\n\n<!-- wp:heading {\"level\":3,\"style\":{\"typography\":{\"fontSize\":\"15px\"}}} -->\n<h3 class=\"wp-block-heading\" style=\"font-size:15px\">Informaci\u00f3n importante<\/h3>\n<!-- \/wp:heading -->\n\n<!-- wp:paragraph {\"fontSize\":\"small\"} -->\n<p class=\"has-small-font-size\">Este material es solo para fines de informaci\u00f3n, y puede informarle sobre ciertos productos y servicios ofrecidos por empresas de banca privada, parte de la organizaci\u00f3n et\u00e9rica. Los productos y servicios descritos, as\u00ed como las tarifas, los cargos y las tasas de inter\u00e9s asociados, est\u00e1n sujetos a cambios de acuerdo con los acuerdos de cuenta aplicables y pueden diferir entre las ubicaciones geogr\u00e1ficas. No todos los productos y servicios se ofrecen en todas las ubicaciones. Si usted es una persona con discapacidad y necesita apoyo adicional para acceder a este material, comun\u00edquese con su equipo familiar Etherous Family o env\u00edenos un correo electr\u00f3nico a .etious.family@etherious.org para obtener ayuda. Lea toda la informaci\u00f3n importante.<\/p>\n<!-- \/wp:paragraph -->\n\n<!-- wp:heading {\"level\":3,\"style\":{\"typography\":{\"fontSize\":\"15px\"}}} -->\n<h3 class=\"wp-block-heading\" style=\"font-size:15px\">Riesgos y consideraciones generales<\/h3>\n<!-- \/wp:heading -->\n\n<!-- wp:paragraph {\"fontSize\":\"small\"} -->\n<p class=\"has-small-font-size\">Cualquier opini\u00f3n, estrategia o producto discutido en este material puede no ser apropiado para todas las personas y est\u00e1 sujeto a riesgos. Los inversores pueden recuperar menos de lo que invirtieron, y el rendimiento pasado no es un indicador confiable de resultados futuros. La asignaci\u00f3n\/diversificaci\u00f3n de activos no garantiza una ganancia ni protege contra la p\u00e9rdida. No se debe confiar nada en este material de forma aislada con el fin de tomar una decisi\u00f3n de inversi\u00f3n. Se le insta a considerar cuidadosamente si los servicios, productos, clases de activos (por ejemplo, acciones, ingresos fijos, inversiones alternativas, productos b\u00e1sicos, etc.) o estrategias discutidas son adecuadas para sus necesidades. Tambi\u00e9n debe considerar los objetivos, riesgos, cargos y gastos asociados con un servicio de inversi\u00f3n, producto o estrategia antes de tomar una decisi\u00f3n de inversi\u00f3n. Para esta informaci\u00f3n m\u00e1s completa, incluida la discusi\u00f3n de sus objetivos\/situaci\u00f3n, comun\u00edquese con su equipo familiar Etherous Family.<\/p>\n<!-- \/wp:paragraph --><\/div>","protected":false},"excerpt":{"rendered":"<p>Estrategias de cartera administradas en la familia Etherous Dise\u00f1amos carteras y estrategias que se adaptan precisamente para ayudar a cumplir con sus objetivos. Al aprovechar nuestro tama\u00f1o, escala e influencia, tendr\u00e1 acceso exclusivo a oportunidades de inversi\u00f3n y una hoja de ruta cuidadosamente considerada para su futuro financiero. Confiar su visi\u00f3n de su riqueza para nosotros es nuestra mayor responsabilidad. En la inversi\u00f3n, una talla no se ajusta a todos Ya sea que necesite una eficiencia fiscal, una fuerte estrategia de n\u00facleo o t\u00e1ctica para ayudar a optimizar sus rendimientos de inversi\u00f3n, lo tenemos cubierto. Margen de impuestos Nuestras estrategias de inteligencia fiscal lo ayudan a aumentar sus rendimientos despu\u00e9s de impuestos. La gesti\u00f3n de impuestos proactivos es esencial cuando los mercados son vol\u00e1tiles o las expectativas de rendimiento son bajas. Oficina de inversi\u00f3n principal Nuestra principal oficina de inversi\u00f3n (CIO) ofrece un conjunto de estrategias hol\u00edsticas que pueden ser los componentes b\u00e1sicos o la totalidad de su cartera principal. Tem\u00e1tico Nuestro enfoque tem\u00e1tico ofrece estrategias oportunas para capitalizar los temas oportunos del mercado. Los temas se pueden implementar a trav\u00e9s de carteras de una sola l\u00ednea, fondos mutuos o alternativas. Nuestro consejo de inversi\u00f3n, adaptado a usted. Inter\u00e9s alineado&#8230;<\/p>\n","protected":false},"author":2,"featured_media":0,"parent":0,"menu_order":0,"comment_status":"closed","ping_status":"closed","template":"","meta":{"inline_featured_image":false,"footnotes":""},"class_list":["post-601","page","type-page","status-publish","hentry"],"yoast_head":"<!-- This site is optimized with the Yoast SEO plugin v25.2 - https:\/\/yoast.com\/wordpress\/plugins\/seo\/ -->\n<title>Managed Portfolio Strategies - THE ETHERIOUS FAMILY<\/title>\n<meta name=\"robots\" content=\"index, follow, max-snippet:-1, max-image-preview:large, max-video-preview:-1\" \/>\n<link rel=\"canonical\" href=\"https:\/\/etherious.com\/es\/managed-portfolio-strategies\/\" \/>\n<meta property=\"og:locale\" content=\"en_US\" \/>\n<meta property=\"og:type\" content=\"article\" \/>\n<meta property=\"og:title\" content=\"Managed Portfolio Strategies - THE ETHERIOUS FAMILY\" \/>\n<meta property=\"og:description\" content=\"Estrategias de cartera administradas en la familia Etherous Dise\u00f1amos carteras y estrategias que se adaptan precisamente para ayudar a cumplir con sus objetivos. Al aprovechar nuestro tama\u00f1o, escala e influencia, tendr\u00e1 acceso exclusivo a oportunidades de inversi\u00f3n y una hoja de ruta cuidadosamente considerada para su futuro financiero. Confiar su visi\u00f3n de su riqueza para nosotros es nuestra mayor responsabilidad. En la inversi\u00f3n, una talla no se ajusta a todos Ya sea que necesite una eficiencia fiscal, una fuerte estrategia de n\u00facleo o t\u00e1ctica para ayudar a optimizar sus rendimientos de inversi\u00f3n, lo tenemos cubierto. Margen de impuestos Nuestras estrategias de inteligencia fiscal lo ayudan a aumentar sus rendimientos despu\u00e9s de impuestos. La gesti\u00f3n de impuestos proactivos es esencial cuando los mercados son vol\u00e1tiles o las expectativas de rendimiento son bajas. Oficina de inversi\u00f3n principal Nuestra principal oficina de inversi\u00f3n (CIO) ofrece un conjunto de estrategias hol\u00edsticas que pueden ser los componentes b\u00e1sicos o la totalidad de su cartera principal. Tem\u00e1tico Nuestro enfoque tem\u00e1tico ofrece estrategias oportunas para capitalizar los temas oportunos del mercado. Los temas se pueden implementar a trav\u00e9s de carteras de una sola l\u00ednea, fondos mutuos o alternativas. Nuestro consejo de inversi\u00f3n, adaptado a usted. Inter\u00e9s alineado...\" \/>\n<meta property=\"og:url\" content=\"https:\/\/etherious.com\/managed-portfolio-strategies\/\" \/>\n<meta property=\"og:site_name\" content=\"THE ETHERIOUS FAMILY\" \/>\n<meta property=\"article:modified_time\" content=\"2024-12-17T07:03:56+00:00\" \/>\n<meta property=\"og:image\" content=\"https:\/\/etherious.com\/wp-content\/uploads\/2024\/04\/70.png\" \/>\n\t<meta property=\"og:image:width\" content=\"288\" \/>\n\t<meta property=\"og:image:height\" content=\"288\" \/>\n\t<meta property=\"og:image:type\" content=\"image\/png\" \/>\n<meta name=\"twitter:card\" content=\"summary_large_image\" \/>\n<meta name=\"twitter:label1\" content=\"Est. reading time\" \/>\n\t<meta name=\"twitter:data1\" content=\"3 minutes\" \/>\n<script type=\"application\/ld+json\" class=\"yoast-schema-graph\">{\"@context\":\"https:\/\/schema.org\",\"@graph\":[{\"@type\":\"WebPage\",\"@id\":\"https:\/\/etherious.com\/managed-portfolio-strategies\/\",\"url\":\"https:\/\/etherious.com\/managed-portfolio-strategies\/\",\"name\":\"Managed Portfolio Strategies - THE ETHERIOUS FAMILY\",\"isPartOf\":{\"@id\":\"https:\/\/etherious.com\/#website\"},\"primaryImageOfPage\":{\"@id\":\"https:\/\/etherious.com\/managed-portfolio-strategies\/#primaryimage\"},\"image\":{\"@id\":\"https:\/\/etherious.com\/managed-portfolio-strategies\/#primaryimage\"},\"thumbnailUrl\":\"https:\/\/etherious.com\/wp-content\/uploads\/2024\/04\/70.png\",\"datePublished\":\"2024-05-09T21:47:16+00:00\",\"dateModified\":\"2024-12-17T07:03:56+00:00\",\"breadcrumb\":{\"@id\":\"https:\/\/etherious.com\/managed-portfolio-strategies\/#breadcrumb\"},\"inLanguage\":\"en-US\",\"potentialAction\":[{\"@type\":\"ReadAction\",\"target\":[\"https:\/\/etherious.com\/managed-portfolio-strategies\/\"]}]},{\"@type\":\"ImageObject\",\"inLanguage\":\"en-US\",\"@id\":\"https:\/\/etherious.com\/managed-portfolio-strategies\/#primaryimage\",\"url\":\"https:\/\/etherious.com\/wp-content\/uploads\/2024\/04\/70.png\",\"contentUrl\":\"https:\/\/etherious.com\/wp-content\/uploads\/2024\/04\/70.png\"},{\"@type\":\"BreadcrumbList\",\"@id\":\"https:\/\/etherious.com\/managed-portfolio-strategies\/#breadcrumb\",\"itemListElement\":[{\"@type\":\"ListItem\",\"position\":1,\"name\":\"Home\",\"item\":\"https:\/\/etherious.com\/home\/\"},{\"@type\":\"ListItem\",\"position\":2,\"name\":\"Managed Portfolio Strategies\"}]},{\"@type\":\"WebSite\",\"@id\":\"https:\/\/etherious.com\/#website\",\"url\":\"https:\/\/etherious.com\/\",\"name\":\"THE ETHERIOUS FAMILY\",\"description\":\"\",\"potentialAction\":[{\"@type\":\"SearchAction\",\"target\":{\"@type\":\"EntryPoint\",\"urlTemplate\":\"https:\/\/etherious.com\/?s={search_term_string}\"},\"query-input\":{\"@type\":\"PropertyValueSpecification\",\"valueRequired\":true,\"valueName\":\"search_term_string\"}}],\"inLanguage\":\"en-US\"}]}<\/script>\n<!-- \/ Yoast SEO plugin. -->","yoast_head_json":{"title":"Managed Portfolio Strategies - THE ETHERIOUS FAMILY","robots":{"index":"index","follow":"follow","max-snippet":"max-snippet:-1","max-image-preview":"max-image-preview:large","max-video-preview":"max-video-preview:-1"},"canonical":"https:\/\/etherious.com\/es\/managed-portfolio-strategies\/","og_locale":"en_US","og_type":"article","og_title":"Managed Portfolio Strategies - THE ETHERIOUS FAMILY","og_description":"Estrategias de cartera administradas en la familia Etherous Dise\u00f1amos carteras y estrategias que se adaptan precisamente para ayudar a cumplir con sus objetivos. Al aprovechar nuestro tama\u00f1o, escala e influencia, tendr\u00e1 acceso exclusivo a oportunidades de inversi\u00f3n y una hoja de ruta cuidadosamente considerada para su futuro financiero. Confiar su visi\u00f3n de su riqueza para nosotros es nuestra mayor responsabilidad. En la inversi\u00f3n, una talla no se ajusta a todos Ya sea que necesite una eficiencia fiscal, una fuerte estrategia de n\u00facleo o t\u00e1ctica para ayudar a optimizar sus rendimientos de inversi\u00f3n, lo tenemos cubierto. Margen de impuestos Nuestras estrategias de inteligencia fiscal lo ayudan a aumentar sus rendimientos despu\u00e9s de impuestos. La gesti\u00f3n de impuestos proactivos es esencial cuando los mercados son vol\u00e1tiles o las expectativas de rendimiento son bajas. Oficina de inversi\u00f3n principal Nuestra principal oficina de inversi\u00f3n (CIO) ofrece un conjunto de estrategias hol\u00edsticas que pueden ser los componentes b\u00e1sicos o la totalidad de su cartera principal. Tem\u00e1tico Nuestro enfoque tem\u00e1tico ofrece estrategias oportunas para capitalizar los temas oportunos del mercado. Los temas se pueden implementar a trav\u00e9s de carteras de una sola l\u00ednea, fondos mutuos o alternativas. Nuestro consejo de inversi\u00f3n, adaptado a usted. Inter\u00e9s alineado...","og_url":"https:\/\/etherious.com\/managed-portfolio-strategies\/","og_site_name":"THE ETHERIOUS FAMILY","article_modified_time":"2024-12-17T07:03:56+00:00","og_image":[{"width":288,"height":288,"url":"https:\/\/etherious.com\/wp-content\/uploads\/2024\/04\/70.png","type":"image\/png"}],"twitter_card":"summary_large_image","twitter_misc":{"Est. reading time":"3 minutes"},"schema":{"@context":"https:\/\/schema.org","@graph":[{"@type":"WebPage","@id":"https:\/\/etherious.com\/managed-portfolio-strategies\/","url":"https:\/\/etherious.com\/managed-portfolio-strategies\/","name":"Managed Portfolio Strategies - THE ETHERIOUS FAMILY","isPartOf":{"@id":"https:\/\/etherious.com\/#website"},"primaryImageOfPage":{"@id":"https:\/\/etherious.com\/managed-portfolio-strategies\/#primaryimage"},"image":{"@id":"https:\/\/etherious.com\/managed-portfolio-strategies\/#primaryimage"},"thumbnailUrl":"https:\/\/etherious.com\/wp-content\/uploads\/2024\/04\/70.png","datePublished":"2024-05-09T21:47:16+00:00","dateModified":"2024-12-17T07:03:56+00:00","breadcrumb":{"@id":"https:\/\/etherious.com\/managed-portfolio-strategies\/#breadcrumb"},"inLanguage":"en-US","potentialAction":[{"@type":"ReadAction","target":["https:\/\/etherious.com\/managed-portfolio-strategies\/"]}]},{"@type":"ImageObject","inLanguage":"en-US","@id":"https:\/\/etherious.com\/managed-portfolio-strategies\/#primaryimage","url":"https:\/\/etherious.com\/wp-content\/uploads\/2024\/04\/70.png","contentUrl":"https:\/\/etherious.com\/wp-content\/uploads\/2024\/04\/70.png"},{"@type":"BreadcrumbList","@id":"https:\/\/etherious.com\/managed-portfolio-strategies\/#breadcrumb","itemListElement":[{"@type":"ListItem","position":1,"name":"Home","item":"https:\/\/etherious.com\/home\/"},{"@type":"ListItem","position":2,"name":"Managed Portfolio Strategies"}]},{"@type":"WebSite","@id":"https:\/\/etherious.com\/#website","url":"https:\/\/etherious.com\/","name":"THE ETHERIOUS FAMILY","description":"","potentialAction":[{"@type":"SearchAction","target":{"@type":"EntryPoint","urlTemplate":"https:\/\/etherious.com\/?s={search_term_string}"},"query-input":{"@type":"PropertyValueSpecification","valueRequired":true,"valueName":"search_term_string"}}],"inLanguage":"en-US"}]}},"_links":{"self":[{"href":"https:\/\/etherious.com\/es\/wp-json\/wp\/v2\/pages\/601","targetHints":{"allow":["GET"]}}],"collection":[{"href":"https:\/\/etherious.com\/es\/wp-json\/wp\/v2\/pages"}],"about":[{"href":"https:\/\/etherious.com\/es\/wp-json\/wp\/v2\/types\/page"}],"author":[{"embeddable":true,"href":"https:\/\/etherious.com\/es\/wp-json\/wp\/v2\/users\/2"}],"replies":[{"embeddable":true,"href":"https:\/\/etherious.com\/es\/wp-json\/wp\/v2\/comments?post=601"}],"version-history":[{"count":11,"href":"https:\/\/etherious.com\/es\/wp-json\/wp\/v2\/pages\/601\/revisions"}],"predecessor-version":[{"id":1458,"href":"https:\/\/etherious.com\/es\/wp-json\/wp\/v2\/pages\/601\/revisions\/1458"}],"wp:attachment":[{"href":"https:\/\/etherious.com\/es\/wp-json\/wp\/v2\/media?parent=601"}],"curies":[{"name":"wp","href":"https:\/\/api.w.org\/{rel}","templated":true}]}}