{"id":595,"date":"2024-05-09T21:42:07","date_gmt":"2024-05-09T21:42:07","guid":{"rendered":"https:\/\/etherious.com\/?page_id=595"},"modified":"2024-12-17T07:04:07","modified_gmt":"2024-12-17T07:04:07","slug":"investing-2","status":"publish","type":"page","link":"https:\/\/etherious.com\/es\/investing-2\/","title":{"rendered":"Descripci\u00f3n general"},"content":{"rendered":"<div class='content'><!-- wp:heading {\"level\":1,\"style\":{\"typography\":{\"fontSize\":\"45px\"}}} -->\n<h1 class=\"wp-block-heading\" style=\"font-size:45px\">Inversi\u00f3n<\/h1>\n<!-- \/wp:heading -->\n\n<!-- wp:spacer {\"height\":\"125px\"} -->\n<div style=\"height:125px\" aria-hidden=\"true\" class=\"wp-block-spacer\"><\/div>\n<!-- \/wp:spacer -->\n\n<!-- wp:heading {\"textAlign\":\"right\",\"style\":{\"typography\":{\"fontSize\":\"30px\"}}} -->\n<h2 class=\"wp-block-heading has-text-align-right\" style=\"font-size:30px\">Construimos nuestra estrategia de inversi\u00f3n a su alrededor: sus objetivos, su tolerancia al riesgo, sus necesidades de liquidez y su estilo de inversi\u00f3n. Luego utilizamos los recursos y la experiencia de toda la empresa para construir una estrategia a medida para usted, ofreciendo un plan de asignaci\u00f3n e implementaci\u00f3n de activos personalizados, formado a su alrededor.<\/h2>\n<!-- \/wp:heading -->\n\n<!-- wp:spacer {\"height\":\"125px\"} -->\n<div style=\"height:125px\" aria-hidden=\"true\" class=\"wp-block-spacer\"><\/div>\n<!-- \/wp:spacer -->\n\n<!-- wp:columns -->\n<div class=\"wp-block-columns\"><!-- wp:column -->\n<div class=\"wp-block-column\"><!-- wp:heading {\"style\":{\"typography\":{\"fontSize\":\"30px\"}}} -->\n<h2 class=\"wp-block-heading\" style=\"font-size:30px\">\u00bfQu\u00e9 distingue a nuestra oferta de inversiones?<\/h2>\n<!-- \/wp:heading -->\n\n<!-- wp:spacer -->\n<div style=\"height:100px\" aria-hidden=\"true\" class=\"wp-block-spacer\"><\/div>\n<!-- \/wp:spacer -->\n\n<!-- wp:paragraph {\"style\":{\"typography\":{\"fontSize\":\"30px\"}}} -->\n<p style=\"font-size:30px\"><strong> access <\/strong><\/p>\n<!-- \/wp:paragraph -->\n\n<!-- wp:paragraph {\"style\":{\"typography\":{\"fontSize\":\"20px\"}}} -->\n<p style=\"font-size:20px\">El tama\u00f1o, la escala y la influencia de JPMorgan Chase le brindan un acceso incomparable a estrategias, servicios y la capital intelectual de nuestros profesionales experimentados.<\/p>\n<!-- \/wp:paragraph -->\n\n<!-- wp:spacer {\"height\":\"40px\"} -->\n<div style=\"height:40px\" aria-hidden=\"true\" class=\"wp-block-spacer\"><\/div>\n<!-- \/wp:spacer -->\n\n<!-- wp:paragraph {\"style\":{\"typography\":{\"fontSize\":\"30px\"}}} -->\n<p style=\"font-size:30px\"><strong> personalizaci\u00f3n <\/strong><\/p>\n<!-- \/wp:paragraph -->\n\n<!-- wp:paragraph {\"style\":{\"typography\":{\"fontSize\":\"20px\"}}} -->\n<p style=\"font-size:20px\">Adaptamos nuestras carteras para adaptarse a sus objetivos espec\u00edficos, al tiempo que lo ayudamos a navegar el impacto de los mercados vol\u00e1tiles con el objetivo de proteger y hacer crecer sus activos de la manera m\u00e1s rentable.<\/p>\n<!-- \/wp:paragraph -->\n\n<!-- wp:spacer {\"height\":\"40px\"} -->\n<div style=\"height:40px\" aria-hidden=\"true\" class=\"wp-block-spacer\"><\/div>\n<!-- \/wp:spacer -->\n\n<!-- wp:paragraph {\"style\":{\"typography\":{\"fontSize\":\"30px\"}}} -->\n<p style=\"font-size:30px\"><strong> innovaci\u00f3n <\/strong><\/p>\n<!-- \/wp:paragraph -->\n\n<!-- wp:paragraph {\"style\":{\"typography\":{\"fontSize\":\"20px\"}}} -->\n<p style=\"font-size:20px\">Cuando vemos una oportunidad de crecimiento o una necesidad insatisfecha en el mercado, construimos nuevos productos y estrategias para brindarle acceso exclusivo.<\/p>\n<!-- \/wp:paragraph --><\/div>\n<!-- \/wp:column -->\n\n<!-- wp:column -->\n<div class=\"wp-block-column\"><!-- wp:image {\"id\":317,\"sizeSlug\":\"full\",\"linkDestination\":\"none\"} -->\n<figure class=\"wp-block-image size-full\"><img src=\"https:\/\/etherious.com\/wp-content\/uploads\/2024\/04\/Service-The-Etherious-Family-1.jpg\" alt=\"\" class=\"wp-image-317\"><\/figure>\n<!-- \/wp:image --><\/div>\n<!-- \/wp:column --><\/div>\n<!-- \/wp:columns -->\n\n<!-- wp:spacer {\"height\":\"125px\"} -->\n<div style=\"height:125px\" aria-hidden=\"true\" class=\"wp-block-spacer\"><\/div>\n<!-- \/wp:spacer -->\n\n<!-- wp:columns -->\n<div class=\"wp-block-columns\"><!-- wp:column -->\n<div class=\"wp-block-column\"><!-- wp:image {\"id\":409,\"sizeSlug\":\"full\",\"linkDestination\":\"none\"} -->\n<figure class=\"wp-block-image size-full\"><img src=\"https:\/\/etherious.com\/wp-content\/uploads\/2024\/04\/37-1-1.png\" alt=\"\" class=\"wp-image-409\"><\/figure>\n<!-- \/wp:image -->\n\n<!-- wp:heading {\"style\":{\"typography\":{\"fontSize\":\"30px\"}}} -->\n<h2 class=\"wp-block-heading\" style=\"font-size:30px\">Estrategias de cartera administradas<\/h2>\n<!-- \/wp:heading -->\n\n<!-- wp:paragraph {\"style\":{\"typography\":{\"fontSize\":\"20px\"}}} -->\n<p style=\"font-size:20px\">\u00bfQu\u00e9 nos distingue? Una filosof\u00eda de primer cliente que comienza con un di\u00e1logo centrado claramente en sus objetivos y la mejor manera de conocerlos.<\/p>\n<!-- \/wp:paragraph --><\/div>\n<!-- \/wp:column -->\n\n<!-- wp:column -->\n<div class=\"wp-block-column\"><!-- wp:image {\"id\":408,\"sizeSlug\":\"full\",\"linkDestination\":\"none\"} -->\n<figure class=\"wp-block-image size-full\"><img src=\"https:\/\/etherious.com\/wp-content\/uploads\/2024\/04\/38-1.png\" alt=\"\" class=\"wp-image-408\"><\/figure>\n<!-- \/wp:image -->\n\n<!-- wp:heading {\"style\":{\"typography\":{\"fontSize\":\"30px\"}}} -->\n<h2 class=\"wp-block-heading\" style=\"font-size:30px\">Estrategias de inversi\u00f3n alternativas<\/h2>\n<!-- \/wp:heading -->\n\n<!-- wp:paragraph {\"style\":{\"typography\":{\"fontSize\":\"20px\"}}} -->\n<p style=\"font-size:20px\">Explore la gama de oportunidades para mejorar los rendimientos de las inversiones y la diversificaci\u00f3n de la cartera m\u00e1s all\u00e1 de los mercados tradicionales.<\/p>\n<!-- \/wp:paragraph --><\/div>\n<!-- \/wp:column --><\/div>\n<!-- \/wp:columns -->\n\n<!-- wp:columns -->\n<div class=\"wp-block-columns\"><!-- wp:column -->\n<div class=\"wp-block-column\"><!-- wp:image {\"id\":412,\"sizeSlug\":\"full\",\"linkDestination\":\"none\"} -->\n<figure class=\"wp-block-image size-full\"><img src=\"https:\/\/etherious.com\/wp-content\/uploads\/2024\/04\/39-1-1.png\" alt=\"\" class=\"wp-image-412\"><\/figure>\n<!-- \/wp:image -->\n\n<!-- wp:heading {\"style\":{\"typography\":{\"fontSize\":\"30px\"}}} -->\n<h2 class=\"wp-block-heading\" style=\"font-size:30px\">Inversi\u00f3n sostenible<\/h2>\n<!-- \/wp:heading -->\n\n<!-- wp:paragraph {\"style\":{\"typography\":{\"fontSize\":\"20px\"}}} -->\n<p style=\"font-size:20px\">Nuestro enfoque de inversi\u00f3n sostenible ofrece una forma m\u00e1s personal de pensar en su riqueza alineando su cartera con sus principios. Podemos guiarte.<\/p>\n<!-- \/wp:paragraph --><\/div>\n<!-- \/wp:column -->\n\n<!-- wp:column -->\n<div class=\"wp-block-column\"><!-- wp:image {\"id\":407,\"sizeSlug\":\"full\",\"linkDestination\":\"none\"} -->\n<figure class=\"wp-block-image size-full\"><img src=\"https:\/\/etherious.com\/wp-content\/uploads\/2024\/04\/40-1.png\" alt=\"\" class=\"wp-image-407\"><\/figure>\n<!-- \/wp:image -->\n\n<!-- wp:heading {\"style\":{\"typography\":{\"fontSize\":\"30px\"}}} -->\n<h2 class=\"wp-block-heading\" style=\"font-size:30px\">Corretaje<\/h2>\n<!-- \/wp:heading -->\n\n<!-- wp:paragraph {\"style\":{\"typography\":{\"fontSize\":\"20px\"}}} -->\n<p style=\"font-size:20px\">En el banco privado, le damos m\u00e1s que solo ejecuci\u00f3n. Tendr\u00e1s acceso a estrategas. Analistas de cr\u00e9dito. Y economistas. Cada uno ofrece consejos y oportunidades de b\u00fasqueda en cada regi\u00f3n, en cada sector, a lo largo de los altibajos de los mercados.<\/p>\n<!-- \/wp:paragraph --><\/div>\n<!-- \/wp:column --><\/div>\n<!-- \/wp:columns -->\n\n<!-- wp:columns -->\n<div class=\"wp-block-columns\"><!-- wp:column -->\n<div class=\"wp-block-column\"><!-- wp:image {\"id\":406,\"sizeSlug\":\"full\",\"linkDestination\":\"none\"} -->\n<figure class=\"wp-block-image size-full\"><img src=\"https:\/\/etherious.com\/wp-content\/uploads\/2024\/04\/41-1.png\" alt=\"\" class=\"wp-image-406\"><\/figure>\n<!-- \/wp:image -->\n\n<!-- wp:heading {\"style\":{\"typography\":{\"fontSize\":\"30px\"}}} -->\n<h2 class=\"wp-block-heading\" style=\"font-size:30px\">CIO subcontratado<\/h2>\n<!-- \/wp:heading -->\n\n<!-- wp:paragraph {\"style\":{\"typography\":{\"fontSize\":\"20px\"}}} -->\n<p style=\"font-size:20px\">Las inversiones bien administradas son cruciales para su capacidad para tener un impacto. Como director de inversiones subcontratado l\u00edder (OCIO), podemos manejar los desaf\u00edos de inversi\u00f3n complejos de su organizaci\u00f3n, liber\u00e1ndole para concentrarse en su misi\u00f3n.<\/p>\n<!-- \/wp:paragraph --><\/div>\n<!-- \/wp:column -->\n\n<!-- wp:column -->\n<div class=\"wp-block-column\"><\/div>\n<!-- \/wp:column --><\/div>\n<!-- \/wp:columns -->\n\n<!-- wp:spacer {\"height\":\"98px\"} -->\n<div style=\"height:98px\" aria-hidden=\"true\" class=\"wp-block-spacer\"><\/div>\n<!-- \/wp:spacer -->\n\n<!-- wp:heading {\"level\":3,\"style\":{\"typography\":{\"fontSize\":\"15px\"}}} -->\n<h3 class=\"wp-block-heading\" style=\"font-size:15px\">Informaci\u00f3n importante<\/h3>\n<!-- \/wp:heading -->\n\n<!-- wp:paragraph {\"fontSize\":\"small\"} -->\n<p class=\"has-small-font-size\">Este material es solo para fines de informaci\u00f3n, y puede informarle sobre ciertos productos y servicios ofrecidos por empresas de banca privada, parte de la organizaci\u00f3n et\u00e9rica. Los productos y servicios descritos, as\u00ed como las tarifas, los cargos y las tasas de inter\u00e9s asociados, est\u00e1n sujetos a cambios de acuerdo con los acuerdos de cuenta aplicables y pueden diferir entre las ubicaciones geogr\u00e1ficas. No todos los productos y servicios se ofrecen en todas las ubicaciones. Si usted es una persona con discapacidad y necesita apoyo adicional para acceder a este material, comun\u00edquese con su equipo familiar Etherous Family o env\u00edenos un correo electr\u00f3nico a .etious.family@etherious.org para obtener ayuda. Lea toda la informaci\u00f3n importante.<\/p>\n<!-- \/wp:paragraph -->\n\n<!-- wp:heading {\"level\":3,\"style\":{\"typography\":{\"fontSize\":\"15px\"}}} -->\n<h3 class=\"wp-block-heading\" style=\"font-size:15px\">Riesgos y consideraciones generales<\/h3>\n<!-- \/wp:heading -->\n\n<!-- wp:paragraph {\"fontSize\":\"small\"} -->\n<p class=\"has-small-font-size\">Cualquier opini\u00f3n, estrategia o producto discutido en este material puede no ser apropiado para todas las personas y est\u00e1 sujeto a riesgos. Los inversores pueden recuperar menos de lo que invirtieron, y el rendimiento pasado no es un indicador confiable de resultados futuros. La asignaci\u00f3n\/diversificaci\u00f3n de activos no garantiza una ganancia ni protege contra la p\u00e9rdida. No se debe confiar nada en este material de forma aislada con el fin de tomar una decisi\u00f3n de inversi\u00f3n. Se le insta a considerar cuidadosamente si los servicios, productos, clases de activos (por ejemplo, acciones, ingresos fijos, inversiones alternativas, productos b\u00e1sicos, etc.) o estrategias discutidas son adecuadas para sus necesidades. Tambi\u00e9n debe considerar los objetivos, riesgos, cargos y gastos asociados con un servicio de inversi\u00f3n, producto o estrategia antes de tomar una decisi\u00f3n de inversi\u00f3n. Para esta informaci\u00f3n m\u00e1s completa, incluida la discusi\u00f3n de sus objetivos\/situaci\u00f3n, comun\u00edquese con su equipo familiar Etherous Family.<\/p>\n<!-- \/wp:paragraph --><\/div>","protected":false},"excerpt":{"rendered":"<p>Inversi\u00f3n Construimos nuestra estrategia de inversi\u00f3n a su alrededor: sus objetivos, su tolerancia al riesgo, sus necesidades de liquidez y su estilo de inversi\u00f3n. Luego utilizamos los recursos y la experiencia de toda la empresa para construir una estrategia a medida para usted, ofreciendo un plan de asignaci\u00f3n e implementaci\u00f3n de activos personalizados, formado a su alrededor. \u00bfQu\u00e9 distingue a nuestra oferta de inversiones? access El tama\u00f1o, la escala y la influencia de JPMorgan Chase le brindan un acceso incomparable a estrategias, servicios y la capital intelectual de nuestros profesionales experimentados. personalizaci\u00f3n Adaptamos nuestras carteras para adaptarse a sus objetivos espec\u00edficos, al tiempo que lo ayudamos a navegar el impacto de los mercados vol\u00e1tiles con el objetivo de proteger y hacer crecer sus activos de la manera m\u00e1s rentable. innovaci\u00f3n Cuando vemos una oportunidad de crecimiento o una necesidad insatisfecha en el mercado, construimos nuevos productos y estrategias para brindarle acceso exclusivo. Estrategias de cartera administradas \u00bfQu\u00e9 nos distingue? Una filosof\u00eda de primer cliente que comienza con un di\u00e1logo centrado claramente en sus objetivos y la mejor manera de conocerlos. Estrategias de inversi\u00f3n alternativas Explore la gama de oportunidades para mejorar los rendimientos de las inversiones y la diversificaci\u00f3n de&#8230;<\/p>\n","protected":false},"author":2,"featured_media":0,"parent":0,"menu_order":0,"comment_status":"closed","ping_status":"closed","template":"","meta":{"inline_featured_image":false,"footnotes":""},"class_list":["post-595","page","type-page","status-publish","hentry"],"yoast_head":"<!-- This site is optimized with the Yoast SEO plugin v25.2 - https:\/\/yoast.com\/wordpress\/plugins\/seo\/ -->\n<title>Overview - THE ETHERIOUS FAMILY<\/title>\n<meta name=\"robots\" content=\"index, follow, max-snippet:-1, max-image-preview:large, max-video-preview:-1\" \/>\n<link rel=\"canonical\" href=\"https:\/\/etherious.com\/es\/investing-2\/\" \/>\n<meta property=\"og:locale\" content=\"en_US\" \/>\n<meta property=\"og:type\" content=\"article\" \/>\n<meta property=\"og:title\" content=\"Overview - THE ETHERIOUS FAMILY\" \/>\n<meta property=\"og:description\" content=\"Inversi\u00f3n Construimos nuestra estrategia de inversi\u00f3n a su alrededor: sus objetivos, su tolerancia al riesgo, sus necesidades de liquidez y su estilo de inversi\u00f3n. Luego utilizamos los recursos y la experiencia de toda la empresa para construir una estrategia a medida para usted, ofreciendo un plan de asignaci\u00f3n e implementaci\u00f3n de activos personalizados, formado a su alrededor. \u00bfQu\u00e9 distingue a nuestra oferta de inversiones? access El tama\u00f1o, la escala y la influencia de JPMorgan Chase le brindan un acceso incomparable a estrategias, servicios y la capital intelectual de nuestros profesionales experimentados. personalizaci\u00f3n Adaptamos nuestras carteras para adaptarse a sus objetivos espec\u00edficos, al tiempo que lo ayudamos a navegar el impacto de los mercados vol\u00e1tiles con el objetivo de proteger y hacer crecer sus activos de la manera m\u00e1s rentable. innovaci\u00f3n Cuando vemos una oportunidad de crecimiento o una necesidad insatisfecha en el mercado, construimos nuevos productos y estrategias para brindarle acceso exclusivo. Estrategias de cartera administradas \u00bfQu\u00e9 nos distingue? Una filosof\u00eda de primer cliente que comienza con un di\u00e1logo centrado claramente en sus objetivos y la mejor manera de conocerlos. Estrategias de inversi\u00f3n alternativas Explore la gama de oportunidades para mejorar los rendimientos de las inversiones y la diversificaci\u00f3n de...\" \/>\n<meta property=\"og:url\" content=\"https:\/\/etherious.com\/investing-2\/\" \/>\n<meta property=\"og:site_name\" content=\"THE ETHERIOUS FAMILY\" \/>\n<meta property=\"article:modified_time\" content=\"2024-12-17T07:04:07+00:00\" \/>\n<meta property=\"og:image\" content=\"https:\/\/etherious.com\/wp-content\/uploads\/2024\/04\/Service-The-Etherious-Family-1.jpg\" \/>\n\t<meta property=\"og:image:width\" content=\"837\" \/>\n\t<meta property=\"og:image:height\" content=\"1005\" \/>\n\t<meta property=\"og:image:type\" content=\"image\/jpeg\" \/>\n<meta name=\"twitter:card\" content=\"summary_large_image\" \/>\n<meta name=\"twitter:label1\" content=\"Est. reading time\" \/>\n\t<meta name=\"twitter:data1\" content=\"4 minutes\" \/>\n<script type=\"application\/ld+json\" class=\"yoast-schema-graph\">{\"@context\":\"https:\/\/schema.org\",\"@graph\":[{\"@type\":\"WebPage\",\"@id\":\"https:\/\/etherious.com\/investing-2\/\",\"url\":\"https:\/\/etherious.com\/investing-2\/\",\"name\":\"Overview - THE ETHERIOUS FAMILY\",\"isPartOf\":{\"@id\":\"https:\/\/etherious.com\/#website\"},\"primaryImageOfPage\":{\"@id\":\"https:\/\/etherious.com\/investing-2\/#primaryimage\"},\"image\":{\"@id\":\"https:\/\/etherious.com\/investing-2\/#primaryimage\"},\"thumbnailUrl\":\"https:\/\/etherious.com\/wp-content\/uploads\/2024\/04\/Service-The-Etherious-Family-1.jpg\",\"datePublished\":\"2024-05-09T21:42:07+00:00\",\"dateModified\":\"2024-12-17T07:04:07+00:00\",\"breadcrumb\":{\"@id\":\"https:\/\/etherious.com\/investing-2\/#breadcrumb\"},\"inLanguage\":\"en-US\",\"potentialAction\":[{\"@type\":\"ReadAction\",\"target\":[\"https:\/\/etherious.com\/investing-2\/\"]}]},{\"@type\":\"ImageObject\",\"inLanguage\":\"en-US\",\"@id\":\"https:\/\/etherious.com\/investing-2\/#primaryimage\",\"url\":\"https:\/\/etherious.com\/wp-content\/uploads\/2024\/04\/Service-The-Etherious-Family-1.jpg\",\"contentUrl\":\"https:\/\/etherious.com\/wp-content\/uploads\/2024\/04\/Service-The-Etherious-Family-1.jpg\"},{\"@type\":\"BreadcrumbList\",\"@id\":\"https:\/\/etherious.com\/investing-2\/#breadcrumb\",\"itemListElement\":[{\"@type\":\"ListItem\",\"position\":1,\"name\":\"Home\",\"item\":\"https:\/\/etherious.com\/home\/\"},{\"@type\":\"ListItem\",\"position\":2,\"name\":\"Overview\"}]},{\"@type\":\"WebSite\",\"@id\":\"https:\/\/etherious.com\/#website\",\"url\":\"https:\/\/etherious.com\/\",\"name\":\"THE ETHERIOUS FAMILY\",\"description\":\"\",\"potentialAction\":[{\"@type\":\"SearchAction\",\"target\":{\"@type\":\"EntryPoint\",\"urlTemplate\":\"https:\/\/etherious.com\/?s={search_term_string}\"},\"query-input\":{\"@type\":\"PropertyValueSpecification\",\"valueRequired\":true,\"valueName\":\"search_term_string\"}}],\"inLanguage\":\"en-US\"}]}<\/script>\n<!-- \/ Yoast SEO plugin. -->","yoast_head_json":{"title":"Overview - THE ETHERIOUS FAMILY","robots":{"index":"index","follow":"follow","max-snippet":"max-snippet:-1","max-image-preview":"max-image-preview:large","max-video-preview":"max-video-preview:-1"},"canonical":"https:\/\/etherious.com\/es\/investing-2\/","og_locale":"en_US","og_type":"article","og_title":"Overview - THE ETHERIOUS FAMILY","og_description":"Inversi\u00f3n Construimos nuestra estrategia de inversi\u00f3n a su alrededor: sus objetivos, su tolerancia al riesgo, sus necesidades de liquidez y su estilo de inversi\u00f3n. Luego utilizamos los recursos y la experiencia de toda la empresa para construir una estrategia a medida para usted, ofreciendo un plan de asignaci\u00f3n e implementaci\u00f3n de activos personalizados, formado a su alrededor. \u00bfQu\u00e9 distingue a nuestra oferta de inversiones? access El tama\u00f1o, la escala y la influencia de JPMorgan Chase le brindan un acceso incomparable a estrategias, servicios y la capital intelectual de nuestros profesionales experimentados. personalizaci\u00f3n Adaptamos nuestras carteras para adaptarse a sus objetivos espec\u00edficos, al tiempo que lo ayudamos a navegar el impacto de los mercados vol\u00e1tiles con el objetivo de proteger y hacer crecer sus activos de la manera m\u00e1s rentable. innovaci\u00f3n Cuando vemos una oportunidad de crecimiento o una necesidad insatisfecha en el mercado, construimos nuevos productos y estrategias para brindarle acceso exclusivo. Estrategias de cartera administradas \u00bfQu\u00e9 nos distingue? Una filosof\u00eda de primer cliente que comienza con un di\u00e1logo centrado claramente en sus objetivos y la mejor manera de conocerlos. Estrategias de inversi\u00f3n alternativas Explore la gama de oportunidades para mejorar los rendimientos de las inversiones y la diversificaci\u00f3n de...","og_url":"https:\/\/etherious.com\/investing-2\/","og_site_name":"THE ETHERIOUS FAMILY","article_modified_time":"2024-12-17T07:04:07+00:00","og_image":[{"width":837,"height":1005,"url":"https:\/\/etherious.com\/wp-content\/uploads\/2024\/04\/Service-The-Etherious-Family-1.jpg","type":"image\/jpeg"}],"twitter_card":"summary_large_image","twitter_misc":{"Est. reading time":"4 minutes"},"schema":{"@context":"https:\/\/schema.org","@graph":[{"@type":"WebPage","@id":"https:\/\/etherious.com\/investing-2\/","url":"https:\/\/etherious.com\/investing-2\/","name":"Overview - THE ETHERIOUS FAMILY","isPartOf":{"@id":"https:\/\/etherious.com\/#website"},"primaryImageOfPage":{"@id":"https:\/\/etherious.com\/investing-2\/#primaryimage"},"image":{"@id":"https:\/\/etherious.com\/investing-2\/#primaryimage"},"thumbnailUrl":"https:\/\/etherious.com\/wp-content\/uploads\/2024\/04\/Service-The-Etherious-Family-1.jpg","datePublished":"2024-05-09T21:42:07+00:00","dateModified":"2024-12-17T07:04:07+00:00","breadcrumb":{"@id":"https:\/\/etherious.com\/investing-2\/#breadcrumb"},"inLanguage":"en-US","potentialAction":[{"@type":"ReadAction","target":["https:\/\/etherious.com\/investing-2\/"]}]},{"@type":"ImageObject","inLanguage":"en-US","@id":"https:\/\/etherious.com\/investing-2\/#primaryimage","url":"https:\/\/etherious.com\/wp-content\/uploads\/2024\/04\/Service-The-Etherious-Family-1.jpg","contentUrl":"https:\/\/etherious.com\/wp-content\/uploads\/2024\/04\/Service-The-Etherious-Family-1.jpg"},{"@type":"BreadcrumbList","@id":"https:\/\/etherious.com\/investing-2\/#breadcrumb","itemListElement":[{"@type":"ListItem","position":1,"name":"Home","item":"https:\/\/etherious.com\/home\/"},{"@type":"ListItem","position":2,"name":"Overview"}]},{"@type":"WebSite","@id":"https:\/\/etherious.com\/#website","url":"https:\/\/etherious.com\/","name":"THE ETHERIOUS FAMILY","description":"","potentialAction":[{"@type":"SearchAction","target":{"@type":"EntryPoint","urlTemplate":"https:\/\/etherious.com\/?s={search_term_string}"},"query-input":{"@type":"PropertyValueSpecification","valueRequired":true,"valueName":"search_term_string"}}],"inLanguage":"en-US"}]}},"_links":{"self":[{"href":"https:\/\/etherious.com\/es\/wp-json\/wp\/v2\/pages\/595","targetHints":{"allow":["GET"]}}],"collection":[{"href":"https:\/\/etherious.com\/es\/wp-json\/wp\/v2\/pages"}],"about":[{"href":"https:\/\/etherious.com\/es\/wp-json\/wp\/v2\/types\/page"}],"author":[{"embeddable":true,"href":"https:\/\/etherious.com\/es\/wp-json\/wp\/v2\/users\/2"}],"replies":[{"embeddable":true,"href":"https:\/\/etherious.com\/es\/wp-json\/wp\/v2\/comments?post=595"}],"version-history":[{"count":6,"href":"https:\/\/etherious.com\/es\/wp-json\/wp\/v2\/pages\/595\/revisions"}],"predecessor-version":[{"id":1459,"href":"https:\/\/etherious.com\/es\/wp-json\/wp\/v2\/pages\/595\/revisions\/1459"}],"wp:attachment":[{"href":"https:\/\/etherious.com\/es\/wp-json\/wp\/v2\/media?parent=595"}],"curies":[{"name":"wp","href":"https:\/\/api.w.org\/{rel}","templated":true}]}}