{"id":574,"date":"2024-05-09T20:35:53","date_gmt":"2024-05-09T20:35:53","guid":{"rendered":"https:\/\/etherious.com\/?page_id=574"},"modified":"2024-12-17T07:01:17","modified_gmt":"2024-12-17T07:01:17","slug":"real-estate-financing","status":"publish","type":"page","link":"https:\/\/etherious.com\/es\/real-estate-financing\/","title":{"rendered":"Financiamiento de bienes ra\u00edces"},"content":{"rendered":"<div class='content'><!-- wp:heading {\"level\":1,\"style\":{\"typography\":{\"fontSize\":\"45px\"}}} -->\n<h1 class=\"wp-block-heading\" style=\"font-size:45px\">Financiamiento de bienes ra\u00edces<\/h1>\n<!-- \/wp:heading -->\n\n<!-- wp:spacer -->\n<div style=\"height:100px\" aria-hidden=\"true\" class=\"wp-block-spacer\"><\/div>\n<!-- \/wp:spacer -->\n\n<!-- wp:heading {\"textAlign\":\"right\",\"style\":{\"typography\":{\"fontSize\":\"30px\"}}} -->\n<h2 class=\"wp-block-heading has-text-align-right\" style=\"font-size:30px\">Las propiedades que compra son \u00fanicas. Tambi\u00e9n lo son sus necesidades financieras de bienes ra\u00edces y oportunidades. En el banco privado, entendemos sus circunstancias y pondremos nuestro conocimiento especializado en una amplia gama de estrategias de pr\u00e9stamos para que trabajen para usted. Nuestros especialistas en pr\u00e9stamos pueden aprovechar los recursos de toda la familia ethero para brindar valiosos consejos e ideas. Todo mientras apoya todo su plan de gesti\u00f3n de patrimonio.<\/h2>\n<!-- \/wp:heading -->\n\n<!-- wp:spacer {\"height\":\"125px\"} -->\n<div style=\"height:125px\" aria-hidden=\"true\" class=\"wp-block-spacer\"><\/div>\n<!-- \/wp:spacer -->\n\n<!-- wp:heading {\"textAlign\":\"center\",\"style\":{\"typography\":{\"fontSize\":\"30px\"}}} -->\n<h2 class=\"wp-block-heading has-text-align-center\" style=\"font-size:30px\">Un enfoque orientado a objetivos para el financiamiento de bienes ra\u00edces<\/h2>\n<!-- \/wp:heading -->\n\n<!-- wp:paragraph {\"align\":\"center\",\"style\":{\"typography\":{\"fontSize\":\"20px\"}}} -->\n<p class=\"has-text-align-center\" style=\"font-size:20px\">Cualesquiera que sean sus objetivos de financiamiento inmobiliario, el banco privado est\u00e1 listo para trabajar con usted para ayudar a lograrlos. Ya sea que desee explorar las opciones para una hipoteca de un nuevo hogar, financiar una propiedad de inversi\u00f3n, pedir prestado contra su cartera o ampliar sus tenencias de bienes ra\u00edces residenciales, trabajaremos para un plan adaptado para su situaci\u00f3n.<\/p>\n<!-- \/wp:paragraph -->\n\n<!-- wp:spacer {\"height\":\"125px\"} -->\n<div style=\"height:125px\" aria-hidden=\"true\" class=\"wp-block-spacer\"><\/div>\n<!-- \/wp:spacer -->\n\n<!-- wp:heading {\"textAlign\":\"center\",\"style\":{\"typography\":{\"fontSize\":\"30px\"}}} -->\n<h2 class=\"wp-block-heading has-text-align-center\" style=\"font-size:30px\">\u00bfQu\u00e9 son los pr\u00e9stamos inmobiliarios?<\/h2>\n<!-- \/wp:heading -->\n\n<!-- wp:paragraph {\"align\":\"center\",\"style\":{\"typography\":{\"fontSize\":\"20px\"}}} -->\n<p class=\"has-text-align-center\" style=\"font-size:20px\">El Etherous Family Private Bank ofrece opciones de financiamiento de bienes ra\u00edces para una amplia gama de tipos de propiedades.<\/p>\n<!-- \/wp:paragraph -->\n\n<!-- wp:heading {\"style\":{\"typography\":{\"fontSize\":\"30px\"}}} -->\n<h2 class=\"wp-block-heading\" style=\"font-size:30px\">Bienes ra\u00edces residenciales de EE. UU.<\/h2>\n<!-- \/wp:heading -->\n\n<!-- wp:paragraph {\"style\":{\"typography\":{\"fontSize\":\"20px\"}}} -->\n<p style=\"font-size:20px\">El banco privado puede ayudarlo a asegurar una hipoteca para su hogar principal y cualquier otra propiedad. Nos especializamos en financiamiento inmobiliario que involucra veh\u00edculos m\u00e1s complejos. Por ejemplo, podemos estructurar pr\u00e9stamos para fideicomisos, LLC y otras entidades especiales.<\/p>\n<!-- \/wp:paragraph -->\n\n<!-- wp:heading {\"style\":{\"typography\":{\"fontSize\":\"30px\"}}} -->\n<h2 class=\"wp-block-heading\" style=\"font-size:30px\">Inmobiliario comercial<\/h2>\n<!-- \/wp:heading -->\n\n<!-- wp:paragraph {\"style\":{\"typography\":{\"fontSize\":\"20px\"}}} -->\n<p style=\"font-size:20px\">Expanda su cartera de inversiones inmobiliarias m\u00e1s all\u00e1 del mercado inmobiliario residencial. El banco privado ofrece financiamiento inmobiliario para tipos de propiedades multifamiliares, industriales y otros.<\/p>\n<!-- \/wp:paragraph -->\n\n<!-- wp:heading {\"style\":{\"typography\":{\"fontSize\":\"30px\"}}} -->\n<h2 class=\"wp-block-heading\" style=\"font-size:30px\">No estadounidense. Inmobiliario residencial<\/h2>\n<!-- \/wp:heading -->\n\n<!-- wp:paragraph {\"style\":{\"typography\":{\"fontSize\":\"20px\"}}} -->\n<p style=\"font-size:20px\">Para las propiedades ubicadas en el Reino Unido, Francia, Singapur y Hong Kong, ofrecemos estrategias de financiamiento inmobiliario en sinton\u00eda con los mercados locales. Tenemos experiencia en el terreno en todos los mercados inmobiliarios l\u00edderes del mundo.<\/p>\n<!-- \/wp:paragraph -->\n\n<!-- wp:heading {\"style\":{\"typography\":{\"fontSize\":\"30px\"}}} -->\n<h2 class=\"wp-block-heading\" style=\"font-size:30px\">Perspectiva de propiedad<\/h2>\n<!-- \/wp:heading -->\n\n<!-- wp:paragraph {\"style\":{\"typography\":{\"fontSize\":\"20px\"}}} -->\n<p style=\"font-size:20px\">Como especialista de confianza para corporaciones, instituciones y familias e individuos ricos, tenemos una visibilidad \u00fanica en el estado de la macro econom\u00eda. Eso se traduce en ideas que potencialmente pueden ayudarlo a capturar m\u00e1s valor en su cartera de inversiones inmobiliarias.<\/p>\n<!-- \/wp:paragraph -->\n\n<!-- wp:spacer {\"height\":\"125px\"} -->\n<div style=\"height:125px\" aria-hidden=\"true\" class=\"wp-block-spacer\"><\/div>\n<!-- \/wp:spacer -->\n\n<!-- wp:heading {\"style\":{\"typography\":{\"fontSize\":\"30px\"}}} -->\n<h2 class=\"wp-block-heading\" id=\"real\" style=\"font-size:30px\">Servicios de pr\u00e9stamos inmobiliarios<\/h2>\n<!-- \/wp:heading -->\n\n<!-- wp:columns -->\n<div class=\"wp-block-columns\"><!-- wp:column -->\n<div class=\"wp-block-column\"><!-- wp:image {\"id\":439,\"sizeSlug\":\"full\",\"linkDestination\":\"none\"} -->\n<figure class=\"wp-block-image size-full\"><img src=\"https:\/\/etherious.com\/wp-content\/uploads\/2024\/04\/99.png\" alt=\"\" class=\"wp-image-439\"><\/figure>\n<!-- \/wp:image -->\n\n<!-- wp:heading {\"style\":{\"typography\":{\"fontSize\":\"30px\"}}} -->\n<h2 class=\"wp-block-heading\" style=\"font-size:30px\">Hipotecas<\/h2>\n<!-- \/wp:heading -->\n\n<!-- wp:paragraph {\"style\":{\"typography\":{\"fontSize\":\"20px\"}}} -->\n<p style=\"font-size:20px\">Estamos familiarizados con las necesidades, y las oportunidades, que el complejo financiamiento de bienes ra\u00edces puede crear. Y tenemos las habilidades y la experiencia necesarias para ayudarlo a identificar la estrategia adecuada para usted.<\/p>\n<!-- \/wp:paragraph --><\/div>\n<!-- \/wp:column -->\n\n<!-- wp:column -->\n<div class=\"wp-block-column\"><!-- wp:image {\"id\":438,\"sizeSlug\":\"full\",\"linkDestination\":\"none\"} -->\n<figure class=\"wp-block-image size-full\"><img src=\"https:\/\/etherious.com\/wp-content\/uploads\/2024\/04\/100.png\" alt=\"\" class=\"wp-image-438\"><\/figure>\n<!-- \/wp:image -->\n\n<!-- wp:heading {\"style\":{\"typography\":{\"fontSize\":\"30px\"}}} -->\n<h2 class=\"wp-block-heading\" style=\"font-size:30px\">Pr\u00e9stamos inmobiliarios comerciales<\/h2>\n<!-- \/wp:heading -->\n\n<!-- wp:paragraph {\"style\":{\"typography\":{\"fontSize\":\"20px\"}}} -->\n<p style=\"font-size:20px\">Como propietario, su objetivo es maximizar el valor de sus activos inmobiliarios comerciales. Dependiendo de la ubicaci\u00f3n, el tipo de garant\u00eda y la calidad de la propiedad que est\u00e1 financiando, podemos ayudar a identificar el tipo de financiaci\u00f3n que es adecuado para usted.<\/p>\n<!-- \/wp:paragraph --><\/div>\n<!-- \/wp:column --><\/div>\n<!-- \/wp:columns -->\n\n<!-- wp:spacer {\"height\":\"97px\"} -->\n<div style=\"height:97px\" aria-hidden=\"true\" class=\"wp-block-spacer\"><\/div>\n<!-- \/wp:spacer -->\n\n<!-- wp:heading {\"level\":3,\"style\":{\"typography\":{\"fontSize\":\"15px\"}}} -->\n<h3 class=\"wp-block-heading\" style=\"font-size:15px\">Informaci\u00f3n importante<\/h3>\n<!-- \/wp:heading -->\n\n<!-- wp:paragraph {\"fontSize\":\"small\"} -->\n<p class=\"has-small-font-size\">Este material es solo para fines de informaci\u00f3n, y puede informarle sobre ciertos productos y servicios ofrecidos por empresas de banca privada, parte de la organizaci\u00f3n et\u00e9rica. Los productos y servicios descritos, as\u00ed como las tarifas, los cargos y las tasas de inter\u00e9s asociados, est\u00e1n sujetos a cambios de acuerdo con los acuerdos de cuenta aplicables y pueden diferir entre las ubicaciones geogr\u00e1ficas. No todos los productos y servicios se ofrecen en todas las ubicaciones. Si usted es una persona con discapacidad y necesita apoyo adicional para acceder a este material, comun\u00edquese con su equipo familiar Etherous Family o env\u00edenos un correo electr\u00f3nico a .etious.family@etherious.org para obtener ayuda. Lea toda la informaci\u00f3n importante.<\/p>\n<!-- \/wp:paragraph -->\n\n<!-- wp:heading {\"level\":3,\"style\":{\"typography\":{\"fontSize\":\"15px\"}}} -->\n<h3 class=\"wp-block-heading\" style=\"font-size:15px\">Riesgos y consideraciones generales<\/h3>\n<!-- \/wp:heading -->\n\n<!-- wp:paragraph {\"fontSize\":\"small\"} -->\n<p class=\"has-small-font-size\">Cualquier opini\u00f3n, estrategia o producto discutido en este material puede no ser apropiado para todas las personas y est\u00e1 sujeto a riesgos. Los inversores pueden recuperar menos de lo que invirtieron, y el rendimiento pasado no es un indicador confiable de resultados futuros. La asignaci\u00f3n\/diversificaci\u00f3n de activos no garantiza una ganancia ni protege contra la p\u00e9rdida. No se debe confiar nada en este material de forma aislada con el fin de tomar una decisi\u00f3n de inversi\u00f3n. Se le insta a considerar cuidadosamente si los servicios, productos, clases de activos (por ejemplo, acciones, ingresos fijos, inversiones alternativas, productos b\u00e1sicos, etc.) o estrategias discutidas son adecuadas para sus necesidades. Tambi\u00e9n debe considerar los objetivos, riesgos, cargos y gastos asociados con un servicio de inversi\u00f3n, producto o estrategia antes de tomar una decisi\u00f3n de inversi\u00f3n. Para esta informaci\u00f3n m\u00e1s completa, incluida la discusi\u00f3n de sus objetivos\/situaci\u00f3n, comun\u00edquese con su equipo familiar Etherous Family.<\/p>\n<!-- \/wp:paragraph --><\/div>","protected":false},"excerpt":{"rendered":"<p>Financiamiento de bienes ra\u00edces Las propiedades que compra son \u00fanicas. Tambi\u00e9n lo son sus necesidades financieras de bienes ra\u00edces y oportunidades. En el banco privado, entendemos sus circunstancias y pondremos nuestro conocimiento especializado en una amplia gama de estrategias de pr\u00e9stamos para que trabajen para usted. Nuestros especialistas en pr\u00e9stamos pueden aprovechar los recursos de toda la familia ethero para brindar valiosos consejos e ideas. Todo mientras apoya todo su plan de gesti\u00f3n de patrimonio. Un enfoque orientado a objetivos para el financiamiento de bienes ra\u00edces Cualesquiera que sean sus objetivos de financiamiento inmobiliario, el banco privado est\u00e1 listo para trabajar con usted para ayudar a lograrlos. Ya sea que desee explorar las opciones para una hipoteca de un nuevo hogar, financiar una propiedad de inversi\u00f3n, pedir prestado contra su cartera o ampliar sus tenencias de bienes ra\u00edces residenciales, trabajaremos para un plan adaptado para su situaci\u00f3n. \u00bfQu\u00e9 son los pr\u00e9stamos inmobiliarios? El Etherous Family Private Bank ofrece opciones de financiamiento de bienes ra\u00edces para una amplia gama de tipos de propiedades. Bienes ra\u00edces residenciales de EE. UU. El banco privado puede ayudarlo a asegurar una hipoteca para su hogar principal y cualquier otra propiedad. Nos especializamos en financiamiento inmobiliario&#8230;<\/p>\n","protected":false},"author":2,"featured_media":0,"parent":0,"menu_order":0,"comment_status":"closed","ping_status":"closed","template":"","meta":{"inline_featured_image":false,"footnotes":""},"class_list":["post-574","page","type-page","status-publish","hentry"],"yoast_head":"<!-- This site is optimized with the Yoast SEO plugin v25.2 - https:\/\/yoast.com\/wordpress\/plugins\/seo\/ -->\n<title>Real Estate Financing - THE ETHERIOUS FAMILY<\/title>\n<meta name=\"robots\" content=\"index, follow, max-snippet:-1, max-image-preview:large, max-video-preview:-1\" \/>\n<link rel=\"canonical\" href=\"https:\/\/etherious.com\/es\/real-estate-financing\/\" \/>\n<meta property=\"og:locale\" content=\"en_US\" \/>\n<meta property=\"og:type\" content=\"article\" \/>\n<meta property=\"og:title\" content=\"Real Estate Financing - THE ETHERIOUS FAMILY\" \/>\n<meta property=\"og:description\" content=\"Financiamiento de bienes ra\u00edces Las propiedades que compra son \u00fanicas. Tambi\u00e9n lo son sus necesidades financieras de bienes ra\u00edces y oportunidades. En el banco privado, entendemos sus circunstancias y pondremos nuestro conocimiento especializado en una amplia gama de estrategias de pr\u00e9stamos para que trabajen para usted. Nuestros especialistas en pr\u00e9stamos pueden aprovechar los recursos de toda la familia ethero para brindar valiosos consejos e ideas. Todo mientras apoya todo su plan de gesti\u00f3n de patrimonio. Un enfoque orientado a objetivos para el financiamiento de bienes ra\u00edces Cualesquiera que sean sus objetivos de financiamiento inmobiliario, el banco privado est\u00e1 listo para trabajar con usted para ayudar a lograrlos. Ya sea que desee explorar las opciones para una hipoteca de un nuevo hogar, financiar una propiedad de inversi\u00f3n, pedir prestado contra su cartera o ampliar sus tenencias de bienes ra\u00edces residenciales, trabajaremos para un plan adaptado para su situaci\u00f3n. \u00bfQu\u00e9 son los pr\u00e9stamos inmobiliarios? El Etherous Family Private Bank ofrece opciones de financiamiento de bienes ra\u00edces para una amplia gama de tipos de propiedades. Bienes ra\u00edces residenciales de EE. UU. El banco privado puede ayudarlo a asegurar una hipoteca para su hogar principal y cualquier otra propiedad. Nos especializamos en financiamiento inmobiliario...\" \/>\n<meta property=\"og:url\" content=\"https:\/\/etherious.com\/real-estate-financing\/\" \/>\n<meta property=\"og:site_name\" content=\"THE ETHERIOUS FAMILY\" \/>\n<meta property=\"article:modified_time\" content=\"2024-12-17T07:01:17+00:00\" \/>\n<meta property=\"og:image\" content=\"https:\/\/etherious.com\/wp-content\/uploads\/2024\/04\/99.png\" \/>\n\t<meta property=\"og:image:width\" content=\"140\" \/>\n\t<meta property=\"og:image:height\" content=\"140\" \/>\n\t<meta property=\"og:image:type\" content=\"image\/png\" \/>\n<meta name=\"twitter:card\" content=\"summary_large_image\" \/>\n<meta name=\"twitter:label1\" content=\"Est. reading time\" \/>\n\t<meta name=\"twitter:data1\" content=\"4 minutes\" \/>\n<script type=\"application\/ld+json\" class=\"yoast-schema-graph\">{\"@context\":\"https:\/\/schema.org\",\"@graph\":[{\"@type\":\"WebPage\",\"@id\":\"https:\/\/etherious.com\/real-estate-financing\/\",\"url\":\"https:\/\/etherious.com\/real-estate-financing\/\",\"name\":\"Real Estate Financing - THE ETHERIOUS FAMILY\",\"isPartOf\":{\"@id\":\"https:\/\/etherious.com\/#website\"},\"primaryImageOfPage\":{\"@id\":\"https:\/\/etherious.com\/real-estate-financing\/#primaryimage\"},\"image\":{\"@id\":\"https:\/\/etherious.com\/real-estate-financing\/#primaryimage\"},\"thumbnailUrl\":\"https:\/\/etherious.com\/wp-content\/uploads\/2024\/04\/99.png\",\"datePublished\":\"2024-05-09T20:35:53+00:00\",\"dateModified\":\"2024-12-17T07:01:17+00:00\",\"breadcrumb\":{\"@id\":\"https:\/\/etherious.com\/real-estate-financing\/#breadcrumb\"},\"inLanguage\":\"en-US\",\"potentialAction\":[{\"@type\":\"ReadAction\",\"target\":[\"https:\/\/etherious.com\/real-estate-financing\/\"]}]},{\"@type\":\"ImageObject\",\"inLanguage\":\"en-US\",\"@id\":\"https:\/\/etherious.com\/real-estate-financing\/#primaryimage\",\"url\":\"https:\/\/etherious.com\/wp-content\/uploads\/2024\/04\/99.png\",\"contentUrl\":\"https:\/\/etherious.com\/wp-content\/uploads\/2024\/04\/99.png\"},{\"@type\":\"BreadcrumbList\",\"@id\":\"https:\/\/etherious.com\/real-estate-financing\/#breadcrumb\",\"itemListElement\":[{\"@type\":\"ListItem\",\"position\":1,\"name\":\"Home\",\"item\":\"https:\/\/etherious.com\/home\/\"},{\"@type\":\"ListItem\",\"position\":2,\"name\":\"Real Estate Financing\"}]},{\"@type\":\"WebSite\",\"@id\":\"https:\/\/etherious.com\/#website\",\"url\":\"https:\/\/etherious.com\/\",\"name\":\"THE ETHERIOUS FAMILY\",\"description\":\"\",\"potentialAction\":[{\"@type\":\"SearchAction\",\"target\":{\"@type\":\"EntryPoint\",\"urlTemplate\":\"https:\/\/etherious.com\/?s={search_term_string}\"},\"query-input\":{\"@type\":\"PropertyValueSpecification\",\"valueRequired\":true,\"valueName\":\"search_term_string\"}}],\"inLanguage\":\"en-US\"}]}<\/script>\n<!-- \/ Yoast SEO plugin. -->","yoast_head_json":{"title":"Real Estate Financing - THE ETHERIOUS FAMILY","robots":{"index":"index","follow":"follow","max-snippet":"max-snippet:-1","max-image-preview":"max-image-preview:large","max-video-preview":"max-video-preview:-1"},"canonical":"https:\/\/etherious.com\/es\/real-estate-financing\/","og_locale":"en_US","og_type":"article","og_title":"Real Estate Financing - THE ETHERIOUS FAMILY","og_description":"Financiamiento de bienes ra\u00edces Las propiedades que compra son \u00fanicas. Tambi\u00e9n lo son sus necesidades financieras de bienes ra\u00edces y oportunidades. En el banco privado, entendemos sus circunstancias y pondremos nuestro conocimiento especializado en una amplia gama de estrategias de pr\u00e9stamos para que trabajen para usted. Nuestros especialistas en pr\u00e9stamos pueden aprovechar los recursos de toda la familia ethero para brindar valiosos consejos e ideas. Todo mientras apoya todo su plan de gesti\u00f3n de patrimonio. Un enfoque orientado a objetivos para el financiamiento de bienes ra\u00edces Cualesquiera que sean sus objetivos de financiamiento inmobiliario, el banco privado est\u00e1 listo para trabajar con usted para ayudar a lograrlos. Ya sea que desee explorar las opciones para una hipoteca de un nuevo hogar, financiar una propiedad de inversi\u00f3n, pedir prestado contra su cartera o ampliar sus tenencias de bienes ra\u00edces residenciales, trabajaremos para un plan adaptado para su situaci\u00f3n. \u00bfQu\u00e9 son los pr\u00e9stamos inmobiliarios? El Etherous Family Private Bank ofrece opciones de financiamiento de bienes ra\u00edces para una amplia gama de tipos de propiedades. Bienes ra\u00edces residenciales de EE. UU. El banco privado puede ayudarlo a asegurar una hipoteca para su hogar principal y cualquier otra propiedad. Nos especializamos en financiamiento inmobiliario...","og_url":"https:\/\/etherious.com\/real-estate-financing\/","og_site_name":"THE ETHERIOUS FAMILY","article_modified_time":"2024-12-17T07:01:17+00:00","og_image":[{"width":140,"height":140,"url":"https:\/\/etherious.com\/wp-content\/uploads\/2024\/04\/99.png","type":"image\/png"}],"twitter_card":"summary_large_image","twitter_misc":{"Est. reading time":"4 minutes"},"schema":{"@context":"https:\/\/schema.org","@graph":[{"@type":"WebPage","@id":"https:\/\/etherious.com\/real-estate-financing\/","url":"https:\/\/etherious.com\/real-estate-financing\/","name":"Real Estate Financing - THE ETHERIOUS FAMILY","isPartOf":{"@id":"https:\/\/etherious.com\/#website"},"primaryImageOfPage":{"@id":"https:\/\/etherious.com\/real-estate-financing\/#primaryimage"},"image":{"@id":"https:\/\/etherious.com\/real-estate-financing\/#primaryimage"},"thumbnailUrl":"https:\/\/etherious.com\/wp-content\/uploads\/2024\/04\/99.png","datePublished":"2024-05-09T20:35:53+00:00","dateModified":"2024-12-17T07:01:17+00:00","breadcrumb":{"@id":"https:\/\/etherious.com\/real-estate-financing\/#breadcrumb"},"inLanguage":"en-US","potentialAction":[{"@type":"ReadAction","target":["https:\/\/etherious.com\/real-estate-financing\/"]}]},{"@type":"ImageObject","inLanguage":"en-US","@id":"https:\/\/etherious.com\/real-estate-financing\/#primaryimage","url":"https:\/\/etherious.com\/wp-content\/uploads\/2024\/04\/99.png","contentUrl":"https:\/\/etherious.com\/wp-content\/uploads\/2024\/04\/99.png"},{"@type":"BreadcrumbList","@id":"https:\/\/etherious.com\/real-estate-financing\/#breadcrumb","itemListElement":[{"@type":"ListItem","position":1,"name":"Home","item":"https:\/\/etherious.com\/home\/"},{"@type":"ListItem","position":2,"name":"Real Estate Financing"}]},{"@type":"WebSite","@id":"https:\/\/etherious.com\/#website","url":"https:\/\/etherious.com\/","name":"THE ETHERIOUS FAMILY","description":"","potentialAction":[{"@type":"SearchAction","target":{"@type":"EntryPoint","urlTemplate":"https:\/\/etherious.com\/?s={search_term_string}"},"query-input":{"@type":"PropertyValueSpecification","valueRequired":true,"valueName":"search_term_string"}}],"inLanguage":"en-US"}]}},"_links":{"self":[{"href":"https:\/\/etherious.com\/es\/wp-json\/wp\/v2\/pages\/574","targetHints":{"allow":["GET"]}}],"collection":[{"href":"https:\/\/etherious.com\/es\/wp-json\/wp\/v2\/pages"}],"about":[{"href":"https:\/\/etherious.com\/es\/wp-json\/wp\/v2\/types\/page"}],"author":[{"embeddable":true,"href":"https:\/\/etherious.com\/es\/wp-json\/wp\/v2\/users\/2"}],"replies":[{"embeddable":true,"href":"https:\/\/etherious.com\/es\/wp-json\/wp\/v2\/comments?post=574"}],"version-history":[{"count":10,"href":"https:\/\/etherious.com\/es\/wp-json\/wp\/v2\/pages\/574\/revisions"}],"predecessor-version":[{"id":1446,"href":"https:\/\/etherious.com\/es\/wp-json\/wp\/v2\/pages\/574\/revisions\/1446"}],"wp:attachment":[{"href":"https:\/\/etherious.com\/es\/wp-json\/wp\/v2\/media?parent=574"}],"curies":[{"name":"wp","href":"https:\/\/api.w.org\/{rel}","templated":true}]}}