{"id":571,"date":"2024-05-09T20:28:59","date_gmt":"2024-05-09T20:28:59","guid":{"rendered":"https:\/\/etherious.com\/?page_id=571"},"modified":"2024-12-17T07:01:39","modified_gmt":"2024-12-17T07:01:39","slug":"lending-2","status":"publish","type":"page","link":"https:\/\/etherious.com\/es\/lending-2\/","title":{"rendered":"Descripci\u00f3n general"},"content":{"rendered":"<div class='content'><!-- wp:heading {\"level\":1,\"style\":{\"typography\":{\"fontSize\":\"45px\"}}} -->\n<h1 class=\"wp-block-heading\" style=\"font-size:45px\">Pr\u00e9stamo<\/h1>\n<!-- \/wp:heading -->\n\n<!-- wp:spacer {\"height\":\"125px\"} -->\n<div style=\"height:125px\" aria-hidden=\"true\" class=\"wp-block-spacer\"><\/div>\n<!-- \/wp:spacer -->\n\n<!-- wp:heading {\"textAlign\":\"right\",\"style\":{\"typography\":{\"fontSize\":\"30px\"}}} -->\n<h2 class=\"wp-block-heading has-text-align-right\" style=\"font-size:30px\">Los pr\u00e9stamos pueden desempe\u00f1ar un papel importante para ayudarlo a alcanzar sus objetivos financieros. Es por eso que ofrecemos una amplia gama de estrategias de cr\u00e9dito para proporcionarle financiamiento cuando lo necesite, ya sea para liquidez a corto o largo plazo, nuevas adquisiciones o oportunidades de inversi\u00f3n.<\/h2>\n<!-- \/wp:heading -->\n\n<!-- wp:spacer {\"height\":\"125px\"} -->\n<div style=\"height:125px\" aria-hidden=\"true\" class=\"wp-block-spacer\"><\/div>\n<!-- \/wp:spacer -->\n\n<!-- wp:columns -->\n<div class=\"wp-block-columns\"><!-- wp:column -->\n<div class=\"wp-block-column\"><!-- wp:heading {\"style\":{\"typography\":{\"fontSize\":\"40px\"}}} -->\n<h2 class=\"wp-block-heading\" style=\"font-size:40px\">Un plan estructurado a su alrededor<\/h2>\n<!-- \/wp:heading -->\n\n<!-- wp:paragraph {\"fontSize\":\"large\"} -->\n<p class=\"has-large-font-size\">Un verdadero socio, aportamos un enfoque estrat\u00e9gico, estrategias personalizadas y una comprensi\u00f3n hol\u00edstica de sus necesidades de endeudamiento en el contexto de su cartera general.<\/p>\n<!-- \/wp:paragraph --><\/div>\n<!-- \/wp:column -->\n\n<!-- wp:column -->\n<div class=\"wp-block-column\"><!-- wp:image {\"id\":354,\"width\":\"502px\",\"height\":\"auto\",\"sizeSlug\":\"full\",\"linkDestination\":\"none\"} -->\n<figure class=\"wp-block-image size-full is-resized\"><img src=\"https:\/\/etherious.com\/wp-content\/uploads\/2024\/04\/Service-The-Etherious-Family-10.jpg\" alt=\"\" class=\"wp-image-354\" style=\"width:502px;height:auto\"><\/figure>\n<!-- \/wp:image --><\/div>\n<!-- \/wp:column --><\/div>\n<!-- \/wp:columns -->\n\n<!-- wp:spacer {\"height\":\"125px\"} -->\n<div style=\"height:125px\" aria-hidden=\"true\" class=\"wp-block-spacer\"><\/div>\n<!-- \/wp:spacer -->\n\n<!-- wp:columns -->\n<div class=\"wp-block-columns\"><!-- wp:column -->\n<div class=\"wp-block-column\"><!-- wp:image {\"id\":435,\"sizeSlug\":\"full\",\"linkDestination\":\"none\"} -->\n<figure class=\"wp-block-image size-full\"><img src=\"https:\/\/etherious.com\/wp-content\/uploads\/2024\/04\/92.png\" alt=\"\" class=\"wp-image-435\"><\/figure>\n<!-- \/wp:image -->\n\n<!-- wp:heading {\"style\":{\"typography\":{\"fontSize\":\"30px\"}}} -->\n<h2 class=\"wp-block-heading\" style=\"font-size:30px\">Pr\u00e9stamos basados \u200b\u200ben valores<\/h2>\n<!-- \/wp:heading -->\n\n<!-- wp:paragraph {\"style\":{\"typography\":{\"fontSize\":\"20px\"}}} -->\n<p style=\"font-size:20px\">\u00bfC\u00f3mo puede liberar dinero para las necesidades a corto plazo y mantener sus inversiones a largo plazo funcionando para usted? Una estrategia es utilizar su cartera de inversiones como garant\u00eda para una l\u00ednea de cr\u00e9dito.<\/p>\n<!-- \/wp:paragraph --><\/div>\n<!-- \/wp:column -->\n\n<!-- wp:column -->\n<div class=\"wp-block-column\"><!-- wp:image {\"id\":436,\"sizeSlug\":\"full\",\"linkDestination\":\"none\"} -->\n<figure class=\"wp-block-image size-full\"><img src=\"https:\/\/etherious.com\/wp-content\/uploads\/2024\/04\/93.png\" alt=\"\" class=\"wp-image-436\"><\/figure>\n<!-- \/wp:image -->\n\n<!-- wp:heading {\"style\":{\"typography\":{\"fontSize\":\"30px\"}}} -->\n<h2 class=\"wp-block-heading\" style=\"font-size:30px\">Pr\u00e9stamo inmobiliario<\/h2>\n<!-- \/wp:heading -->\n\n<!-- wp:paragraph {\"style\":{\"typography\":{\"fontSize\":\"20px\"}}} -->\n<p style=\"font-size:20px\">Nuestros especialistas en pr\u00e9stamos inmobiliarios aprovechan los recursos de la totalidad de la familia Etherous para entregar la propiedad INTEL y el financiamiento que necesita para ayudar a cumplir con sus objetivos \u00fanicos.<\/p>\n<!-- \/wp:paragraph --><\/div>\n<!-- \/wp:column --><\/div>\n<!-- \/wp:columns -->\n\n<!-- wp:columns -->\n<div class=\"wp-block-columns\"><!-- wp:column -->\n<div class=\"wp-block-column\"><!-- wp:image {\"id\":377,\"width\":\"140px\",\"height\":\"140px\",\"scale\":\"cover\",\"sizeSlug\":\"full\",\"linkDestination\":\"none\"} -->\n<figure class=\"wp-block-image size-full is-resized\"><img src=\"https:\/\/etherious.com\/wp-content\/uploads\/2024\/04\/23-2.png\" alt=\"\" class=\"wp-image-377\" style=\"object-fit:cover;width:140px;height:140px\"><\/figure>\n<!-- \/wp:image -->\n\n<!-- wp:heading {\"level\":3,\"style\":{\"typography\":{\"fontSize\":\"30px\"}}} -->\n<h3 class=\"wp-block-heading\" style=\"font-size:30px\">Pr\u00e9stamo especializado<\/h3>\n<!-- \/wp:heading -->\n\n<!-- wp:paragraph {\"style\":{\"typography\":{\"fontSize\":\"20px\"}}} -->\n<p style=\"font-size:20px\">Los activos poco comunes y los grandes boletos requieren una experiencia de pr\u00e9stamo especial, ya sea que los est\u00e9 comprando o tratando de acceder a su liquidez. Podemos ayudarlo a encontrar una estrategia que funcione en el mejor inter\u00e9s de su plan de riqueza general.<\/p>\n<!-- \/wp:paragraph --><\/div>\n<!-- \/wp:column -->\n\n<!-- wp:column -->\n<div class=\"wp-block-column\"><\/div>\n<!-- \/wp:column --><\/div>\n<!-- \/wp:columns -->\n\n<!-- wp:spacer {\"height\":\"90px\"} -->\n<div style=\"height:90px\" aria-hidden=\"true\" class=\"wp-block-spacer\"><\/div>\n<!-- \/wp:spacer -->\n\n<!-- wp:heading {\"level\":3,\"style\":{\"typography\":{\"fontSize\":\"15px\"}}} -->\n<h3 class=\"wp-block-heading\" style=\"font-size:15px\">Informaci\u00f3n importante<\/h3>\n<!-- \/wp:heading -->\n\n<!-- wp:paragraph {\"fontSize\":\"small\"} -->\n<p class=\"has-small-font-size\">Este material es solo para fines de informaci\u00f3n, y puede informarle sobre ciertos productos y servicios ofrecidos por empresas de banca privada, parte de la organizaci\u00f3n et\u00e9rica. Los productos y servicios descritos, as\u00ed como las tarifas, los cargos y las tasas de inter\u00e9s asociados, est\u00e1n sujetos a cambios de acuerdo con los acuerdos de cuenta aplicables y pueden diferir entre las ubicaciones geogr\u00e1ficas. No todos los productos y servicios se ofrecen en todas las ubicaciones. Si usted es una persona con discapacidad y necesita apoyo adicional para acceder a este material, comun\u00edquese con su equipo familiar Etherous Family o env\u00edenos un correo electr\u00f3nico a .etious.family@etherious.org para obtener ayuda. Lea toda la informaci\u00f3n importante.<\/p>\n<!-- \/wp:paragraph -->\n\n<!-- wp:heading {\"level\":3,\"style\":{\"typography\":{\"fontSize\":\"15px\"}}} -->\n<h3 class=\"wp-block-heading\" style=\"font-size:15px\">Riesgos y consideraciones generales<\/h3>\n<!-- \/wp:heading -->\n\n<!-- wp:paragraph {\"fontSize\":\"small\"} -->\n<p class=\"has-small-font-size\">Cualquier opini\u00f3n, estrategia o producto discutido en este material puede no ser apropiado para todas las personas y est\u00e1 sujeto a riesgos. Los inversores pueden recuperar menos de lo que invirtieron, y el rendimiento pasado no es un indicador confiable de resultados futuros. La asignaci\u00f3n\/diversificaci\u00f3n de activos no garantiza una ganancia ni protege contra la p\u00e9rdida. No se debe confiar nada en este material de forma aislada con el fin de tomar una decisi\u00f3n de inversi\u00f3n. Se le insta a considerar cuidadosamente si los servicios, productos, clases de activos (por ejemplo, acciones, ingresos fijos, inversiones alternativas, productos b\u00e1sicos, etc.) o estrategias discutidas son adecuadas para sus necesidades. Tambi\u00e9n debe considerar los objetivos, riesgos, cargos y gastos asociados con un servicio de inversi\u00f3n, producto o estrategia antes de tomar una decisi\u00f3n de inversi\u00f3n. Para esta informaci\u00f3n m\u00e1s completa, incluida la discusi\u00f3n de sus objetivos\/situaci\u00f3n, comun\u00edquese con su equipo familiar Etherous Family.<\/p>\n<!-- \/wp:paragraph --><\/div>","protected":false},"excerpt":{"rendered":"<p>Pr\u00e9stamo Los pr\u00e9stamos pueden desempe\u00f1ar un papel importante para ayudarlo a alcanzar sus objetivos financieros. Es por eso que ofrecemos una amplia gama de estrategias de cr\u00e9dito para proporcionarle financiamiento cuando lo necesite, ya sea para liquidez a corto o largo plazo, nuevas adquisiciones o oportunidades de inversi\u00f3n. Un plan estructurado a su alrededor Un verdadero socio, aportamos un enfoque estrat\u00e9gico, estrategias personalizadas y una comprensi\u00f3n hol\u00edstica de sus necesidades de endeudamiento en el contexto de su cartera general. Pr\u00e9stamos basados \u200b\u200ben valores \u00bfC\u00f3mo puede liberar dinero para las necesidades a corto plazo y mantener sus inversiones a largo plazo funcionando para usted? Una estrategia es utilizar su cartera de inversiones como garant\u00eda para una l\u00ednea de cr\u00e9dito. Pr\u00e9stamo inmobiliario Nuestros especialistas en pr\u00e9stamos inmobiliarios aprovechan los recursos de la totalidad de la familia Etherous para entregar la propiedad INTEL y el financiamiento que necesita para ayudar a cumplir con sus objetivos \u00fanicos. Pr\u00e9stamo especializado Los activos poco comunes y los grandes boletos requieren una experiencia de pr\u00e9stamo especial, ya sea que los est\u00e9 comprando o tratando de acceder a su liquidez. Podemos ayudarlo a encontrar una estrategia que funcione en el mejor inter\u00e9s de su plan de riqueza general&#8230;.<\/p>\n","protected":false},"author":2,"featured_media":0,"parent":0,"menu_order":0,"comment_status":"closed","ping_status":"closed","template":"","meta":{"inline_featured_image":false,"footnotes":""},"class_list":["post-571","page","type-page","status-publish","hentry"],"yoast_head":"<!-- This site is optimized with the Yoast SEO plugin v25.2 - https:\/\/yoast.com\/wordpress\/plugins\/seo\/ -->\n<title>Overview - THE ETHERIOUS FAMILY<\/title>\n<meta name=\"robots\" content=\"index, follow, max-snippet:-1, max-image-preview:large, max-video-preview:-1\" \/>\n<link rel=\"canonical\" href=\"https:\/\/etherious.com\/es\/lending-2\/\" \/>\n<meta property=\"og:locale\" content=\"en_US\" \/>\n<meta property=\"og:type\" content=\"article\" \/>\n<meta property=\"og:title\" content=\"Overview - THE ETHERIOUS FAMILY\" \/>\n<meta property=\"og:description\" content=\"Pr\u00e9stamo Los pr\u00e9stamos pueden desempe\u00f1ar un papel importante para ayudarlo a alcanzar sus objetivos financieros. Es por eso que ofrecemos una amplia gama de estrategias de cr\u00e9dito para proporcionarle financiamiento cuando lo necesite, ya sea para liquidez a corto o largo plazo, nuevas adquisiciones o oportunidades de inversi\u00f3n. Un plan estructurado a su alrededor Un verdadero socio, aportamos un enfoque estrat\u00e9gico, estrategias personalizadas y una comprensi\u00f3n hol\u00edstica de sus necesidades de endeudamiento en el contexto de su cartera general. Pr\u00e9stamos basados \u200b\u200ben valores \u00bfC\u00f3mo puede liberar dinero para las necesidades a corto plazo y mantener sus inversiones a largo plazo funcionando para usted? Una estrategia es utilizar su cartera de inversiones como garant\u00eda para una l\u00ednea de cr\u00e9dito. Pr\u00e9stamo inmobiliario Nuestros especialistas en pr\u00e9stamos inmobiliarios aprovechan los recursos de la totalidad de la familia Etherous para entregar la propiedad INTEL y el financiamiento que necesita para ayudar a cumplir con sus objetivos \u00fanicos. Pr\u00e9stamo especializado Los activos poco comunes y los grandes boletos requieren una experiencia de pr\u00e9stamo especial, ya sea que los est\u00e9 comprando o tratando de acceder a su liquidez. Podemos ayudarlo a encontrar una estrategia que funcione en el mejor inter\u00e9s de su plan de riqueza general....\" \/>\n<meta property=\"og:url\" content=\"https:\/\/etherious.com\/lending-2\/\" \/>\n<meta property=\"og:site_name\" content=\"THE ETHERIOUS FAMILY\" \/>\n<meta property=\"article:modified_time\" content=\"2024-12-17T07:01:39+00:00\" \/>\n<meta property=\"og:image\" content=\"https:\/\/etherious.com\/wp-content\/uploads\/2024\/04\/Service-The-Etherious-Family-10.jpg\" \/>\n\t<meta property=\"og:image:width\" content=\"840\" \/>\n\t<meta property=\"og:image:height\" content=\"1008\" \/>\n\t<meta property=\"og:image:type\" content=\"image\/jpeg\" \/>\n<meta name=\"twitter:card\" content=\"summary_large_image\" \/>\n<meta name=\"twitter:label1\" content=\"Est. reading time\" \/>\n\t<meta name=\"twitter:data1\" content=\"3 minutes\" \/>\n<script type=\"application\/ld+json\" class=\"yoast-schema-graph\">{\"@context\":\"https:\/\/schema.org\",\"@graph\":[{\"@type\":\"WebPage\",\"@id\":\"https:\/\/etherious.com\/lending-2\/\",\"url\":\"https:\/\/etherious.com\/lending-2\/\",\"name\":\"Overview - THE ETHERIOUS FAMILY\",\"isPartOf\":{\"@id\":\"https:\/\/etherious.com\/#website\"},\"primaryImageOfPage\":{\"@id\":\"https:\/\/etherious.com\/lending-2\/#primaryimage\"},\"image\":{\"@id\":\"https:\/\/etherious.com\/lending-2\/#primaryimage\"},\"thumbnailUrl\":\"https:\/\/etherious.com\/wp-content\/uploads\/2024\/04\/Service-The-Etherious-Family-10.jpg\",\"datePublished\":\"2024-05-09T20:28:59+00:00\",\"dateModified\":\"2024-12-17T07:01:39+00:00\",\"breadcrumb\":{\"@id\":\"https:\/\/etherious.com\/lending-2\/#breadcrumb\"},\"inLanguage\":\"en-US\",\"potentialAction\":[{\"@type\":\"ReadAction\",\"target\":[\"https:\/\/etherious.com\/lending-2\/\"]}]},{\"@type\":\"ImageObject\",\"inLanguage\":\"en-US\",\"@id\":\"https:\/\/etherious.com\/lending-2\/#primaryimage\",\"url\":\"https:\/\/etherious.com\/wp-content\/uploads\/2024\/04\/Service-The-Etherious-Family-10.jpg\",\"contentUrl\":\"https:\/\/etherious.com\/wp-content\/uploads\/2024\/04\/Service-The-Etherious-Family-10.jpg\"},{\"@type\":\"BreadcrumbList\",\"@id\":\"https:\/\/etherious.com\/lending-2\/#breadcrumb\",\"itemListElement\":[{\"@type\":\"ListItem\",\"position\":1,\"name\":\"Home\",\"item\":\"https:\/\/etherious.com\/home\/\"},{\"@type\":\"ListItem\",\"position\":2,\"name\":\"Overview\"}]},{\"@type\":\"WebSite\",\"@id\":\"https:\/\/etherious.com\/#website\",\"url\":\"https:\/\/etherious.com\/\",\"name\":\"THE ETHERIOUS FAMILY\",\"description\":\"\",\"potentialAction\":[{\"@type\":\"SearchAction\",\"target\":{\"@type\":\"EntryPoint\",\"urlTemplate\":\"https:\/\/etherious.com\/?s={search_term_string}\"},\"query-input\":{\"@type\":\"PropertyValueSpecification\",\"valueRequired\":true,\"valueName\":\"search_term_string\"}}],\"inLanguage\":\"en-US\"}]}<\/script>\n<!-- \/ Yoast SEO plugin. -->","yoast_head_json":{"title":"Overview - THE ETHERIOUS FAMILY","robots":{"index":"index","follow":"follow","max-snippet":"max-snippet:-1","max-image-preview":"max-image-preview:large","max-video-preview":"max-video-preview:-1"},"canonical":"https:\/\/etherious.com\/es\/lending-2\/","og_locale":"en_US","og_type":"article","og_title":"Overview - THE ETHERIOUS FAMILY","og_description":"Pr\u00e9stamo Los pr\u00e9stamos pueden desempe\u00f1ar un papel importante para ayudarlo a alcanzar sus objetivos financieros. Es por eso que ofrecemos una amplia gama de estrategias de cr\u00e9dito para proporcionarle financiamiento cuando lo necesite, ya sea para liquidez a corto o largo plazo, nuevas adquisiciones o oportunidades de inversi\u00f3n. Un plan estructurado a su alrededor Un verdadero socio, aportamos un enfoque estrat\u00e9gico, estrategias personalizadas y una comprensi\u00f3n hol\u00edstica de sus necesidades de endeudamiento en el contexto de su cartera general. Pr\u00e9stamos basados \u200b\u200ben valores \u00bfC\u00f3mo puede liberar dinero para las necesidades a corto plazo y mantener sus inversiones a largo plazo funcionando para usted? Una estrategia es utilizar su cartera de inversiones como garant\u00eda para una l\u00ednea de cr\u00e9dito. Pr\u00e9stamo inmobiliario Nuestros especialistas en pr\u00e9stamos inmobiliarios aprovechan los recursos de la totalidad de la familia Etherous para entregar la propiedad INTEL y el financiamiento que necesita para ayudar a cumplir con sus objetivos \u00fanicos. Pr\u00e9stamo especializado Los activos poco comunes y los grandes boletos requieren una experiencia de pr\u00e9stamo especial, ya sea que los est\u00e9 comprando o tratando de acceder a su liquidez. Podemos ayudarlo a encontrar una estrategia que funcione en el mejor inter\u00e9s de su plan de riqueza general....","og_url":"https:\/\/etherious.com\/lending-2\/","og_site_name":"THE ETHERIOUS FAMILY","article_modified_time":"2024-12-17T07:01:39+00:00","og_image":[{"width":840,"height":1008,"url":"https:\/\/etherious.com\/wp-content\/uploads\/2024\/04\/Service-The-Etherious-Family-10.jpg","type":"image\/jpeg"}],"twitter_card":"summary_large_image","twitter_misc":{"Est. reading time":"3 minutes"},"schema":{"@context":"https:\/\/schema.org","@graph":[{"@type":"WebPage","@id":"https:\/\/etherious.com\/lending-2\/","url":"https:\/\/etherious.com\/lending-2\/","name":"Overview - THE ETHERIOUS FAMILY","isPartOf":{"@id":"https:\/\/etherious.com\/#website"},"primaryImageOfPage":{"@id":"https:\/\/etherious.com\/lending-2\/#primaryimage"},"image":{"@id":"https:\/\/etherious.com\/lending-2\/#primaryimage"},"thumbnailUrl":"https:\/\/etherious.com\/wp-content\/uploads\/2024\/04\/Service-The-Etherious-Family-10.jpg","datePublished":"2024-05-09T20:28:59+00:00","dateModified":"2024-12-17T07:01:39+00:00","breadcrumb":{"@id":"https:\/\/etherious.com\/lending-2\/#breadcrumb"},"inLanguage":"en-US","potentialAction":[{"@type":"ReadAction","target":["https:\/\/etherious.com\/lending-2\/"]}]},{"@type":"ImageObject","inLanguage":"en-US","@id":"https:\/\/etherious.com\/lending-2\/#primaryimage","url":"https:\/\/etherious.com\/wp-content\/uploads\/2024\/04\/Service-The-Etherious-Family-10.jpg","contentUrl":"https:\/\/etherious.com\/wp-content\/uploads\/2024\/04\/Service-The-Etherious-Family-10.jpg"},{"@type":"BreadcrumbList","@id":"https:\/\/etherious.com\/lending-2\/#breadcrumb","itemListElement":[{"@type":"ListItem","position":1,"name":"Home","item":"https:\/\/etherious.com\/home\/"},{"@type":"ListItem","position":2,"name":"Overview"}]},{"@type":"WebSite","@id":"https:\/\/etherious.com\/#website","url":"https:\/\/etherious.com\/","name":"THE ETHERIOUS FAMILY","description":"","potentialAction":[{"@type":"SearchAction","target":{"@type":"EntryPoint","urlTemplate":"https:\/\/etherious.com\/?s={search_term_string}"},"query-input":{"@type":"PropertyValueSpecification","valueRequired":true,"valueName":"search_term_string"}}],"inLanguage":"en-US"}]}},"_links":{"self":[{"href":"https:\/\/etherious.com\/es\/wp-json\/wp\/v2\/pages\/571","targetHints":{"allow":["GET"]}}],"collection":[{"href":"https:\/\/etherious.com\/es\/wp-json\/wp\/v2\/pages"}],"about":[{"href":"https:\/\/etherious.com\/es\/wp-json\/wp\/v2\/types\/page"}],"author":[{"embeddable":true,"href":"https:\/\/etherious.com\/es\/wp-json\/wp\/v2\/users\/2"}],"replies":[{"embeddable":true,"href":"https:\/\/etherious.com\/es\/wp-json\/wp\/v2\/comments?post=571"}],"version-history":[{"count":6,"href":"https:\/\/etherious.com\/es\/wp-json\/wp\/v2\/pages\/571\/revisions"}],"predecessor-version":[{"id":1447,"href":"https:\/\/etherious.com\/es\/wp-json\/wp\/v2\/pages\/571\/revisions\/1447"}],"wp:attachment":[{"href":"https:\/\/etherious.com\/es\/wp-json\/wp\/v2\/media?parent=571"}],"curies":[{"name":"wp","href":"https:\/\/api.w.org\/{rel}","templated":true}]}}