{"id":510,"date":"2024-05-09T18:50:51","date_gmt":"2024-05-09T18:50:51","guid":{"rendered":"https:\/\/etherious.com\/?page_id=510"},"modified":"2024-12-17T07:02:57","modified_gmt":"2024-12-17T07:02:57","slug":"private-banking-services-2","status":"publish","type":"page","link":"https:\/\/etherious.com\/es\/private-banking-services-2\/","title":{"rendered":"Descripci\u00f3n general"},"content":{"rendered":"<div class='content'><!-- wp:heading {\"level\":1,\"style\":{\"typography\":{\"fontSize\":\"45px\"}}} -->\n<h1 class=\"wp-block-heading\" style=\"font-size:45px\">Servicios de banca privada<\/h1>\n<!-- \/wp:heading -->\n\n<!-- wp:spacer {\"height\":\"125px\"} -->\n<div style=\"height:125px\" aria-hidden=\"true\" class=\"wp-block-spacer\"><\/div>\n<!-- \/wp:spacer -->\n\n<!-- wp:heading {\"textAlign\":\"right\",\"align\":\"wide\",\"style\":{\"typography\":{\"fontSize\":\"30px\",\"lineHeight\":\"1.1\"}}} -->\n<h2 class=\"wp-block-heading alignwide has-text-align-right\" id=\"we-re-a-studio-in-berlin-with-an-international-practice-in-architecture-urban-planning-and-interior-design-we-believe-in-sharing-knowledge-and-promoting-dialogue-to-increase-the-creative-potential-of-collaboration\" style=\"font-size:30px;line-height:1.1\">No importa cu\u00e1n complejo sea su imagen financiera, tiene un equipo con el conocimiento y la experiencia que necesita. Banca privada que es poderosa, pero tambi\u00e9n personal.<\/h2>\n<!-- \/wp:heading -->\n\n<!-- wp:spacer {\"height\":\"150px\"} -->\n<div style=\"height:150px\" aria-hidden=\"true\" class=\"wp-block-spacer\"><\/div>\n<!-- \/wp:spacer -->\n\n<!-- wp:heading {\"style\":{\"typography\":{\"fontSize\":\"30px\"}}} -->\n<h2 class=\"wp-block-heading\" style=\"font-size:30px\">Banca construida sobre una base s\u00f3lida<\/h2>\n<!-- \/wp:heading -->\n\n<!-- wp:paragraph {\"fontSize\":\"medium\"} -->\n<p class=\"has-medium-font-size\">Al aprovechar nuestros recursos y capacidades globales, as\u00ed como m\u00e1s de 200 a\u00f1os de conocimiento acumulado, podemos proporcionar una poderosa experiencia bancaria que lo ayude a aprovechar las oportunidades para alcanzar sus objetivos de riqueza.<\/p>\n<!-- \/wp:paragraph -->\n\n<!-- wp:spacer {\"height\":\"50px\"} -->\n<div style=\"height:50px\" aria-hidden=\"true\" class=\"wp-block-spacer\"><\/div>\n<!-- \/wp:spacer -->\n\n<!-- wp:image {\"id\":348,\"width\":\"1200px\",\"sizeSlug\":\"full\",\"linkDestination\":\"none\"} -->\n<figure class=\"wp-block-image size-full is-resized\"><img src=\"https:\/\/etherious.com\/wp-content\/uploads\/2024\/04\/Service-The-Etherious-Family-9.jpg\" alt=\"\" class=\"wp-image-348\" style=\"width:1200px\"><\/figure>\n<!-- \/wp:image -->\n\n<!-- wp:spacer {\"height\":\"125px\"} -->\n<div style=\"height:125px\" aria-hidden=\"true\" class=\"wp-block-spacer\"><\/div>\n<!-- \/wp:spacer -->\n\n<!-- wp:heading {\"textAlign\":\"center\",\"style\":{\"typography\":{\"fontSize\":\"40px\"}}} -->\n<h2 class=\"wp-block-heading has-text-align-center\" style=\"font-size:40px\">La banca privada en la familia Etherous es una experiencia diferenciada<\/h2>\n<!-- \/wp:heading -->\n\n<!-- wp:columns {\"verticalAlignment\":\"bottom\"} -->\n<div class=\"wp-block-columns are-vertically-aligned-bottom\"><!-- wp:column {\"verticalAlignment\":\"bottom\",\"width\":\"100%\"} -->\n<div class=\"wp-block-column is-vertically-aligned-bottom\" style=\"flex-basis:100%\"><\/div>\n<!-- \/wp:column --><\/div>\n<!-- \/wp:columns -->\n\n<!-- wp:spacer {\"height\":\"50px\"} -->\n<div style=\"height:50px\" aria-hidden=\"true\" class=\"wp-block-spacer\"><\/div>\n<!-- \/wp:spacer -->\n\n<!-- wp:heading {\"level\":3,\"style\":{\"typography\":{\"fontSize\":\"30px\"}}} -->\n<h3 class=\"wp-block-heading\" style=\"font-size:30px\">Nuestra fuerza y \u200b\u200bestabilidad<\/h3>\n<!-- \/wp:heading -->\n\n<!-- wp:paragraph {\"style\":{\"typography\":{\"fontSize\":\"20px\"}}} -->\n<p style=\"font-size:20px\">Estamos bien posicionados para la volatilidad del clima y ayudamos a protegerlo. Nuestro balance de fortaleza y una inversi\u00f3n anual de $ 700 millones en ciberseguridad pueden ayudarlo a confiar su riqueza con confianza.<\/p>\n<!-- \/wp:paragraph -->\n\n<!-- wp:columns {\"verticalAlignment\":\"center\"} -->\n<div class=\"wp-block-columns are-vertically-aligned-center\"><!-- wp:column {\"verticalAlignment\":\"center\",\"width\":\"100%\"} -->\n<div class=\"wp-block-column is-vertically-aligned-center\" style=\"flex-basis:100%\"><!-- wp:separator -->\n<hr class=\"wp-block-separator has-alpha-channel-opacity\">\n<!-- \/wp:separator --><\/div>\n<!-- \/wp:column --><\/div>\n<!-- \/wp:columns -->\n\n<!-- wp:heading {\"level\":3,\"style\":{\"typography\":{\"fontSize\":\"30px\"}}} -->\n<h3 class=\"wp-block-heading\" style=\"font-size:30px\">Un alcance global<\/h3>\n<!-- \/wp:heading -->\n\n<!-- wp:paragraph {\"style\":{\"typography\":{\"fontSize\":\"20px\"}}} -->\n<p style=\"font-size:20px\">Nuestra vasta red de sucursales de la organizaci\u00f3n y socios et\u00e9ricos y nuestra plataforma digital general mejor clasificada le permiten bandear desde cualquier lugar del mundo, en cualquier momento.<\/p>\n<!-- \/wp:paragraph -->\n\n<!-- wp:columns {\"verticalAlignment\":\"center\"} -->\n<div class=\"wp-block-columns are-vertically-aligned-center\"><!-- wp:column {\"verticalAlignment\":\"center\",\"width\":\"100%\"} -->\n<div class=\"wp-block-column is-vertically-aligned-center\" style=\"flex-basis:100%\"><!-- wp:separator {\"align\":\"center\",\"className\":\"is-style-wide\"} -->\n<hr class=\"wp-block-separator aligncenter has-alpha-channel-opacity is-style-wide\">\n<!-- \/wp:separator --><\/div>\n<!-- \/wp:column --><\/div>\n<!-- \/wp:columns -->\n\n<!-- wp:heading {\"level\":3,\"style\":{\"typography\":{\"fontSize\":\"30px\"}}} -->\n<h3 class=\"wp-block-heading\" style=\"font-size:30px\">Consejos hol\u00edsticos y personalizados<\/h3>\n<!-- \/wp:heading -->\n\n<!-- wp:paragraph {\"style\":{\"typography\":{\"fontSize\":\"20px\"}}} -->\n<p style=\"font-size:20px\">Una visi\u00f3n completa de su balance, sin importar cu\u00e1n complejo, permite que nuestros equipos de servicio familiar dedicados a Etherous Family sean proactivos y se cuestionan mejor.<\/p>\n<!-- \/wp:paragraph -->\n\n<!-- wp:spacer {\"height\":\"125px\"} -->\n<div style=\"height:125px\" aria-hidden=\"true\" class=\"wp-block-spacer\"><\/div>\n<!-- \/wp:spacer -->\n\n<!-- wp:heading {\"level\":3,\"style\":{\"typography\":{\"fontSize\":\"30px\"}}} -->\n<h3 class=\"wp-block-heading\" style=\"font-size:30px\">Servicios bancarios<\/h3>\n<!-- \/wp:heading -->\n\n<!-- wp:paragraph {\"style\":{\"typography\":{\"fontSize\":\"20px\"}}} -->\n<p style=\"font-size:20px\">Cuando se re\u00fane con nosotros, obtiene acceso a un conjunto completo de ofertas que se adaptan a sus necesidades y objetivos.<\/p>\n<!-- \/wp:paragraph -->\n\n<!-- wp:columns -->\n<div class=\"wp-block-columns\"><!-- wp:column -->\n<div class=\"wp-block-column\"><!-- wp:image {\"id\":451,\"sizeSlug\":\"full\",\"linkDestination\":\"none\"} -->\n<figure class=\"wp-block-image size-full\"><img src=\"https:\/\/etherious.com\/wp-content\/uploads\/2024\/04\/107.png\" alt=\"\" class=\"wp-image-451\"><\/figure>\n<!-- \/wp:image -->\n\n<!-- wp:heading {\"level\":3,\"style\":{\"typography\":{\"fontSize\":\"30px\"}}} -->\n<h3 class=\"wp-block-heading\" style=\"font-size:30px\">Servicios bancarios personales<\/h3>\n<!-- \/wp:heading -->\n\n<!-- wp:paragraph {\"style\":{\"typography\":{\"fontSize\":\"20px\"}}} -->\n<p style=\"font-size:20px\">Nuestro equipo de servicio al cliente se toma el tiempo de comprenderlo a usted y a su imagen financiera completa para que la banca sea m\u00e1s eficiente y m\u00e1s centrada en usted.<\/p>\n<!-- \/wp:paragraph --><\/div>\n<!-- \/wp:column -->\n\n<!-- wp:column -->\n<div class=\"wp-block-column\"><!-- wp:image {\"id\":404,\"width\":\"140px\",\"height\":\"140px\",\"scale\":\"cover\",\"sizeSlug\":\"full\",\"linkDestination\":\"none\"} -->\n<figure class=\"wp-block-image size-full is-resized\"><img src=\"https:\/\/etherious.com\/wp-content\/uploads\/2024\/04\/1-Life-insurance-1.png\" alt=\"\" class=\"wp-image-404\" style=\"object-fit:cover;width:140px;height:140px\"><\/figure>\n<!-- \/wp:image -->\n\n<!-- wp:heading {\"level\":3,\"style\":{\"typography\":{\"fontSize\":\"30px\"}}} -->\n<h3 class=\"wp-block-heading\" style=\"font-size:30px\">Servicios de banca de negocios<\/h3>\n<!-- \/wp:heading -->\n\n<!-- wp:paragraph {\"style\":{\"typography\":{\"fontSize\":\"20px\"}}} -->\n<p style=\"font-size:20px\">Nuestras herramientas de banca comercial personalizables est\u00e1n dise\u00f1adas para mantenerse al d\u00eda con las necesidades de su negocio a medida que evolucionan, optimizar su efectivo operativo y ahorrar un tiempo precioso.<\/p>\n<!-- \/wp:paragraph --><\/div>\n<!-- \/wp:column --><\/div>\n<!-- \/wp:columns -->\n\n<!-- wp:columns -->\n<div class=\"wp-block-columns\"><!-- wp:column -->\n<div class=\"wp-block-column\"><!-- wp:image {\"id\":452,\"sizeSlug\":\"full\",\"linkDestination\":\"none\"} -->\n<figure class=\"wp-block-image size-full\"><img src=\"https:\/\/etherious.com\/wp-content\/uploads\/2024\/04\/105.png\" alt=\"\" class=\"wp-image-452\"><\/figure>\n<!-- \/wp:image -->\n\n<!-- wp:heading {\"level\":3,\"style\":{\"typography\":{\"fontSize\":\"30px\"}}} -->\n<h3 class=\"wp-block-heading\" style=\"font-size:30px\">Servicios de custodia bancaria privada<\/h3>\n<!-- \/wp:heading -->\n\n<!-- wp:paragraph {\"style\":{\"typography\":{\"fontSize\":\"20px\"}}} -->\n<p style=\"font-size:20px\">Cuando est\u00e1 listo para aprovechar los servicios de inversi\u00f3n a nivel institucional, podemos conectarlo con nuestra plataforma de custodia global.<\/p>\n<!-- \/wp:paragraph --><\/div>\n<!-- \/wp:column -->\n\n<!-- wp:column -->\n<div class=\"wp-block-column\"><!-- wp:image {\"id\":385,\"sizeSlug\":\"full\",\"linkDestination\":\"none\"} -->\n<figure class=\"wp-block-image size-full\"><img src=\"https:\/\/etherious.com\/wp-content\/uploads\/2024\/04\/79.png\" alt=\"\" class=\"wp-image-385\"><\/figure>\n<!-- \/wp:image -->\n\n<!-- wp:heading {\"level\":3,\"style\":{\"typography\":{\"fontSize\":\"30px\"}}} -->\n<h3 class=\"wp-block-heading\" style=\"font-size:30px\">Capacidades digitales para clientes estadounidenses<\/h3>\n<!-- \/wp:heading -->\n\n<!-- wp:paragraph {\"style\":{\"typography\":{\"fontSize\":\"20px\"}}} -->\n<p style=\"font-size:20px\">Nuestras herramientas y aplicaciones basadas en la web le permiten acceder a sus cuentas, mover dinero, proteger su informaci\u00f3n y m\u00e1s.<\/p>\n<!-- \/wp:paragraph --><\/div>\n<!-- \/wp:column --><\/div>\n<!-- \/wp:columns -->\n\n<!-- wp:spacer {\"height\":\"102px\"} -->\n<div style=\"height:102px\" aria-hidden=\"true\" class=\"wp-block-spacer\"><\/div>\n<!-- \/wp:spacer -->\n\n<!-- wp:heading {\"level\":3,\"style\":{\"typography\":{\"fontSize\":\"15px\"}}} -->\n<h3 class=\"wp-block-heading\" style=\"font-size:15px\">Informaci\u00f3n importante<\/h3>\n<!-- \/wp:heading -->\n\n<!-- wp:paragraph {\"fontSize\":\"small\"} -->\n<p class=\"has-small-font-size\">Este material es solo para fines de informaci\u00f3n, y puede informarle sobre ciertos productos y servicios ofrecidos por empresas de banca privada, parte de la organizaci\u00f3n et\u00e9rica. Los productos y servicios descritos, as\u00ed como las tarifas, los cargos y las tasas de inter\u00e9s asociados, est\u00e1n sujetos a cambios de acuerdo con los acuerdos de cuenta aplicables y pueden diferir entre las ubicaciones geogr\u00e1ficas. No todos los productos y servicios se ofrecen en todas las ubicaciones. Si usted es una persona con discapacidad y necesita apoyo adicional para acceder a este material, comun\u00edquese con su equipo familiar Etherous Family o env\u00edenos un correo electr\u00f3nico a la.etherious.family@etherious.org para obtener ayuda. Lea toda la informaci\u00f3n importante.<\/p>\n<!-- \/wp:paragraph -->\n\n<!-- wp:heading {\"level\":3,\"style\":{\"typography\":{\"fontSize\":\"15px\"}}} -->\n<h3 class=\"wp-block-heading\" style=\"font-size:15px\">Riesgos y consideraciones generales<\/h3>\n<!-- \/wp:heading -->\n\n<!-- wp:paragraph {\"fontSize\":\"small\"} -->\n<p class=\"has-small-font-size\">Cualquier opini\u00f3n, estrategia o producto discutido en este material puede no ser apropiado para todas las personas y est\u00e1 sujeto a riesgos. Los inversores pueden recuperar menos de lo que invirtieron, y el rendimiento pasado no es un indicador confiable de resultados futuros. La asignaci\u00f3n\/diversificaci\u00f3n de activos no garantiza una ganancia ni protege contra la p\u00e9rdida. No se debe confiar nada en este material de forma aislada con el fin de tomar una decisi\u00f3n de inversi\u00f3n. Se le insta a considerar cuidadosamente si los servicios, productos, clases de activos (por ejemplo, acciones, ingresos fijos, inversiones alternativas, productos b\u00e1sicos, etc.) o estrategias discutidas son adecuadas para sus necesidades. Tambi\u00e9n debe considerar los objetivos, riesgos, cargos y gastos asociados con un servicio de inversi\u00f3n, producto o estrategia antes de tomar una decisi\u00f3n de inversi\u00f3n. Para esta informaci\u00f3n m\u00e1s completa, incluida la discusi\u00f3n de sus objetivos\/situaci\u00f3n, comun\u00edquese con su equipo familiar Etherous Family.<\/p>\n<!-- \/wp:paragraph --><\/div>","protected":false},"excerpt":{"rendered":"<p>Servicios de banca privada No importa cu\u00e1n complejo sea su imagen financiera, tiene un equipo con el conocimiento y la experiencia que necesita. Banca privada que es poderosa, pero tambi\u00e9n personal. Banca construida sobre una base s\u00f3lida Al aprovechar nuestros recursos y capacidades globales, as\u00ed como m\u00e1s de 200 a\u00f1os de conocimiento acumulado, podemos proporcionar una poderosa experiencia bancaria que lo ayude a aprovechar las oportunidades para alcanzar sus objetivos de riqueza. La banca privada en la familia Etherous es una experiencia diferenciada Nuestra fuerza y \u200b\u200bestabilidad Estamos bien posicionados para la volatilidad del clima y ayudamos a protegerlo. Nuestro balance de fortaleza y una inversi\u00f3n anual de $ 700 millones en ciberseguridad pueden ayudarlo a confiar su riqueza con confianza. Un alcance global Nuestra vasta red de sucursales de la organizaci\u00f3n y socios et\u00e9ricos y nuestra plataforma digital general mejor clasificada le permiten bandear desde cualquier lugar del mundo, en cualquier momento. Consejos hol\u00edsticos y personalizados Una visi\u00f3n completa de su balance, sin importar cu\u00e1n complejo, permite que nuestros equipos de servicio familiar dedicados a Etherous Family sean proactivos y se cuestionan mejor. Servicios bancarios Cuando se re\u00fane con nosotros, obtiene acceso a un conjunto completo de ofertas que&#8230;<\/p>\n","protected":false},"author":2,"featured_media":0,"parent":0,"menu_order":0,"comment_status":"closed","ping_status":"closed","template":"","meta":{"inline_featured_image":false,"footnotes":""},"class_list":["post-510","page","type-page","status-publish","hentry"],"yoast_head":"<!-- This site is optimized with the Yoast SEO plugin v25.2 - https:\/\/yoast.com\/wordpress\/plugins\/seo\/ -->\n<title>OVERVIEW - THE ETHERIOUS FAMILY<\/title>\n<meta name=\"robots\" content=\"index, follow, max-snippet:-1, max-image-preview:large, max-video-preview:-1\" \/>\n<link rel=\"canonical\" href=\"https:\/\/etherious.com\/es\/private-banking-services-2\/\" \/>\n<meta property=\"og:locale\" content=\"en_US\" \/>\n<meta property=\"og:type\" content=\"article\" \/>\n<meta property=\"og:title\" content=\"OVERVIEW - THE ETHERIOUS FAMILY\" \/>\n<meta property=\"og:description\" content=\"Servicios de banca privada No importa cu\u00e1n complejo sea su imagen financiera, tiene un equipo con el conocimiento y la experiencia que necesita. Banca privada que es poderosa, pero tambi\u00e9n personal. Banca construida sobre una base s\u00f3lida Al aprovechar nuestros recursos y capacidades globales, as\u00ed como m\u00e1s de 200 a\u00f1os de conocimiento acumulado, podemos proporcionar una poderosa experiencia bancaria que lo ayude a aprovechar las oportunidades para alcanzar sus objetivos de riqueza. La banca privada en la familia Etherous es una experiencia diferenciada Nuestra fuerza y \u200b\u200bestabilidad Estamos bien posicionados para la volatilidad del clima y ayudamos a protegerlo. Nuestro balance de fortaleza y una inversi\u00f3n anual de $ 700 millones en ciberseguridad pueden ayudarlo a confiar su riqueza con confianza. Un alcance global Nuestra vasta red de sucursales de la organizaci\u00f3n y socios et\u00e9ricos y nuestra plataforma digital general mejor clasificada le permiten bandear desde cualquier lugar del mundo, en cualquier momento. Consejos hol\u00edsticos y personalizados Una visi\u00f3n completa de su balance, sin importar cu\u00e1n complejo, permite que nuestros equipos de servicio familiar dedicados a Etherous Family sean proactivos y se cuestionan mejor. Servicios bancarios Cuando se re\u00fane con nosotros, obtiene acceso a un conjunto completo de ofertas que...\" \/>\n<meta property=\"og:url\" content=\"https:\/\/etherious.com\/private-banking-services-2\/\" \/>\n<meta property=\"og:site_name\" content=\"THE ETHERIOUS FAMILY\" \/>\n<meta property=\"article:modified_time\" content=\"2024-12-17T07:02:57+00:00\" \/>\n<meta property=\"og:image\" content=\"https:\/\/etherious.com\/wp-content\/uploads\/2024\/04\/Service-The-Etherious-Family-9.jpg\" \/>\n\t<meta property=\"og:image:width\" content=\"884\" \/>\n\t<meta property=\"og:image:height\" content=\"496\" \/>\n\t<meta property=\"og:image:type\" content=\"image\/jpeg\" \/>\n<meta name=\"twitter:card\" content=\"summary_large_image\" \/>\n<meta name=\"twitter:label1\" content=\"Est. reading time\" \/>\n\t<meta name=\"twitter:data1\" content=\"4 minutes\" \/>\n<script type=\"application\/ld+json\" class=\"yoast-schema-graph\">{\"@context\":\"https:\/\/schema.org\",\"@graph\":[{\"@type\":\"WebPage\",\"@id\":\"https:\/\/etherious.com\/private-banking-services-2\/\",\"url\":\"https:\/\/etherious.com\/private-banking-services-2\/\",\"name\":\"OVERVIEW - THE ETHERIOUS FAMILY\",\"isPartOf\":{\"@id\":\"https:\/\/etherious.com\/#website\"},\"primaryImageOfPage\":{\"@id\":\"https:\/\/etherious.com\/private-banking-services-2\/#primaryimage\"},\"image\":{\"@id\":\"https:\/\/etherious.com\/private-banking-services-2\/#primaryimage\"},\"thumbnailUrl\":\"https:\/\/etherious.com\/wp-content\/uploads\/2024\/04\/Service-The-Etherious-Family-9.jpg\",\"datePublished\":\"2024-05-09T18:50:51+00:00\",\"dateModified\":\"2024-12-17T07:02:57+00:00\",\"breadcrumb\":{\"@id\":\"https:\/\/etherious.com\/private-banking-services-2\/#breadcrumb\"},\"inLanguage\":\"en-US\",\"potentialAction\":[{\"@type\":\"ReadAction\",\"target\":[\"https:\/\/etherious.com\/private-banking-services-2\/\"]}]},{\"@type\":\"ImageObject\",\"inLanguage\":\"en-US\",\"@id\":\"https:\/\/etherious.com\/private-banking-services-2\/#primaryimage\",\"url\":\"https:\/\/etherious.com\/wp-content\/uploads\/2024\/04\/Service-The-Etherious-Family-9.jpg\",\"contentUrl\":\"https:\/\/etherious.com\/wp-content\/uploads\/2024\/04\/Service-The-Etherious-Family-9.jpg\"},{\"@type\":\"BreadcrumbList\",\"@id\":\"https:\/\/etherious.com\/private-banking-services-2\/#breadcrumb\",\"itemListElement\":[{\"@type\":\"ListItem\",\"position\":1,\"name\":\"Home\",\"item\":\"https:\/\/etherious.com\/home\/\"},{\"@type\":\"ListItem\",\"position\":2,\"name\":\"OVERVIEW\"}]},{\"@type\":\"WebSite\",\"@id\":\"https:\/\/etherious.com\/#website\",\"url\":\"https:\/\/etherious.com\/\",\"name\":\"THE ETHERIOUS FAMILY\",\"description\":\"\",\"potentialAction\":[{\"@type\":\"SearchAction\",\"target\":{\"@type\":\"EntryPoint\",\"urlTemplate\":\"https:\/\/etherious.com\/?s={search_term_string}\"},\"query-input\":{\"@type\":\"PropertyValueSpecification\",\"valueRequired\":true,\"valueName\":\"search_term_string\"}}],\"inLanguage\":\"en-US\"}]}<\/script>\n<!-- \/ Yoast SEO plugin. -->","yoast_head_json":{"title":"OVERVIEW - THE ETHERIOUS FAMILY","robots":{"index":"index","follow":"follow","max-snippet":"max-snippet:-1","max-image-preview":"max-image-preview:large","max-video-preview":"max-video-preview:-1"},"canonical":"https:\/\/etherious.com\/es\/private-banking-services-2\/","og_locale":"en_US","og_type":"article","og_title":"OVERVIEW - THE ETHERIOUS FAMILY","og_description":"Servicios de banca privada No importa cu\u00e1n complejo sea su imagen financiera, tiene un equipo con el conocimiento y la experiencia que necesita. Banca privada que es poderosa, pero tambi\u00e9n personal. Banca construida sobre una base s\u00f3lida Al aprovechar nuestros recursos y capacidades globales, as\u00ed como m\u00e1s de 200 a\u00f1os de conocimiento acumulado, podemos proporcionar una poderosa experiencia bancaria que lo ayude a aprovechar las oportunidades para alcanzar sus objetivos de riqueza. La banca privada en la familia Etherous es una experiencia diferenciada Nuestra fuerza y \u200b\u200bestabilidad Estamos bien posicionados para la volatilidad del clima y ayudamos a protegerlo. Nuestro balance de fortaleza y una inversi\u00f3n anual de $ 700 millones en ciberseguridad pueden ayudarlo a confiar su riqueza con confianza. Un alcance global Nuestra vasta red de sucursales de la organizaci\u00f3n y socios et\u00e9ricos y nuestra plataforma digital general mejor clasificada le permiten bandear desde cualquier lugar del mundo, en cualquier momento. Consejos hol\u00edsticos y personalizados Una visi\u00f3n completa de su balance, sin importar cu\u00e1n complejo, permite que nuestros equipos de servicio familiar dedicados a Etherous Family sean proactivos y se cuestionan mejor. Servicios bancarios Cuando se re\u00fane con nosotros, obtiene acceso a un conjunto completo de ofertas que...","og_url":"https:\/\/etherious.com\/private-banking-services-2\/","og_site_name":"THE ETHERIOUS FAMILY","article_modified_time":"2024-12-17T07:02:57+00:00","og_image":[{"width":884,"height":496,"url":"https:\/\/etherious.com\/wp-content\/uploads\/2024\/04\/Service-The-Etherious-Family-9.jpg","type":"image\/jpeg"}],"twitter_card":"summary_large_image","twitter_misc":{"Est. reading time":"4 minutes"},"schema":{"@context":"https:\/\/schema.org","@graph":[{"@type":"WebPage","@id":"https:\/\/etherious.com\/private-banking-services-2\/","url":"https:\/\/etherious.com\/private-banking-services-2\/","name":"OVERVIEW - THE ETHERIOUS FAMILY","isPartOf":{"@id":"https:\/\/etherious.com\/#website"},"primaryImageOfPage":{"@id":"https:\/\/etherious.com\/private-banking-services-2\/#primaryimage"},"image":{"@id":"https:\/\/etherious.com\/private-banking-services-2\/#primaryimage"},"thumbnailUrl":"https:\/\/etherious.com\/wp-content\/uploads\/2024\/04\/Service-The-Etherious-Family-9.jpg","datePublished":"2024-05-09T18:50:51+00:00","dateModified":"2024-12-17T07:02:57+00:00","breadcrumb":{"@id":"https:\/\/etherious.com\/private-banking-services-2\/#breadcrumb"},"inLanguage":"en-US","potentialAction":[{"@type":"ReadAction","target":["https:\/\/etherious.com\/private-banking-services-2\/"]}]},{"@type":"ImageObject","inLanguage":"en-US","@id":"https:\/\/etherious.com\/private-banking-services-2\/#primaryimage","url":"https:\/\/etherious.com\/wp-content\/uploads\/2024\/04\/Service-The-Etherious-Family-9.jpg","contentUrl":"https:\/\/etherious.com\/wp-content\/uploads\/2024\/04\/Service-The-Etherious-Family-9.jpg"},{"@type":"BreadcrumbList","@id":"https:\/\/etherious.com\/private-banking-services-2\/#breadcrumb","itemListElement":[{"@type":"ListItem","position":1,"name":"Home","item":"https:\/\/etherious.com\/home\/"},{"@type":"ListItem","position":2,"name":"OVERVIEW"}]},{"@type":"WebSite","@id":"https:\/\/etherious.com\/#website","url":"https:\/\/etherious.com\/","name":"THE ETHERIOUS FAMILY","description":"","potentialAction":[{"@type":"SearchAction","target":{"@type":"EntryPoint","urlTemplate":"https:\/\/etherious.com\/?s={search_term_string}"},"query-input":{"@type":"PropertyValueSpecification","valueRequired":true,"valueName":"search_term_string"}}],"inLanguage":"en-US"}]}},"_links":{"self":[{"href":"https:\/\/etherious.com\/es\/wp-json\/wp\/v2\/pages\/510","targetHints":{"allow":["GET"]}}],"collection":[{"href":"https:\/\/etherious.com\/es\/wp-json\/wp\/v2\/pages"}],"about":[{"href":"https:\/\/etherious.com\/es\/wp-json\/wp\/v2\/types\/page"}],"author":[{"embeddable":true,"href":"https:\/\/etherious.com\/es\/wp-json\/wp\/v2\/users\/2"}],"replies":[{"embeddable":true,"href":"https:\/\/etherious.com\/es\/wp-json\/wp\/v2\/comments?post=510"}],"version-history":[{"count":26,"href":"https:\/\/etherious.com\/es\/wp-json\/wp\/v2\/pages\/510\/revisions"}],"predecessor-version":[{"id":1453,"href":"https:\/\/etherious.com\/es\/wp-json\/wp\/v2\/pages\/510\/revisions\/1453"}],"wp:attachment":[{"href":"https:\/\/etherious.com\/es\/wp-json\/wp\/v2\/media?parent=510"}],"curies":[{"name":"wp","href":"https:\/\/api.w.org\/{rel}","templated":true}]}}