{"id":499,"date":"2024-05-09T07:55:48","date_gmt":"2024-05-09T07:55:48","guid":{"rendered":"https:\/\/etherious.com\/?page_id=499"},"modified":"2024-12-17T06:56:14","modified_gmt":"2024-12-17T06:56:14","slug":"trust-estate-planning","status":"publish","type":"page","link":"https:\/\/etherious.com\/es\/trust-estate-planning\/","title":{"rendered":"Planificaci\u00f3n de confianza y patrimonio"},"content":{"rendered":"<div class='content'><!-- wp:heading {\"level\":1,\"style\":{\"typography\":{\"fontSize\":\"45px\"}}} -->\n<h1 class=\"wp-block-heading\" style=\"font-size:45px\">Planificaci\u00f3n de confianza y patrimonio<\/h1>\n<!-- \/wp:heading -->\n\n<!-- wp:heading {\"textAlign\":\"right\",\"style\":{\"typography\":{\"fontSize\":\"30px\"}}} -->\n<h2 class=\"wp-block-heading has-text-align-right\" style=\"font-size:30px\">\u00bfQu\u00e9 ves como el prop\u00f3sito de tu riqueza en el futuro? Ya sea para su familia o seres queridos o por las causas que le importan, lo ayudaremos a optimizar su plan de riqueza en torno a lo que m\u00e1s le importa y garantizar que el legado que imagina se ejecuta correctamente.<\/h2>\n<!-- \/wp:heading -->\n\n<!-- wp:columns -->\n<div class=\"wp-block-columns\"><!-- wp:column -->\n<div class=\"wp-block-column\"><!-- wp:heading {\"style\":{\"typography\":{\"fontSize\":\"30px\"}}} -->\n<h2 class=\"wp-block-heading\" style=\"font-size:30px\">Un plan estructurado a su alrededor<\/h2>\n<!-- \/wp:heading -->\n\n<!-- wp:spacer -->\n<div style=\"height:100px\" aria-hidden=\"true\" class=\"wp-block-spacer\"><\/div>\n<!-- \/wp:spacer -->\n\n<!-- wp:paragraph {\"style\":{\"typography\":{\"fontSize\":\"20px\"}}} -->\n<p style=\"font-size:20px\">Una verdadera comprensi\u00f3n de usted, su familia y sus objetivos es la base sobre la que construimos relaciones duraderas. Como administrador o ejecutor, estamos aqu\u00ed para asegurar que se sigan sus deseos e intenciones, y para facilitar su vida en el camino. No importa la complejidad de sus activos, o cu\u00e1nto puedan cambiar sus necesidades, estamos con usted en cada paso, ofreciendo la experiencia y la flexibilidad que marcan la diferencia.<\/p>\n<!-- \/wp:paragraph --><\/div>\n<!-- \/wp:column -->\n\n<!-- wp:column -->\n<div class=\"wp-block-column\"><!-- wp:image {\"id\":168,\"sizeSlug\":\"full\",\"linkDestination\":\"none\"} -->\n<figure class=\"wp-block-image size-full\"><img src=\"https:\/\/etherious.com\/wp-content\/uploads\/2024\/03\/Service-The-Etherious-Family-4.jpg\" alt=\"\" class=\"wp-image-168\"><\/figure>\n<!-- \/wp:image --><\/div>\n<!-- \/wp:column --><\/div>\n<!-- \/wp:columns -->\n\n<!-- wp:spacer {\"height\":\"125px\"} -->\n<div style=\"height:125px\" aria-hidden=\"true\" class=\"wp-block-spacer\"><\/div>\n<!-- \/wp:spacer -->\n\n<!-- wp:heading {\"textAlign\":\"center\",\"style\":{\"typography\":{\"fontSize\":\"30px\"}}} -->\n<h2 class=\"wp-block-heading has-text-align-center\" style=\"font-size:30px\">Planificaci\u00f3n de patrimonio<\/h2>\n<!-- \/wp:heading -->\n\n<!-- wp:paragraph {\"align\":\"center\",\"style\":{\"typography\":{\"fontSize\":\"20px\"}}} -->\n<p class=\"has-text-align-center\" style=\"font-size:20px\">Nuestros especialistas comparten sus d\u00e9cadas de experiencia y perspectivas notables con usted y sus abogados para optimizar su proceso de planificaci\u00f3n patrimonial.<\/p>\n<!-- \/wp:paragraph -->\n\n<!-- wp:spacer {\"height\":\"50px\"} -->\n<div style=\"height:50px\" aria-hidden=\"true\" class=\"wp-block-spacer\"><\/div>\n<!-- \/wp:spacer -->\n\n<!-- wp:columns -->\n<div class=\"wp-block-columns\"><!-- wp:column -->\n<div class=\"wp-block-column\"><!-- wp:image {\"id\":375,\"sizeSlug\":\"full\",\"linkDestination\":\"none\"} -->\n<figure class=\"wp-block-image size-full\"><img src=\"https:\/\/etherious.com\/wp-content\/uploads\/2024\/04\/1Service-The-Etherious-Family.png\" alt=\"\" class=\"wp-image-375\"><\/figure>\n<!-- \/wp:image -->\n\n<!-- wp:heading {\"style\":{\"typography\":{\"fontSize\":\"30px\"}}} -->\n<h2 class=\"wp-block-heading\" style=\"font-size:30px\">Planificaci\u00f3n patrimonial<\/h2>\n<!-- \/wp:heading -->\n\n<!-- wp:paragraph {\"style\":{\"typography\":{\"fontSize\":\"20px\"}}} -->\n<p style=\"font-size:20px\">Cuando lo ayudamos a revisar su plan patrimonial, hacemos m\u00e1s que verificar las casillas. Le ayudamos a abordar las importantes preguntas de paneles generales para capacitarlo para crear e implementar una mejor planificaci\u00f3n patrimonial.<\/p>\n<!-- \/wp:paragraph --><\/div>\n<!-- \/wp:column -->\n\n<!-- wp:column -->\n<div class=\"wp-block-column\"><!-- wp:image {\"id\":379,\"sizeSlug\":\"full\",\"linkDestination\":\"none\"} -->\n<figure class=\"wp-block-image size-full\"><img src=\"https:\/\/etherious.com\/wp-content\/uploads\/2024\/04\/123-1.png\" alt=\"\" class=\"wp-image-379\"><\/figure>\n<!-- \/wp:image -->\n\n<!-- wp:heading {\"style\":{\"typography\":{\"fontSize\":\"30px\"}}} -->\n<h2 class=\"wp-block-heading\" style=\"font-size:30px\">Aviso de riqueza transfronteriza<\/h2>\n<!-- \/wp:heading -->\n\n<!-- wp:paragraph {\"style\":{\"typography\":{\"fontSize\":\"20px\"}}} -->\n<p style=\"font-size:20px\">Gestionar la riqueza es lo suficientemente dif\u00edcil. Gestionarlo en m\u00faltiples pa\u00edses, zonas horarias y c\u00f3digos fiscales es a\u00fan m\u00e1s. Brindamos servicios integrales de gesti\u00f3n de patrimonio para aquellos con vidas internacionales o familias.<\/p>\n<!-- \/wp:paragraph --><\/div>\n<!-- \/wp:column --><\/div>\n<!-- \/wp:columns -->\n\n<!-- wp:columns -->\n<div class=\"wp-block-columns\"><!-- wp:column -->\n<div class=\"wp-block-column\"><!-- wp:image {\"id\":377,\"sizeSlug\":\"full\",\"linkDestination\":\"none\"} -->\n<figure class=\"wp-block-image size-full\"><img src=\"https:\/\/etherious.com\/wp-content\/uploads\/2024\/04\/23-2.png\" alt=\"\" class=\"wp-image-377\"><\/figure>\n<!-- \/wp:image -->\n\n<!-- wp:heading {\"style\":{\"typography\":{\"fontSize\":\"30px\"}}} -->\n<h2 class=\"wp-block-heading\" style=\"font-size:30px\">Gesti\u00f3n de filantrop\u00eda y subvenci\u00f3n<\/h2>\n<!-- \/wp:heading -->\n\n<!-- wp:paragraph {\"style\":{\"typography\":{\"fontSize\":\"20px\"}}} -->\n<p style=\"font-size:20px\">Los clientes estadounidenses que buscan hacer que el trabajo de sus fundaciones privadas y los fideicomisos de caridad sean m\u00e1s efectivos pueden asociarse con nuestros especialistas profundamente experimentados.<\/p>\n<!-- \/wp:paragraph --><\/div>\n<!-- \/wp:column -->\n\n<!-- wp:column -->\n<div class=\"wp-block-column\"><\/div>\n<!-- \/wp:column --><\/div>\n<!-- \/wp:columns -->\n\n<!-- wp:spacer {\"height\":\"125px\"} -->\n<div style=\"height:125px\" aria-hidden=\"true\" class=\"wp-block-spacer\"><\/div>\n<!-- \/wp:spacer -->\n\n<!-- wp:heading {\"textAlign\":\"center\",\"style\":{\"typography\":{\"fontSize\":\"30px\"}}} -->\n<h2 class=\"wp-block-heading has-text-align-center\" style=\"font-size:30px\">Administraci\u00f3n de Fideicomisos y Estate<\/h2>\n<!-- \/wp:heading -->\n\n<!-- wp:paragraph {\"align\":\"center\",\"style\":{\"typography\":{\"fontSize\":\"20px\"}}} -->\n<p class=\"has-text-align-center\" style=\"font-size:20px\">Es probable que su confianza sea una parte importante de su plan de riqueza, y es posible que desee asegurarse de que sus planes se lleven a cabo seg\u00fan lo previsto. Como su administrador o ejecutor corporativo, podemos ayudarlo a administrar y preservar sus activos a trav\u00e9s de una variedad de servicios administrativos y de distribuci\u00f3n.<\/p>\n<!-- \/wp:paragraph -->\n\n<!-- wp:spacer {\"height\":\"50px\"} -->\n<div style=\"height:50px\" aria-hidden=\"true\" class=\"wp-block-spacer\"><\/div>\n<!-- \/wp:spacer -->\n\n<!-- wp:columns -->\n<div class=\"wp-block-columns\"><!-- wp:column -->\n<div class=\"wp-block-column\"><!-- wp:image {\"id\":384,\"sizeSlug\":\"full\",\"linkDestination\":\"none\"} -->\n<figure class=\"wp-block-image size-full\"><img src=\"https:\/\/etherious.com\/wp-content\/uploads\/2024\/04\/24-2.png\" alt=\"\" class=\"wp-image-384\"><\/figure>\n<!-- \/wp:image -->\n\n<!-- wp:heading {\"style\":{\"typography\":{\"fontSize\":\"30px\"}}} -->\n<h2 class=\"wp-block-heading\" style=\"font-size:30px\">Servicios de confianza de EE. UU.<\/h2>\n<!-- \/wp:heading -->\n\n<!-- wp:paragraph {\"style\":{\"typography\":{\"fontSize\":\"20px\"}}} -->\n<p style=\"font-size:20px\">Un administrador confiable y experimentado es crucial para garantizar que se realicen sus deseos, sin importar cu\u00e1n complejas sean sus necesidades. Con nuestro equipo de profesionales experimentados, creemos que encontrar\u00e1 el fiduciario y el gerente de activos que est\u00e1 buscando<\/p>\n<!-- \/wp:paragraph --><\/div>\n<!-- \/wp:column -->\n\n<!-- wp:column -->\n<div class=\"wp-block-column\"><!-- wp:image {\"id\":383,\"sizeSlug\":\"full\",\"linkDestination\":\"none\"} -->\n<figure class=\"wp-block-image size-full\"><img src=\"https:\/\/etherious.com\/wp-content\/uploads\/2024\/04\/26.png\" alt=\"\" class=\"wp-image-383\"><\/figure>\n<!-- \/wp:image -->\n\n<!-- wp:heading {\"style\":{\"typography\":{\"fontSize\":\"30px\"}}} -->\n<h2 class=\"wp-block-heading\" style=\"font-size:30px\">Servicios inmobiliarios de EE. UU.<\/h2>\n<!-- \/wp:heading -->\n\n<!-- wp:paragraph {\"style\":{\"typography\":{\"fontSize\":\"20px\"}}} -->\n<p style=\"font-size:20px\">Elegir el ejecutor adecuado, y el equipo adecuado de profesionales de apoyo, puede ayudar a marcar una diferencia significativa en la facilidad y eficiente que sus seres queridos recibir\u00e1n sus herencias. Y qu\u00e9 tan bien se llevan a cabo sus planes<\/p>\n<!-- \/wp:paragraph --><\/div>\n<!-- \/wp:column --><\/div>\n<!-- \/wp:columns -->\n\n<!-- wp:columns -->\n<div class=\"wp-block-columns\"><!-- wp:column -->\n<div class=\"wp-block-column\"><!-- wp:image {\"id\":382,\"sizeSlug\":\"full\",\"linkDestination\":\"none\"} -->\n<figure class=\"wp-block-image size-full\"><img src=\"https:\/\/etherious.com\/wp-content\/uploads\/2024\/04\/28.png\" alt=\"\" class=\"wp-image-382\"><\/figure>\n<!-- \/wp:image -->\n\n<!-- wp:heading {\"style\":{\"typography\":{\"fontSize\":\"30px\"}}} -->\n<h2 class=\"wp-block-heading\" style=\"font-size:30px\">Servicios de confianza internacional<\/h2>\n<!-- \/wp:heading -->\n\n<!-- wp:paragraph {\"style\":{\"typography\":{\"fontSize\":\"20px\"}}} -->\n<p style=\"font-size:20px\">Con una huella global y beneficiarios en m\u00e1s de 90 pa\u00edses, podemos proporcionar nuestros servicios de confianza internacional para clientes fuera de los Estados Unidos. Podemos ayudarlo a aprovechar los beneficios proporcionados por estas jurisdicciones y cumplir con todos los requisitos de su pa\u00eds de origen<\/p>\n<!-- \/wp:paragraph --><\/div>\n<!-- \/wp:column -->\n\n<!-- wp:column -->\n<div class=\"wp-block-column\"><!-- wp:image {\"id\":386,\"sizeSlug\":\"full\",\"linkDestination\":\"none\"} -->\n<figure class=\"wp-block-image size-full\"><img src=\"https:\/\/etherious.com\/wp-content\/uploads\/2024\/04\/78.png\" alt=\"\" class=\"wp-image-386\"><\/figure>\n<!-- \/wp:image -->\n\n<!-- wp:heading {\"style\":{\"typography\":{\"fontSize\":\"30px\"}}} -->\n<h2 class=\"wp-block-heading\" style=\"font-size:30px\">Servicios de fideicomiso de Delaware<\/h2>\n<!-- \/wp:heading -->\n\n<!-- wp:paragraph {\"style\":{\"typography\":{\"fontSize\":\"20px\"}}} -->\n<p style=\"font-size:20px\">Nuestro equipo de administraci\u00f3n de Delaware Trust est\u00e1 impulsado por casi 60 especialistas en el terreno que entienden los matices de la ley de confianza local<\/p>\n<!-- \/wp:paragraph --><\/div>\n<!-- \/wp:column --><\/div>\n<!-- \/wp:columns -->\n\n<!-- wp:columns -->\n<div class=\"wp-block-columns\"><!-- wp:column -->\n<div class=\"wp-block-column\"><!-- wp:image {\"id\":385,\"sizeSlug\":\"full\",\"linkDestination\":\"none\"} -->\n<figure class=\"wp-block-image size-full\"><img src=\"https:\/\/etherious.com\/wp-content\/uploads\/2024\/04\/79.png\" alt=\"\" class=\"wp-image-385\"><\/figure>\n<!-- \/wp:image -->\n\n<!-- wp:heading {\"style\":{\"typography\":{\"fontSize\":\"30px\"}}} -->\n<h2 class=\"wp-block-heading\" style=\"font-size:30px\">Gesti\u00f3n de activos especializados<\/h2>\n<!-- \/wp:heading -->\n\n<!-- wp:paragraph {\"style\":{\"typography\":{\"fontSize\":\"20px\"}}} -->\n<p style=\"font-size:20px\">Nuestros equipos de activos especializados ayudan a administrar las operaciones diarias y preservar el valor a largo plazo de los activos no financieros en su fideicomiso o patrimonio<\/p>\n<!-- \/wp:paragraph --><\/div>\n<!-- \/wp:column -->\n\n<!-- wp:column -->\n<div class=\"wp-block-column\"><\/div>\n<!-- \/wp:column --><\/div>\n<!-- \/wp:columns -->\n\n<!-- wp:spacer {\"height\":\"97px\"} -->\n<div style=\"height:97px\" aria-hidden=\"true\" class=\"wp-block-spacer\"><\/div>\n<!-- \/wp:spacer -->\n\n<!-- wp:heading {\"level\":3,\"style\":{\"typography\":{\"fontSize\":\"15px\"}}} -->\n<h3 class=\"wp-block-heading\" style=\"font-size:15px\">Informaci\u00f3n importante<\/h3>\n<!-- \/wp:heading -->\n\n<!-- wp:paragraph {\"fontSize\":\"small\"} -->\n<p class=\"has-small-font-size\">Este material es solo para fines de informaci\u00f3n, y puede informarle sobre ciertos productos y servicios ofrecidos por empresas de banca privada, parte de la organizaci\u00f3n et\u00e9rica. Los productos y servicios descritos, as\u00ed como las tarifas, los cargos y las tasas de inter\u00e9s asociados, est\u00e1n sujetos a cambios de acuerdo con los acuerdos de cuenta aplicables y pueden diferir entre las ubicaciones geogr\u00e1ficas. No todos los productos y servicios se ofrecen en todas las ubicaciones. Si usted es una persona con discapacidad y necesita apoyo adicional para acceder a este material, comun\u00edquese con su equipo familiar Etherous Family o env\u00edenos un correo electr\u00f3nico a .etious.family@etherious.org para obtener ayuda. Lea toda la informaci\u00f3n importante.<\/p>\n<!-- \/wp:paragraph -->\n\n<!-- wp:heading {\"level\":3,\"style\":{\"typography\":{\"fontSize\":\"15px\"}}} -->\n<h3 class=\"wp-block-heading\" style=\"font-size:15px\">Riesgos y consideraciones generales<\/h3>\n<!-- \/wp:heading -->\n\n<!-- wp:paragraph {\"fontSize\":\"small\"} -->\n<p class=\"has-small-font-size\">Cualquier opini\u00f3n, estrategia o producto discutido en este material puede no ser apropiado para todas las personas y est\u00e1 sujeto a riesgos. Los inversores pueden recuperar menos de lo que invirtieron, y el rendimiento pasado no es un indicador confiable de resultados futuros. La asignaci\u00f3n\/diversificaci\u00f3n de activos no garantiza una ganancia ni protege contra la p\u00e9rdida. No se debe confiar nada en este material de forma aislada con el fin de tomar una decisi\u00f3n de inversi\u00f3n. Se le insta a considerar cuidadosamente si los servicios, productos, clases de activos (por ejemplo, acciones, ingresos fijos, inversiones alternativas, productos b\u00e1sicos, etc.) o estrategias discutidas son adecuadas para sus necesidades. Tambi\u00e9n debe considerar los objetivos, riesgos, cargos y gastos asociados con un servicio de inversi\u00f3n, producto o estrategia antes de tomar una decisi\u00f3n de inversi\u00f3n. Para esta informaci\u00f3n m\u00e1s completa, incluida la discusi\u00f3n de sus objetivos\/situaci\u00f3n, comun\u00edquese con su equipo familiar Etherous Family.<\/p>\n<!-- \/wp:paragraph --><\/div>","protected":false},"excerpt":{"rendered":"<p>Planificaci\u00f3n de confianza y patrimonio \u00bfQu\u00e9 ves como el prop\u00f3sito de tu riqueza en el futuro? Ya sea para su familia o seres queridos o por las causas que le importan, lo ayudaremos a optimizar su plan de riqueza en torno a lo que m\u00e1s le importa y garantizar que el legado que imagina se ejecuta correctamente. Un plan estructurado a su alrededor Una verdadera comprensi\u00f3n de usted, su familia y sus objetivos es la base sobre la que construimos relaciones duraderas. Como administrador o ejecutor, estamos aqu\u00ed para asegurar que se sigan sus deseos e intenciones, y para facilitar su vida en el camino. No importa la complejidad de sus activos, o cu\u00e1nto puedan cambiar sus necesidades, estamos con usted en cada paso, ofreciendo la experiencia y la flexibilidad que marcan la diferencia. Planificaci\u00f3n de patrimonio Nuestros especialistas comparten sus d\u00e9cadas de experiencia y perspectivas notables con usted y sus abogados para optimizar su proceso de planificaci\u00f3n patrimonial. Planificaci\u00f3n patrimonial Cuando lo ayudamos a revisar su plan patrimonial, hacemos m\u00e1s que verificar las casillas. Le ayudamos a abordar las importantes preguntas de paneles generales para capacitarlo para crear e implementar una mejor planificaci\u00f3n patrimonial. Aviso de riqueza transfronteriza Gestionar&#8230;<\/p>\n","protected":false},"author":1,"featured_media":0,"parent":0,"menu_order":0,"comment_status":"closed","ping_status":"closed","template":"","meta":{"inline_featured_image":false,"footnotes":""},"class_list":["post-499","page","type-page","status-publish","hentry"],"yoast_head":"<!-- This site is optimized with the Yoast SEO plugin v25.2 - https:\/\/yoast.com\/wordpress\/plugins\/seo\/ -->\n<title>Trust &amp; Estate Planning - THE ETHERIOUS FAMILY<\/title>\n<meta name=\"robots\" content=\"index, follow, max-snippet:-1, max-image-preview:large, max-video-preview:-1\" \/>\n<link rel=\"canonical\" href=\"https:\/\/etherious.com\/es\/trust-estate-planning\/\" \/>\n<meta property=\"og:locale\" content=\"en_US\" \/>\n<meta property=\"og:type\" content=\"article\" \/>\n<meta property=\"og:title\" content=\"Trust &amp; Estate Planning - THE ETHERIOUS FAMILY\" \/>\n<meta property=\"og:description\" content=\"Planificaci\u00f3n de confianza y patrimonio \u00bfQu\u00e9 ves como el prop\u00f3sito de tu riqueza en el futuro? Ya sea para su familia o seres queridos o por las causas que le importan, lo ayudaremos a optimizar su plan de riqueza en torno a lo que m\u00e1s le importa y garantizar que el legado que imagina se ejecuta correctamente. Un plan estructurado a su alrededor Una verdadera comprensi\u00f3n de usted, su familia y sus objetivos es la base sobre la que construimos relaciones duraderas. Como administrador o ejecutor, estamos aqu\u00ed para asegurar que se sigan sus deseos e intenciones, y para facilitar su vida en el camino. No importa la complejidad de sus activos, o cu\u00e1nto puedan cambiar sus necesidades, estamos con usted en cada paso, ofreciendo la experiencia y la flexibilidad que marcan la diferencia. Planificaci\u00f3n de patrimonio Nuestros especialistas comparten sus d\u00e9cadas de experiencia y perspectivas notables con usted y sus abogados para optimizar su proceso de planificaci\u00f3n patrimonial. Planificaci\u00f3n patrimonial Cuando lo ayudamos a revisar su plan patrimonial, hacemos m\u00e1s que verificar las casillas. Le ayudamos a abordar las importantes preguntas de paneles generales para capacitarlo para crear e implementar una mejor planificaci\u00f3n patrimonial. Aviso de riqueza transfronteriza Gestionar...\" \/>\n<meta property=\"og:url\" content=\"https:\/\/etherious.com\/trust-estate-planning\/\" \/>\n<meta property=\"og:site_name\" content=\"THE ETHERIOUS FAMILY\" \/>\n<meta property=\"article:modified_time\" content=\"2024-12-17T06:56:14+00:00\" \/>\n<meta property=\"og:image\" content=\"https:\/\/etherious.com\/wp-content\/uploads\/2024\/03\/Service-The-Etherious-Family-4.jpg\" \/>\n\t<meta property=\"og:image:width\" content=\"839\" \/>\n\t<meta property=\"og:image:height\" content=\"1007\" \/>\n\t<meta property=\"og:image:type\" content=\"image\/jpeg\" \/>\n<meta name=\"twitter:card\" content=\"summary_large_image\" \/>\n<meta name=\"twitter:label1\" content=\"Est. reading time\" \/>\n\t<meta name=\"twitter:data1\" content=\"5 minutes\" \/>\n<script type=\"application\/ld+json\" class=\"yoast-schema-graph\">{\"@context\":\"https:\/\/schema.org\",\"@graph\":[{\"@type\":\"WebPage\",\"@id\":\"https:\/\/etherious.com\/trust-estate-planning\/\",\"url\":\"https:\/\/etherious.com\/trust-estate-planning\/\",\"name\":\"Trust &amp; Estate Planning - THE ETHERIOUS FAMILY\",\"isPartOf\":{\"@id\":\"https:\/\/etherious.com\/#website\"},\"primaryImageOfPage\":{\"@id\":\"https:\/\/etherious.com\/trust-estate-planning\/#primaryimage\"},\"image\":{\"@id\":\"https:\/\/etherious.com\/trust-estate-planning\/#primaryimage\"},\"thumbnailUrl\":\"https:\/\/etherious.com\/wp-content\/uploads\/2024\/03\/Service-The-Etherious-Family-4.jpg\",\"datePublished\":\"2024-05-09T07:55:48+00:00\",\"dateModified\":\"2024-12-17T06:56:14+00:00\",\"breadcrumb\":{\"@id\":\"https:\/\/etherious.com\/trust-estate-planning\/#breadcrumb\"},\"inLanguage\":\"en-US\",\"potentialAction\":[{\"@type\":\"ReadAction\",\"target\":[\"https:\/\/etherious.com\/trust-estate-planning\/\"]}]},{\"@type\":\"ImageObject\",\"inLanguage\":\"en-US\",\"@id\":\"https:\/\/etherious.com\/trust-estate-planning\/#primaryimage\",\"url\":\"https:\/\/etherious.com\/wp-content\/uploads\/2024\/03\/Service-The-Etherious-Family-4.jpg\",\"contentUrl\":\"https:\/\/etherious.com\/wp-content\/uploads\/2024\/03\/Service-The-Etherious-Family-4.jpg\"},{\"@type\":\"BreadcrumbList\",\"@id\":\"https:\/\/etherious.com\/trust-estate-planning\/#breadcrumb\",\"itemListElement\":[{\"@type\":\"ListItem\",\"position\":1,\"name\":\"Home\",\"item\":\"https:\/\/etherious.com\/home\/\"},{\"@type\":\"ListItem\",\"position\":2,\"name\":\"Trust &amp; Estate Planning\"}]},{\"@type\":\"WebSite\",\"@id\":\"https:\/\/etherious.com\/#website\",\"url\":\"https:\/\/etherious.com\/\",\"name\":\"THE ETHERIOUS FAMILY\",\"description\":\"\",\"potentialAction\":[{\"@type\":\"SearchAction\",\"target\":{\"@type\":\"EntryPoint\",\"urlTemplate\":\"https:\/\/etherious.com\/?s={search_term_string}\"},\"query-input\":{\"@type\":\"PropertyValueSpecification\",\"valueRequired\":true,\"valueName\":\"search_term_string\"}}],\"inLanguage\":\"en-US\"}]}<\/script>\n<!-- \/ Yoast SEO plugin. -->","yoast_head_json":{"title":"Trust &amp; Estate Planning - THE ETHERIOUS FAMILY","robots":{"index":"index","follow":"follow","max-snippet":"max-snippet:-1","max-image-preview":"max-image-preview:large","max-video-preview":"max-video-preview:-1"},"canonical":"https:\/\/etherious.com\/es\/trust-estate-planning\/","og_locale":"en_US","og_type":"article","og_title":"Trust &amp; Estate Planning - THE ETHERIOUS FAMILY","og_description":"Planificaci\u00f3n de confianza y patrimonio \u00bfQu\u00e9 ves como el prop\u00f3sito de tu riqueza en el futuro? Ya sea para su familia o seres queridos o por las causas que le importan, lo ayudaremos a optimizar su plan de riqueza en torno a lo que m\u00e1s le importa y garantizar que el legado que imagina se ejecuta correctamente. Un plan estructurado a su alrededor Una verdadera comprensi\u00f3n de usted, su familia y sus objetivos es la base sobre la que construimos relaciones duraderas. Como administrador o ejecutor, estamos aqu\u00ed para asegurar que se sigan sus deseos e intenciones, y para facilitar su vida en el camino. No importa la complejidad de sus activos, o cu\u00e1nto puedan cambiar sus necesidades, estamos con usted en cada paso, ofreciendo la experiencia y la flexibilidad que marcan la diferencia. Planificaci\u00f3n de patrimonio Nuestros especialistas comparten sus d\u00e9cadas de experiencia y perspectivas notables con usted y sus abogados para optimizar su proceso de planificaci\u00f3n patrimonial. Planificaci\u00f3n patrimonial Cuando lo ayudamos a revisar su plan patrimonial, hacemos m\u00e1s que verificar las casillas. Le ayudamos a abordar las importantes preguntas de paneles generales para capacitarlo para crear e implementar una mejor planificaci\u00f3n patrimonial. Aviso de riqueza transfronteriza Gestionar...","og_url":"https:\/\/etherious.com\/trust-estate-planning\/","og_site_name":"THE ETHERIOUS FAMILY","article_modified_time":"2024-12-17T06:56:14+00:00","og_image":[{"width":839,"height":1007,"url":"https:\/\/etherious.com\/wp-content\/uploads\/2024\/03\/Service-The-Etherious-Family-4.jpg","type":"image\/jpeg"}],"twitter_card":"summary_large_image","twitter_misc":{"Est. reading time":"5 minutes"},"schema":{"@context":"https:\/\/schema.org","@graph":[{"@type":"WebPage","@id":"https:\/\/etherious.com\/trust-estate-planning\/","url":"https:\/\/etherious.com\/trust-estate-planning\/","name":"Trust &amp; Estate Planning - THE ETHERIOUS FAMILY","isPartOf":{"@id":"https:\/\/etherious.com\/#website"},"primaryImageOfPage":{"@id":"https:\/\/etherious.com\/trust-estate-planning\/#primaryimage"},"image":{"@id":"https:\/\/etherious.com\/trust-estate-planning\/#primaryimage"},"thumbnailUrl":"https:\/\/etherious.com\/wp-content\/uploads\/2024\/03\/Service-The-Etherious-Family-4.jpg","datePublished":"2024-05-09T07:55:48+00:00","dateModified":"2024-12-17T06:56:14+00:00","breadcrumb":{"@id":"https:\/\/etherious.com\/trust-estate-planning\/#breadcrumb"},"inLanguage":"en-US","potentialAction":[{"@type":"ReadAction","target":["https:\/\/etherious.com\/trust-estate-planning\/"]}]},{"@type":"ImageObject","inLanguage":"en-US","@id":"https:\/\/etherious.com\/trust-estate-planning\/#primaryimage","url":"https:\/\/etherious.com\/wp-content\/uploads\/2024\/03\/Service-The-Etherious-Family-4.jpg","contentUrl":"https:\/\/etherious.com\/wp-content\/uploads\/2024\/03\/Service-The-Etherious-Family-4.jpg"},{"@type":"BreadcrumbList","@id":"https:\/\/etherious.com\/trust-estate-planning\/#breadcrumb","itemListElement":[{"@type":"ListItem","position":1,"name":"Home","item":"https:\/\/etherious.com\/home\/"},{"@type":"ListItem","position":2,"name":"Trust &amp; Estate Planning"}]},{"@type":"WebSite","@id":"https:\/\/etherious.com\/#website","url":"https:\/\/etherious.com\/","name":"THE ETHERIOUS FAMILY","description":"","potentialAction":[{"@type":"SearchAction","target":{"@type":"EntryPoint","urlTemplate":"https:\/\/etherious.com\/?s={search_term_string}"},"query-input":{"@type":"PropertyValueSpecification","valueRequired":true,"valueName":"search_term_string"}}],"inLanguage":"en-US"}]}},"_links":{"self":[{"href":"https:\/\/etherious.com\/es\/wp-json\/wp\/v2\/pages\/499","targetHints":{"allow":["GET"]}}],"collection":[{"href":"https:\/\/etherious.com\/es\/wp-json\/wp\/v2\/pages"}],"about":[{"href":"https:\/\/etherious.com\/es\/wp-json\/wp\/v2\/types\/page"}],"author":[{"embeddable":true,"href":"https:\/\/etherious.com\/es\/wp-json\/wp\/v2\/users\/1"}],"replies":[{"embeddable":true,"href":"https:\/\/etherious.com\/es\/wp-json\/wp\/v2\/comments?post=499"}],"version-history":[{"count":11,"href":"https:\/\/etherious.com\/es\/wp-json\/wp\/v2\/pages\/499\/revisions"}],"predecessor-version":[{"id":1435,"href":"https:\/\/etherious.com\/es\/wp-json\/wp\/v2\/pages\/499\/revisions\/1435"}],"wp:attachment":[{"href":"https:\/\/etherious.com\/es\/wp-json\/wp\/v2\/media?parent=499"}],"curies":[{"name":"wp","href":"https:\/\/api.w.org\/{rel}","templated":true}]}}