{"id":42,"date":"2024-03-15T05:27:05","date_gmt":"2024-03-15T05:27:05","guid":{"rendered":"https:\/\/etherious.com\/?page_id=42"},"modified":"2024-05-12T15:06:10","modified_gmt":"2024-05-12T15:06:10","slug":"client-complaints-procedure","status":"publish","type":"page","link":"https:\/\/etherious.com\/es\/client-complaints-procedure\/","title":{"rendered":"Quejas"},"content":{"rendered":"<div class='content'><!-- wp:heading {\"textAlign\":\"center\",\"level\":1,\"style\":{\"typography\":{\"fontSize\":\"40px\"}}} -->\n<h1 class=\"wp-block-heading has-text-align-center\" style=\"font-size:40px\">El procedimiento de quejas de los clientes familiares de Ethero<\/h1>\n<!-- \/wp:heading -->\n\n<!-- wp:spacer {\"height\":\"125px\"} -->\n<div style=\"height:125px\" aria-hidden=\"true\" class=\"wp-block-spacer\"><\/div>\n<!-- \/wp:spacer -->\n\n<!-- wp:paragraph {\"align\":\"center\",\"style\":{\"typography\":{\"fontSize\":\"20px\"}}} -->\n<p class=\"has-text-align-center\" style=\"font-size:20px\">La familia ethero se compromete a producir y entregar productos y servicios del m\u00e1s alto nivel, pero entendemos que a veces las cosas pueden salir mal. Si tiene una preocupaci\u00f3n o no est\u00e1 satisfecho de alguna manera, haremos todo lo posible para ayudar a resolver la situaci\u00f3n de manera justa y transparente.<\/p>\n<!-- \/wp:paragraph -->\n\n<!-- wp:spacer -->\n<div style=\"height:100px\" aria-hidden=\"true\" class=\"wp-block-spacer\"><\/div>\n<!-- \/wp:spacer -->\n\n<!-- wp:paragraph {\"align\":\"center\",\"style\":{\"typography\":{\"fontSize\":\"20px\"}}} -->\n<p class=\"has-text-align-center\" style=\"font-size:20px\">La familia Etherous investigar\u00e1 todas las quejas de manera competente, diligente e imparcial obtendr\u00e1 informaci\u00f3n adicional cuando sea necesario. Cada queja se evaluar\u00e1 de manera justa, consistente y de inmediato, teniendo en cuenta todos los factores relevantes para garantizar un resultado justo para usted.<\/p>\n<!-- \/wp:paragraph -->\n\n<!-- wp:spacer {\"height\":\"200px\"} -->\n<div style=\"height:200px\" aria-hidden=\"true\" class=\"wp-block-spacer\"><\/div>\n<!-- \/wp:spacer --><\/div>","protected":false},"excerpt":{"rendered":"<p>El procedimiento de quejas de los clientes familiares de Ethero La familia ethero se compromete a producir y entregar productos y servicios del m\u00e1s alto nivel, pero entendemos que a veces las cosas pueden salir mal. Si tiene una preocupaci\u00f3n o no est\u00e1 satisfecho de alguna manera, haremos todo lo posible para ayudar a resolver la situaci\u00f3n de manera justa y transparente. La familia Etherous investigar\u00e1 todas las quejas de manera competente, diligente e imparcial obtendr\u00e1 informaci\u00f3n adicional cuando sea necesario. Cada queja se evaluar\u00e1 de manera justa, consistente y de inmediato, teniendo en cuenta todos los factores relevantes para garantizar un resultado justo para usted.<\/p>\n","protected":false},"author":1,"featured_media":0,"parent":0,"menu_order":0,"comment_status":"closed","ping_status":"closed","template":"","meta":{"inline_featured_image":false,"footnotes":""},"class_list":["post-42","page","type-page","status-publish","hentry"],"yoast_head":"<!-- This site is optimized with the Yoast SEO plugin v25.2 - https:\/\/yoast.com\/wordpress\/plugins\/seo\/ -->\n<title>COMPLAINTS - THE ETHERIOUS FAMILY<\/title>\n<meta name=\"robots\" content=\"index, follow, max-snippet:-1, max-image-preview:large, max-video-preview:-1\" \/>\n<link rel=\"canonical\" href=\"https:\/\/etherious.com\/es\/client-complaints-procedure\/\" \/>\n<meta property=\"og:locale\" content=\"en_US\" \/>\n<meta property=\"og:type\" content=\"article\" \/>\n<meta property=\"og:title\" content=\"COMPLAINTS - THE ETHERIOUS FAMILY\" \/>\n<meta property=\"og:description\" content=\"El procedimiento de quejas de los clientes familiares de Ethero La familia ethero se compromete a producir y entregar productos y servicios del m\u00e1s alto nivel, pero entendemos que a veces las cosas pueden salir mal. Si tiene una preocupaci\u00f3n o no est\u00e1 satisfecho de alguna manera, haremos todo lo posible para ayudar a resolver la situaci\u00f3n de manera justa y transparente. La familia Etherous investigar\u00e1 todas las quejas de manera competente, diligente e imparcial obtendr\u00e1 informaci\u00f3n adicional cuando sea necesario. Cada queja se evaluar\u00e1 de manera justa, consistente y de inmediato, teniendo en cuenta todos los factores relevantes para garantizar un resultado justo para usted.\" \/>\n<meta property=\"og:url\" content=\"https:\/\/etherious.com\/client-complaints-procedure\/\" \/>\n<meta property=\"og:site_name\" content=\"THE ETHERIOUS FAMILY\" \/>\n<meta property=\"article:modified_time\" content=\"2024-05-12T15:06:10+00:00\" \/>\n<meta name=\"twitter:card\" content=\"summary_large_image\" \/>\n<meta name=\"twitter:label1\" content=\"Est. reading time\" \/>\n\t<meta name=\"twitter:data1\" content=\"1 minute\" \/>\n<script type=\"application\/ld+json\" class=\"yoast-schema-graph\">{\"@context\":\"https:\/\/schema.org\",\"@graph\":[{\"@type\":\"WebPage\",\"@id\":\"https:\/\/etherious.com\/client-complaints-procedure\/\",\"url\":\"https:\/\/etherious.com\/client-complaints-procedure\/\",\"name\":\"COMPLAINTS - THE ETHERIOUS FAMILY\",\"isPartOf\":{\"@id\":\"https:\/\/etherious.com\/#website\"},\"datePublished\":\"2024-03-15T05:27:05+00:00\",\"dateModified\":\"2024-05-12T15:06:10+00:00\",\"breadcrumb\":{\"@id\":\"https:\/\/etherious.com\/client-complaints-procedure\/#breadcrumb\"},\"inLanguage\":\"en-US\",\"potentialAction\":[{\"@type\":\"ReadAction\",\"target\":[\"https:\/\/etherious.com\/client-complaints-procedure\/\"]}]},{\"@type\":\"BreadcrumbList\",\"@id\":\"https:\/\/etherious.com\/client-complaints-procedure\/#breadcrumb\",\"itemListElement\":[{\"@type\":\"ListItem\",\"position\":1,\"name\":\"Home\",\"item\":\"https:\/\/etherious.com\/home\/\"},{\"@type\":\"ListItem\",\"position\":2,\"name\":\"COMPLAINTS\"}]},{\"@type\":\"WebSite\",\"@id\":\"https:\/\/etherious.com\/#website\",\"url\":\"https:\/\/etherious.com\/\",\"name\":\"THE ETHERIOUS FAMILY\",\"description\":\"\",\"potentialAction\":[{\"@type\":\"SearchAction\",\"target\":{\"@type\":\"EntryPoint\",\"urlTemplate\":\"https:\/\/etherious.com\/?s={search_term_string}\"},\"query-input\":{\"@type\":\"PropertyValueSpecification\",\"valueRequired\":true,\"valueName\":\"search_term_string\"}}],\"inLanguage\":\"en-US\"}]}<\/script>\n<!-- \/ Yoast SEO plugin. -->","yoast_head_json":{"title":"COMPLAINTS - THE ETHERIOUS FAMILY","robots":{"index":"index","follow":"follow","max-snippet":"max-snippet:-1","max-image-preview":"max-image-preview:large","max-video-preview":"max-video-preview:-1"},"canonical":"https:\/\/etherious.com\/es\/client-complaints-procedure\/","og_locale":"en_US","og_type":"article","og_title":"COMPLAINTS - THE ETHERIOUS FAMILY","og_description":"El procedimiento de quejas de los clientes familiares de Ethero La familia ethero se compromete a producir y entregar productos y servicios del m\u00e1s alto nivel, pero entendemos que a veces las cosas pueden salir mal. Si tiene una preocupaci\u00f3n o no est\u00e1 satisfecho de alguna manera, haremos todo lo posible para ayudar a resolver la situaci\u00f3n de manera justa y transparente. La familia Etherous investigar\u00e1 todas las quejas de manera competente, diligente e imparcial obtendr\u00e1 informaci\u00f3n adicional cuando sea necesario. Cada queja se evaluar\u00e1 de manera justa, consistente y de inmediato, teniendo en cuenta todos los factores relevantes para garantizar un resultado justo para usted.","og_url":"https:\/\/etherious.com\/client-complaints-procedure\/","og_site_name":"THE ETHERIOUS FAMILY","article_modified_time":"2024-05-12T15:06:10+00:00","twitter_card":"summary_large_image","twitter_misc":{"Est. reading time":"1 minute"},"schema":{"@context":"https:\/\/schema.org","@graph":[{"@type":"WebPage","@id":"https:\/\/etherious.com\/client-complaints-procedure\/","url":"https:\/\/etherious.com\/client-complaints-procedure\/","name":"COMPLAINTS - THE ETHERIOUS FAMILY","isPartOf":{"@id":"https:\/\/etherious.com\/#website"},"datePublished":"2024-03-15T05:27:05+00:00","dateModified":"2024-05-12T15:06:10+00:00","breadcrumb":{"@id":"https:\/\/etherious.com\/client-complaints-procedure\/#breadcrumb"},"inLanguage":"en-US","potentialAction":[{"@type":"ReadAction","target":["https:\/\/etherious.com\/client-complaints-procedure\/"]}]},{"@type":"BreadcrumbList","@id":"https:\/\/etherious.com\/client-complaints-procedure\/#breadcrumb","itemListElement":[{"@type":"ListItem","position":1,"name":"Home","item":"https:\/\/etherious.com\/home\/"},{"@type":"ListItem","position":2,"name":"COMPLAINTS"}]},{"@type":"WebSite","@id":"https:\/\/etherious.com\/#website","url":"https:\/\/etherious.com\/","name":"THE ETHERIOUS FAMILY","description":"","potentialAction":[{"@type":"SearchAction","target":{"@type":"EntryPoint","urlTemplate":"https:\/\/etherious.com\/?s={search_term_string}"},"query-input":{"@type":"PropertyValueSpecification","valueRequired":true,"valueName":"search_term_string"}}],"inLanguage":"en-US"}]}},"_links":{"self":[{"href":"https:\/\/etherious.com\/es\/wp-json\/wp\/v2\/pages\/42","targetHints":{"allow":["GET"]}}],"collection":[{"href":"https:\/\/etherious.com\/es\/wp-json\/wp\/v2\/pages"}],"about":[{"href":"https:\/\/etherious.com\/es\/wp-json\/wp\/v2\/types\/page"}],"author":[{"embeddable":true,"href":"https:\/\/etherious.com\/es\/wp-json\/wp\/v2\/users\/1"}],"replies":[{"embeddable":true,"href":"https:\/\/etherious.com\/es\/wp-json\/wp\/v2\/comments?post=42"}],"version-history":[{"count":12,"href":"https:\/\/etherious.com\/es\/wp-json\/wp\/v2\/pages\/42\/revisions"}],"predecessor-version":[{"id":699,"href":"https:\/\/etherious.com\/es\/wp-json\/wp\/v2\/pages\/42\/revisions\/699"}],"wp:attachment":[{"href":"https:\/\/etherious.com\/es\/wp-json\/wp\/v2\/media?parent=42"}],"curies":[{"name":"wp","href":"https:\/\/api.w.org\/{rel}","templated":true}]}}