{"id":1461,"date":"2024-12-17T07:24:36","date_gmt":"2024-12-17T07:24:36","guid":{"rendered":"https:\/\/etherious.com\/?page_id=1461"},"modified":"2024-12-17T08:26:28","modified_gmt":"2024-12-17T08:26:28","slug":"technical-details","status":"publish","type":"page","link":"https:\/\/etherious.com\/es\/technical-details\/","title":{"rendered":"Detalle t\u00e9cnico"},"content":{"rendered":"<div class='content'><!-- wp:heading -->\n<h2 class=\"wp-block-heading\">Especificaciones del motor<\/h2>\n<!-- \/wp:heading -->\n\n<!-- wp:table -->\n<figure class=\"wp-block-table\"><table class=\"has-fixed-layout\"><tbody><tr><td>Potencia continua m\u00e1xima<\/td><td>400 hp<\/td><\/tr><tr><td>Poder de despegue (5 minutos)<\/td><td>440 hp (hasta 10.000 pies, Isa +15 \u00b0 C)<\/td><\/tr><tr><td>Potencia de emergencia (30 a\u00f1os)<\/td><td>500 HP<\/td><\/tr><tr><td>Consumo de combustible (MCP)<\/td><td>35 galones estadounidenses por hora<\/td><\/tr><tr><td>Tipo de combustible<\/td><td>Jet A1 (alternativas que se anunciar\u00e1n pronto)<\/td><\/tr><tr><td>Velocidad de crucero<\/td><td>140 kts<\/td><\/tr><tr><td>Gama m\u00e1xima<\/td><td>700 nm<\/td><\/tr><tr><td>Tbo<\/td><td>5,000 horas o 20,000 ciclos, en condici\u00f3n<\/td><\/tr><tr><td>Control<\/td><td>Ether Fadec (canal dual, con reversi\u00f3n manual)<\/td><\/tr><tr><td>Gesti\u00f3n<\/td><td>Totalmente integrado con la cabina digital de \u00e9ter<\/td><\/tr><tr><td>Peso<\/td><td>100 kg \/ 220 libras<\/td><\/tr><tr><td>Carga \u00fatil<\/td><td>1760 libras<\/td><\/tr><\/tbody><\/table><\/figure>\n<!-- \/wp:table -->\n\n<!-- wp:paragraph -->\n<p><\/p>\n<!-- \/wp:paragraph --><\/div>","protected":false},"excerpt":{"rendered":"<p>Especificaciones del motor Potencia continua m\u00e1xima400 hpPoder de despegue (5 minutos)440 hp (hasta 10.000 pies, Isa +15 \u00b0 C)Potencia de emergencia (30 a\u00f1os)500 HPConsumo de combustible (MCP)35 galones estadounidenses por horaTipo de combustibleJet A1 (alternativas que se anunciar\u00e1n pronto)Velocidad de crucero140 ktsGama m\u00e1xima700 nmTbo5,000 horas o 20,000 ciclos, en condici\u00f3nControlEther Fadec (canal dual, con reversi\u00f3n manual)Gesti\u00f3nTotalmente integrado con la cabina digital de \u00e9terPeso100 kg \/ 220 librasCarga \u00fatil1760 libras<\/p>\n","protected":false},"author":1,"featured_media":0,"parent":0,"menu_order":0,"comment_status":"closed","ping_status":"closed","template":"","meta":{"inline_featured_image":false,"footnotes":""},"class_list":["post-1461","page","type-page","status-publish","hentry"],"yoast_head":"<!-- This site is optimized with the Yoast SEO plugin v25.2 - https:\/\/yoast.com\/wordpress\/plugins\/seo\/ -->\n<title>Technical Details - THE ETHERIOUS FAMILY<\/title>\n<meta name=\"robots\" content=\"index, follow, max-snippet:-1, max-image-preview:large, max-video-preview:-1\" \/>\n<link rel=\"canonical\" href=\"https:\/\/etherious.com\/es\/technical-details\/\" \/>\n<meta property=\"og:locale\" content=\"en_US\" \/>\n<meta property=\"og:type\" content=\"article\" \/>\n<meta property=\"og:title\" content=\"Technical Details - THE ETHERIOUS FAMILY\" \/>\n<meta property=\"og:description\" content=\"Especificaciones del motor Potencia continua m\u00e1xima400 hpPoder de despegue (5 minutos)440 hp (hasta 10.000 pies, Isa +15 \u00b0 C)Potencia de emergencia (30 a\u00f1os)500 HPConsumo de combustible (MCP)35 galones estadounidenses por horaTipo de combustibleJet A1 (alternativas que se anunciar\u00e1n pronto)Velocidad de crucero140 ktsGama m\u00e1xima700 nmTbo5,000 horas o 20,000 ciclos, en condici\u00f3nControlEther Fadec (canal dual, con reversi\u00f3n manual)Gesti\u00f3nTotalmente integrado con la cabina digital de \u00e9terPeso100 kg \/ 220 librasCarga \u00fatil1760 libras\" \/>\n<meta property=\"og:url\" content=\"https:\/\/etherious.com\/technical-details\/\" \/>\n<meta property=\"og:site_name\" content=\"THE ETHERIOUS FAMILY\" \/>\n<meta property=\"article:modified_time\" content=\"2024-12-17T08:26:28+00:00\" \/>\n<meta name=\"twitter:card\" content=\"summary_large_image\" \/>\n<meta name=\"twitter:label1\" content=\"Est. reading time\" \/>\n\t<meta name=\"twitter:data1\" content=\"1 minute\" \/>\n<script type=\"application\/ld+json\" class=\"yoast-schema-graph\">{\"@context\":\"https:\/\/schema.org\",\"@graph\":[{\"@type\":\"WebPage\",\"@id\":\"https:\/\/etherious.com\/technical-details\/\",\"url\":\"https:\/\/etherious.com\/technical-details\/\",\"name\":\"Technical Details - THE ETHERIOUS FAMILY\",\"isPartOf\":{\"@id\":\"https:\/\/etherious.com\/#website\"},\"datePublished\":\"2024-12-17T07:24:36+00:00\",\"dateModified\":\"2024-12-17T08:26:28+00:00\",\"breadcrumb\":{\"@id\":\"https:\/\/etherious.com\/technical-details\/#breadcrumb\"},\"inLanguage\":\"en-US\",\"potentialAction\":[{\"@type\":\"ReadAction\",\"target\":[\"https:\/\/etherious.com\/technical-details\/\"]}]},{\"@type\":\"BreadcrumbList\",\"@id\":\"https:\/\/etherious.com\/technical-details\/#breadcrumb\",\"itemListElement\":[{\"@type\":\"ListItem\",\"position\":1,\"name\":\"Home\",\"item\":\"https:\/\/etherious.com\/home\/\"},{\"@type\":\"ListItem\",\"position\":2,\"name\":\"Technical Details\"}]},{\"@type\":\"WebSite\",\"@id\":\"https:\/\/etherious.com\/#website\",\"url\":\"https:\/\/etherious.com\/\",\"name\":\"THE ETHERIOUS FAMILY\",\"description\":\"\",\"potentialAction\":[{\"@type\":\"SearchAction\",\"target\":{\"@type\":\"EntryPoint\",\"urlTemplate\":\"https:\/\/etherious.com\/?s={search_term_string}\"},\"query-input\":{\"@type\":\"PropertyValueSpecification\",\"valueRequired\":true,\"valueName\":\"search_term_string\"}}],\"inLanguage\":\"en-US\"}]}<\/script>\n<!-- \/ Yoast SEO plugin. -->","yoast_head_json":{"title":"Technical Details - THE ETHERIOUS FAMILY","robots":{"index":"index","follow":"follow","max-snippet":"max-snippet:-1","max-image-preview":"max-image-preview:large","max-video-preview":"max-video-preview:-1"},"canonical":"https:\/\/etherious.com\/es\/technical-details\/","og_locale":"en_US","og_type":"article","og_title":"Technical Details - THE ETHERIOUS FAMILY","og_description":"Especificaciones del motor Potencia continua m\u00e1xima400 hpPoder de despegue (5 minutos)440 hp (hasta 10.000 pies, Isa +15 \u00b0 C)Potencia de emergencia (30 a\u00f1os)500 HPConsumo de combustible (MCP)35 galones estadounidenses por horaTipo de combustibleJet A1 (alternativas que se anunciar\u00e1n pronto)Velocidad de crucero140 ktsGama m\u00e1xima700 nmTbo5,000 horas o 20,000 ciclos, en condici\u00f3nControlEther Fadec (canal dual, con reversi\u00f3n manual)Gesti\u00f3nTotalmente integrado con la cabina digital de \u00e9terPeso100 kg \/ 220 librasCarga \u00fatil1760 libras","og_url":"https:\/\/etherious.com\/technical-details\/","og_site_name":"THE ETHERIOUS FAMILY","article_modified_time":"2024-12-17T08:26:28+00:00","twitter_card":"summary_large_image","twitter_misc":{"Est. reading time":"1 minute"},"schema":{"@context":"https:\/\/schema.org","@graph":[{"@type":"WebPage","@id":"https:\/\/etherious.com\/technical-details\/","url":"https:\/\/etherious.com\/technical-details\/","name":"Technical Details - THE ETHERIOUS FAMILY","isPartOf":{"@id":"https:\/\/etherious.com\/#website"},"datePublished":"2024-12-17T07:24:36+00:00","dateModified":"2024-12-17T08:26:28+00:00","breadcrumb":{"@id":"https:\/\/etherious.com\/technical-details\/#breadcrumb"},"inLanguage":"en-US","potentialAction":[{"@type":"ReadAction","target":["https:\/\/etherious.com\/technical-details\/"]}]},{"@type":"BreadcrumbList","@id":"https:\/\/etherious.com\/technical-details\/#breadcrumb","itemListElement":[{"@type":"ListItem","position":1,"name":"Home","item":"https:\/\/etherious.com\/home\/"},{"@type":"ListItem","position":2,"name":"Technical Details"}]},{"@type":"WebSite","@id":"https:\/\/etherious.com\/#website","url":"https:\/\/etherious.com\/","name":"THE ETHERIOUS FAMILY","description":"","potentialAction":[{"@type":"SearchAction","target":{"@type":"EntryPoint","urlTemplate":"https:\/\/etherious.com\/?s={search_term_string}"},"query-input":{"@type":"PropertyValueSpecification","valueRequired":true,"valueName":"search_term_string"}}],"inLanguage":"en-US"}]}},"_links":{"self":[{"href":"https:\/\/etherious.com\/es\/wp-json\/wp\/v2\/pages\/1461","targetHints":{"allow":["GET"]}}],"collection":[{"href":"https:\/\/etherious.com\/es\/wp-json\/wp\/v2\/pages"}],"about":[{"href":"https:\/\/etherious.com\/es\/wp-json\/wp\/v2\/types\/page"}],"author":[{"embeddable":true,"href":"https:\/\/etherious.com\/es\/wp-json\/wp\/v2\/users\/1"}],"replies":[{"embeddable":true,"href":"https:\/\/etherious.com\/es\/wp-json\/wp\/v2\/comments?post=1461"}],"version-history":[{"count":2,"href":"https:\/\/etherious.com\/es\/wp-json\/wp\/v2\/pages\/1461\/revisions"}],"predecessor-version":[{"id":1465,"href":"https:\/\/etherious.com\/es\/wp-json\/wp\/v2\/pages\/1461\/revisions\/1465"}],"wp:attachment":[{"href":"https:\/\/etherious.com\/es\/wp-json\/wp\/v2\/media?parent=1461"}],"curies":[{"name":"wp","href":"https:\/\/api.w.org\/{rel}","templated":true}]}}